{"id":10262,"date":"2019-06-16T19:04:12","date_gmt":"2019-06-16T22:04:12","guid":{"rendered":"http:\/\/shiplife.org\/?page_id=10262"},"modified":"2020-11-03T22:49:18","modified_gmt":"2020-11-04T00:49:18","slug":"apps-for-seafarers","status":"publish","type":"page","link":"https:\/\/shiplife.org\/2020\/apps-for-seafarers\/?lang=pt-br","title":{"rendered":"Aplicativos para celular"},"content":{"rendered":"<p>[vc_row css=&#8221;.vc_custom_1558722540551{margin-top: 40px !important;}&#8221;][vc_column][vc_column_text]<\/p>\n<h1 style=\"text-align: left;\"><strong>Aplicativos para tripulantes<\/strong><\/h1>\n<p>&nbsp;[\/vc_column_text][vc_column_text css=&#8221;.vc_custom_1558722646572{margin-top: -30px !important;}&#8221;]Aplicativos para celular que todo tripulante deveria ter no bolso.[\/vc_column_text][vc_column_text css=&#8221;.vc_custom_1558722695989{margin-top: 50px !important;}&#8221;]<\/p>\n<p style=\"text-align: justify;\"><span style=\"font-size: 14pt;\">Hoje em dia a tecnologia \u00e9 incr\u00edvel, estamos acostumados a ter o mundo na palma das suas m\u00e3os. Ent\u00e3o, vamos listar aqui os melhores dos melhores aplicativos e melhorar nossa qualidade de vida a bordo, por que n\u00e3o? Nesta se\u00e7\u00e3o, abordaremos alguns aplicativos para o seu telefone que podem realmente fazer a diferen\u00e7a no seu contrato. A maioria deles \u00e9 gr\u00e1tis, outros n\u00e3o, e explicaremos por que voc\u00ea deve investir neles. Vamos come\u00e7ar:<\/span><\/p>\n<p>[\/vc_column_text][\/vc_column][\/vc_row][vc_row css=&#8221;.vc_custom_1558910223654{margin-bottom: 20px !important;}&#8221;][vc_column][vc_row_inner equal_height=&#8221;yes&#8221; css=&#8221;.vc_custom_1558724170696{padding-top: 20px !important;padding-right: 20px !important;padding-left: 20px !important;background-color: #e8f9f5 !important;}&#8221;][vc_column_inner width=&#8221;1\/4&#8243;][vc_single_image image=&#8221;9238&#8243; img_size=&#8221;full&#8221; alignment=&#8221;center&#8221;][\/vc_column_inner][vc_column_inner width=&#8221;3\/4&#8243;][vc_column_text css=&#8221;.vc_custom_1558724316008{padding-top: 10px !important;}&#8221;]<\/p>\n<h2><em>Google Maps<\/em><\/h2>\n<p style=\"text-align: justify;\"><span style=\"font-size: 14pt;\">Google Maps \u00e9 um aplicativo gratuito que mostra sua localiza\u00e7\u00e3o em tempo real, onde voc\u00ea pode pesquisar lojas e lugares e tamb\u00e9m obter rotas (extremamente \u00fatil para andar nos portos). Uma das melhores, se n\u00e3o a melhor, funcionalidade para os tripulantes \u00e9 a op\u00e7\u00e3o de baixar mapas offline personalizados que funcionam mesmo sem conex\u00e3o. Isso significa que voc\u00ea pode baixar locais ao longo do seu itiner\u00e1rio e o aplicativo funcionar\u00e1 nesses locais, o que \u00e9 extremamente \u00fatil ao explorar diferentes pontos tur\u00edsticos. Em uma nota lateral, a maioria das redes wifi a bordo permitem que o aplicativo funcione apenas por estar conectado ao wifi, o que \u00e9 \u00f3timo.<\/span><\/p>\n<p>[\/vc_column_text][\/vc_column_inner][\/vc_row_inner][\/vc_column][\/vc_row][vc_row css=&#8221;.vc_custom_1558910237987{margin-bottom: 20px !important;}&#8221;][vc_column][vc_row_inner equal_height=&#8221;yes&#8221; css=&#8221;.vc_custom_1558724170696{padding-top: 20px !important;padding-right: 20px !important;padding-left: 20px !important;background-color: #e8f9f5 !important;}&#8221;][vc_column_inner width=&#8221;1\/4&#8243;][vc_single_image image=&#8221;9241&#8243; img_size=&#8221;full&#8221; alignment=&#8221;center&#8221;][\/vc_column_inner][vc_column_inner width=&#8221;3\/4&#8243;][vc_column_text css=&#8221;.vc_custom_1558724292319{padding-top: 10px !important;}&#8221;]<\/p>\n<h2><em>Wifi Map PRO (4.99$)<\/em><\/h2>\n<p style=\"text-align: justify;\"><span style=\"font-size: 14pt;\">Esse \u00e9 realmente o melhor aplicativo para encontrar Wi-Fi, e o investimento em atualizar para a vers\u00e3o PRO realmente vale a pena. Al\u00e9m de permitir a visualiza\u00e7\u00e3o de senhas, ele se conecta automaticamente a novas redes e voc\u00ea pode ver e classificar as conex\u00f5es com base na dist\u00e2ncia ou na velocidade da banda. Ao criar uma conta, voc\u00ea pode compartilhar novas senhas e locais, fazer o download de cidades inteiras e o melhor \u00e9 que o aplicativo funciona integrado ao Google Maps, assim voc\u00ea pode encontrar os melhores lugares para se sentar e aproveitar um Wi-Fi gratuito ou n\u00e3o, afinal o aplicativo consegue buscar a senha at\u00e9 mesmo de residencias e com\u00e9rcios.<br \/>\n<\/span>[\/vc_column_text][\/vc_column_inner][\/vc_row_inner][\/vc_column][\/vc_row][vc_row css=&#8221;.vc_custom_1558910252093{margin-bottom: 20px !important;}&#8221;][vc_column][vc_row_inner equal_height=&#8221;yes&#8221; css=&#8221;.vc_custom_1558724170696{padding-top: 20px !important;padding-right: 20px !important;padding-left: 20px !important;background-color: #e8f9f5 !important;}&#8221;][vc_column_inner width=&#8221;1\/4&#8243;][vc_single_image image=&#8221;9244&#8243; img_size=&#8221;full&#8221; alignment=&#8221;center&#8221;][\/vc_column_inner][vc_column_inner width=&#8221;3\/4&#8243;][vc_column_text css=&#8221;.vc_custom_1604450718558{padding-top: 10px !important;}&#8221;]<\/p>\n<h2><em>TransferWise<\/em><\/h2>\n<p style=\"text-align: justify;\"><span style=\"font-size: 14pt;\">O aplicativo mais \u00fatil de todos os tempos, especialmente para tripulantes que precisam enviar dinheiro para casa e n\u00e3o poderia estar fora da nossa lista! Se voc\u00ea ainda n\u00e3o criou sua conta, pode conferir <a href=\"https:\/\/shiplife.org\/sending-money\/?lang=pt-br\">nosso tutorial clicando aqui<\/a>. No aplicativo, voc\u00ea pode enviar dinheiro para sua conta no banco rapidamente, verificar as taxas de c\u00e2mbio e controlar todas as suas transa\u00e7\u00f5es, verificando o log de atividades.<br \/>\n<\/span><\/p>\n<p>[\/vc_column_text][\/vc_column_inner][\/vc_row_inner][\/vc_column][\/vc_row][vc_row css=&#8221;.vc_custom_1558910267693{margin-bottom: 20px !important;}&#8221;][vc_column][vc_row_inner equal_height=&#8221;yes&#8221; css=&#8221;.vc_custom_1558724170696{padding-top: 20px !important;padding-right: 20px !important;padding-left: 20px !important;background-color: #e8f9f5 !important;}&#8221;][vc_column_inner width=&#8221;1\/4&#8243;][vc_single_image image=&#8221;9268&#8243; img_size=&#8221;full&#8221; alignment=&#8221;center&#8221;][\/vc_column_inner][vc_column_inner width=&#8221;3\/4&#8243;][vc_column_text css=&#8221;.vc_custom_1604450785225{padding-top: 10px !important;}&#8221;]<\/p>\n<h2><em>GoogleFi<\/em><\/h2>\n<p style=\"text-align: justify;\"><span style=\"font-size: 14pt;\">Se voc\u00ea ainda n\u00e3o ouviu falar sobre o GoogleFi, pode conferir nosso guia clicando aqui. Mas o que \u00e9 o GoogleFi? Bem, \u00e9 a melhor rede m\u00f3vel do mundo para tripulantes, simples assim. Com um \u00fanico simcard, voc\u00ea obt\u00e9m cobertura de dados, voz e SMS em mais de 180 pa\u00edses do mundo. Sim, funciona em todas as ilhas do Caribe, sim, funciona na Europa e na Am\u00e9rica do Sul, sim, funciona no Brasil. Tudo isso sem a necessidade de alterar os cart\u00f5es SIM no seu telefone. O melhor de tudo \u00e9 que voc\u00ea paga apenas US $30 por m\u00eas por todos os recursos mencionados. N\u00e3o satisfeito? Bem, com 70$ por m\u00eas voc\u00ea tem dados ilimitados. <strong>ILIMITADO! EM TODA PARTE! PODENDO COMPARTILHAR A CONEX\u00c3O M\u00d3VEL COM SEUS AMIGOS AT\u00c9 MESMO EM CASA! <\/strong>Se interessou e gostaria de saber mais? <a href=\"https:\/\/shiplife.org\/selection-process\/stay-connected\/?lang=pt-br\">Confira o nosso tutorial clicando aqui<\/a>.<strong><br \/>\n<\/strong><\/span><\/p>\n<p>[\/vc_column_text][\/vc_column_inner][\/vc_row_inner][\/vc_column][\/vc_row][vc_row css=&#8221;.vc_custom_1558910307112{margin-bottom: 20px !important;}&#8221;][vc_column][vc_row_inner equal_height=&#8221;yes&#8221; css=&#8221;.vc_custom_1558724170696{padding-top: 20px !important;padding-right: 20px !important;padding-left: 20px !important;background-color: #e8f9f5 !important;}&#8221;][vc_column_inner width=&#8221;1\/4&#8243;][vc_single_image image=&#8221;9247&#8243; img_size=&#8221;full&#8221; alignment=&#8221;center&#8221;][\/vc_column_inner][vc_column_inner width=&#8221;3\/4&#8243;][vc_column_text css=&#8221;.vc_custom_1604450920140{padding-top: 10px !important;}&#8221;]<\/p>\n<h2><em>Aplicativos do seu banco \/ Nubank<\/em><\/h2>\n<p style=\"text-align: justify;\"><span style=\"font-size: 14pt;\">\u00c9 essencial ter acesso \u00e0 sua conta banc\u00e1ria local em qualquer lugar do mundo. Se voc\u00ea ainda paga taxas de banco e est\u00e1 perdendo dinheiro com taxas anuais, gostar\u00edamos de apresent\u00e1-lo ao nosso provedor e parceiro financeiro, Nubank. Uma startup do Brasil que dominou o mundo financeiro, est\u00e1 presente em mais de 40 pa\u00edses e cresce todos os dias, provando de uma vez por todas que seu banco n\u00e3o deve ser seu inimigo, oferecendo excelente atendimento ao cliente e funcionalidades maravilhosas, como uma conta sem fronteiras na qual voc\u00ea pode enviar e receber dinheiro em tempo real criando boletos de pagamento. <a href=\"https:\/\/nubank.com.br\/indicacao\/nu\/?id=ES1zHbhOSQkAAAF1kLl2kQ&amp;msg=cb40c&amp;utm_channel=social&amp;utm_medium=referral&amp;utm_source=mgm\">Voc\u00ea pode verificar a disponibilidade e registrar uma conta clicando aqui.<\/a><\/span><\/p>\n<p>[\/vc_column_text][\/vc_column_inner][\/vc_row_inner][\/vc_column][\/vc_row][vc_row css=&#8221;.vc_custom_1558910405240{margin-bottom: 20px !important;}&#8221;][vc_column][vc_row_inner equal_height=&#8221;yes&#8221; css=&#8221;.vc_custom_1558724170696{padding-top: 20px !important;padding-right: 20px !important;padding-left: 20px !important;background-color: #e8f9f5 !important;}&#8221;][vc_column_inner width=&#8221;1\/4&#8243;][vc_single_image image=&#8221;9250&#8243; img_size=&#8221;full&#8221; alignment=&#8221;center&#8221;][\/vc_column_inner][vc_column_inner width=&#8221;3\/4&#8243;][vc_column_text css=&#8221;.vc_custom_1558724692887{padding-top: 10px !important;}&#8221;]<\/p>\n<h2><em>Brightwell for Oceanpay<\/em><\/h2>\n<p style=\"text-align: justify;\"><span style=\"font-size: 14pt;\">Cerca de 90% dos membros da tripula\u00e7\u00e3o em todo o mundo recebem seu sal\u00e1rio em um cart\u00e3o de pagamento chamado OceanPay\/Brightwell, que n\u00e3o possui muitas funcionalidades al\u00e9m de sacar dinheiro e pagar por itens da fun\u00e7\u00e3o de d\u00e9bito. Emparelhado com o aplicativo Brightwell, voc\u00ea pode acessar suas transa\u00e7\u00f5es recentes e confirmar que seu sal\u00e1rio foi transferido com sucesso para sua conta. A melhor parte \u00e9 que funciona gratuitamente na internet a bordo, para que voc\u00ea n\u00e3o precise estar realmente conectado \u00e0 internet para us\u00e1-lo, apenas na rede wifi.<\/span><\/p>\n<p>[\/vc_column_text][\/vc_column_inner][\/vc_row_inner][\/vc_column][\/vc_row][vc_row css=&#8221;.vc_custom_1558910416377{margin-bottom: 20px !important;}&#8221;][vc_column][vc_row_inner equal_height=&#8221;yes&#8221; css=&#8221;.vc_custom_1558724170696{padding-top: 20px !important;padding-right: 20px !important;padding-left: 20px !important;background-color: #e8f9f5 !important;}&#8221;][vc_column_inner width=&#8221;1\/4&#8243;][vc_single_image image=&#8221;9259&#8243; img_size=&#8221;full&#8221; alignment=&#8221;center&#8221;][\/vc_column_inner][vc_column_inner width=&#8221;3\/4&#8243;][vc_column_text css=&#8221;.vc_custom_1558724966775{padding-top: 10px !important;}&#8221;]<\/p>\n<h2><em>Google Translator<\/em><\/h2>\n<p style=\"text-align: justify;\"><span style=\"font-size: 14pt;\">Juntamente com o Google Maps, o aplicativo Google Translator fornece aos membros da tripula\u00e7\u00e3o tradu\u00e7\u00f5es b\u00e1sicas em todos os principais idiomas, o que \u00e9 ainda mais \u00fatil quando voc\u00ea visita portos com idiomas diferentes dos quais voc\u00ea est\u00e1 acostumado. Embora n\u00e3o seja realmente realmente preciso, o servi\u00e7o ainda \u00e9 o melhor no mercado e pelo lado positivo, voc\u00ea pode fazer o download de pacotes de idiomas gratuitamente para poder usar o aplicativo offline. Em uma das atualiza\u00e7\u00f5es recentes, voc\u00ea tamb\u00e9m pode usar a c\u00e2mera do seu telefone para apontar para uma placa e ela ser\u00e1 automaticamente traduzida, ideal para passear por cidades estrangeiras e\/ou ler documentos feitos em outros idiomas.<\/span><\/p>\n<p>[\/vc_column_text][\/vc_column_inner][\/vc_row_inner][\/vc_column][\/vc_row][vc_row css=&#8221;.vc_custom_1558910434589{margin-bottom: 20px !important;}&#8221;][vc_column][vc_row_inner equal_height=&#8221;yes&#8221; css=&#8221;.vc_custom_1558724170696{padding-top: 20px !important;padding-right: 20px !important;padding-left: 20px !important;background-color: #e8f9f5 !important;}&#8221;][vc_column_inner width=&#8221;1\/4&#8243;][vc_single_image image=&#8221;9253&#8243; img_size=&#8221;full&#8221; alignment=&#8221;center&#8221;][\/vc_column_inner][vc_column_inner width=&#8221;3\/4&#8243;][vc_column_text css=&#8221;.vc_custom_1558724903375{padding-top: 10px !important;}&#8221;]<\/p>\n<h2><em>Uber<\/em><\/h2>\n<p style=\"text-align: justify;\"><span style=\"font-size: 14pt;\">Se voc\u00ea j\u00e1 se sentiu frustrado com os motoristas de t\u00e1xi em qualquer lugar do mundo e nunca baixou o aplicativo Uber, fa\u00e7a o download agora e salve-se n\u00e3o apenas do problema, mas tamb\u00e9m muito dinheiro. Ao oferecer viagens com motoristas confi\u00e1veis a pre\u00e7os baratos, o Uber realmente domina o mercado, oferecendo uma qualidade de servi\u00e7o verdadeiramente excepcional. Voc\u00ea pode at\u00e9 obter passeios gratuitos resgatando links de cupons, como este aqui: <a href=\"https:\/\/www.uber.com\/invite\/rafaele280ue\" target=\"_blank\" rel=\"noopener noreferrer\">https:\/\/uber.com\/shiplife<\/a><\/span><\/p>\n<p>&nbsp;[\/vc_column_text][\/vc_column_inner][\/vc_row_inner][\/vc_column][\/vc_row][vc_row css=&#8221;.vc_custom_1558910444017{margin-bottom: 20px !important;}&#8221;][vc_column][vc_row_inner equal_height=&#8221;yes&#8221; css=&#8221;.vc_custom_1558724170696{padding-top: 20px !important;padding-right: 20px !important;padding-left: 20px !important;background-color: #e8f9f5 !important;}&#8221;][vc_column_inner width=&#8221;1\/4&#8243;][vc_single_image image=&#8221;9256&#8243; img_size=&#8221;full&#8221; alignment=&#8221;center&#8221;][\/vc_column_inner][vc_column_inner width=&#8221;3\/4&#8243;][vc_column_text css=&#8221;.vc_custom_1558726711333{padding-top: 10px !important;}&#8221;]<\/p>\n<h2><em>XE Currency<\/em><\/h2>\n<p style=\"text-align: justify;\"><span style=\"font-size: 14pt;\">Embora n\u00e3o seja realmente necess\u00e1rio, gostar\u00edamos de mencionar este aplicativo apenas pela funcionalidade de acompanhar moedas diferentes ao mesmo tempo, o que acaba sendo realmente \u00fatil se o itiner\u00e1rio do seu navio visitar pa\u00edses diferentes com taxas de c\u00e2mbio diferentes, como em algumas das ilhas do Caribe, por exemplo. Assim, voc\u00ea pode realmente saber se a conta do restaurante de 425.000 libras holandesas se converte em 10 d\u00f3lares.<\/span><\/p>\n<p>[\/vc_column_text][\/vc_column_inner][\/vc_row_inner][\/vc_column][\/vc_row][vc_row css=&#8221;.vc_custom_1558910461089{margin-bottom: 20px !important;}&#8221;][vc_column][vc_row_inner equal_height=&#8221;yes&#8221; css=&#8221;.vc_custom_1558724170696{padding-top: 20px !important;padding-right: 20px !important;padding-left: 20px !important;background-color: #e8f9f5 !important;}&#8221;][vc_column_inner width=&#8221;1\/4&#8243;][vc_single_image image=&#8221;9265&#8243; img_size=&#8221;full&#8221; alignment=&#8221;center&#8221;][\/vc_column_inner][vc_column_inner width=&#8221;3\/4&#8243;][vc_column_text css=&#8221;.vc_custom_1558727993118{padding-top: 10px !important;}&#8221;]<\/p>\n<h2><em>Amazon<\/em><\/h2>\n<p style=\"text-align: justify;\"><span style=\"font-size: 14pt;\">Voc\u00ea gosta de fazer compras? Voc\u00ea precisa fazer compras? Voc\u00ea \u00e9 louco por compras? Bem, voc\u00ea provavelmente j\u00e1 conhece a Amazon e boas not\u00edcias: eles t\u00eam seu pr\u00f3prio aplicativo para suas compras on-line na palma das suas m\u00e3os! A melhor parte \u00e9 que, em algumas redes de navios, este aplicativo funciona de gra\u00e7a, n\u00e3o precisando estar conectado ao wifi do navio para navegar por algumas ofertas recentes. Voc\u00ea tamb\u00e9m pode usar o aplicativo para rastrear seus pacotes e desbloquear os Amazon Lockers, presentes em quase todos os portos americanos. Uma \u00faltima coisa: voc\u00ea pode criar listas de interesse ou participar da nossa listinha feita com necessidades b\u00e1sicas de todo tripulante, \u00e9 o\u00a0 &#8220;SHIPLIFE Desires&#8221;, confira <a href=\"http:\/\/a.co\/4gs5JGJ\" target=\"_blank\" rel=\"noopener noreferrer\">clicando aqui<\/a>.<br \/>\n<\/span>[\/vc_column_text][\/vc_column_inner][\/vc_row_inner][\/vc_column][\/vc_row]<\/p>\n","protected":false},"excerpt":{"rendered":"<p>[vc_row css=&#8221;.vc_custom_1558722540551{margin-top: 40px !important;}&#8221;][vc_column][vc_column_text] Aplicativos para tripulantes &nbsp;[\/vc_column_text][vc_column_text css=&#8221;.vc_custom_1558722646572{margin-top: -30px !important;}&#8221;]Aplicativos para celular que todo tripulante deveria ter no bolso.[\/vc_column_text][vc_column_text css=&#8221;.vc_custom_1558722695989{margin-top: 50px !important;}&#8221;] Hoje em dia a tecnologia \u00e9 incr\u00edvel, estamos acostumados a ter o mundo na palma das suas m\u00e3os. Ent\u00e3o, vamos listar aqui os melhores dos melhores aplicativos e melhorar nossa qualidade de [&hellip;]<\/p>\n","protected":false},"author":1,"featured_media":0,"parent":0,"menu_order":0,"comment_status":"closed","ping_status":"closed","template":"","meta":{"footnotes":""},"yst_prominent_words":[1954,1946,1943,1355,1940,1951,1944,1948,1942,1953,1390,1945,1947,1955,1950,1949,1952,1941,1381,1368],"class_list":["post-10262","page","type-page","status-publish","hentry"],"_links":{"self":[{"href":"https:\/\/shiplife.org\/2020\/wp-json\/wp\/v2\/pages\/10262","targetHints":{"allow":["GET"]}}],"collection":[{"href":"https:\/\/shiplife.org\/2020\/wp-json\/wp\/v2\/pages"}],"about":[{"href":"https:\/\/shiplife.org\/2020\/wp-json\/wp\/v2\/types\/page"}],"author":[{"embeddable":true,"href":"https:\/\/shiplife.org\/2020\/wp-json\/wp\/v2\/users\/1"}],"replies":[{"embeddable":true,"href":"https:\/\/shiplife.org\/2020\/wp-json\/wp\/v2\/comments?post=10262"}],"version-history":[{"count":7,"href":"https:\/\/shiplife.org\/2020\/wp-json\/wp\/v2\/pages\/10262\/revisions"}],"predecessor-version":[{"id":11760,"href":"https:\/\/shiplife.org\/2020\/wp-json\/wp\/v2\/pages\/10262\/revisions\/11760"}],"wp:attachment":[{"href":"https:\/\/shiplife.org\/2020\/wp-json\/wp\/v2\/media?parent=10262"}],"wp:term":[{"taxonomy":"yst_prominent_words","embeddable":true,"href":"https:\/\/shiplife.org\/2020\/wp-json\/wp\/v2\/yst_prominent_words?post=10262"}],"curies":[{"name":"wp","href":"https:\/\/api.w.org\/{rel}","templated":true}]}}