{"id":10265,"date":"2019-06-16T19:06:42","date_gmt":"2019-06-16T22:06:42","guid":{"rendered":"http:\/\/shiplife.org\/?page_id=10265"},"modified":"2020-10-27T20:14:29","modified_gmt":"2020-10-27T23:14:29","slug":"cruise-river-yachts","status":"publish","type":"page","link":"https:\/\/shiplife.org\/2020\/cruise-river-yachts\/?lang=pt-br","title":{"rendered":"Cruzeiros ou Iates?"},"content":{"rendered":"<p>[vc_row css=&#8221;.vc_custom_1558836338542{margin-top: 40px !important;}&#8221;][vc_column][vc_column_text]<\/p>\n<h2 style=\"text-align: left;\">Cruzeiros, Fluviais or Iates?<\/h2>\n<p>Aqui voc\u00ea aprende a diferen\u00e7a do trabalho em cada um desses segmentos.[\/vc_column_text][vc_column_text]<\/p>\n<p style=\"text-align: justify;\"><span style=\"font-size: 14pt;\">Sim, sabemos que a ind\u00fastria \u00e9 dominada por empresas de cruzeiros e \u00e9 muito f\u00e1cil encontrar informa\u00e7\u00f5es sobre elas online. Mas voc\u00ea sabia que o mercado de cruzeiros fluviais e iates \u00e9 t\u00e3o exigente quanto a ind\u00fastria de cruzeiros? E o engra\u00e7ado \u00e9 que eles tamb\u00e9m compartilham quase os mesmos cargos, s\u00f3 que com sal\u00e1rios bem mais altos! Portanto, estamos aqui n\u00e3o apenas para ensinar como se inscrever para empresas de cruzeiros, mas tamb\u00e9m para cruzeiros fluviais e ag\u00eancias de iates em todo o mundo.<\/span><\/p>\n<p>[\/vc_column_text][\/vc_column][\/vc_row][vc_row][vc_column][vc_column_text]<\/p>\n<p style=\"text-align: justify;\"><span style=\"font-size: 14pt;\">Antes de come\u00e7ar, voc\u00ea pode conferir as tr\u00eas listas abaixo, cada uma contendo as empresas de seu respectivo mercado. Entendemos que os requisitos ou o processo de sele\u00e7\u00e3o s\u00e3o diferentes para o que voc\u00ea est\u00e1 procurando e que voc\u00ea pode estar apenas procurando a lista de empresas em que pode se inscrever, ou para o trabalho que pode desempenhar no momento. Ent\u00e3o, escolha o segmento desejado:<\/span><\/p>\n<p>[\/vc_column_text][vc_row_inner equal_height=&#8221;yes&#8221; gap=&#8221;15&#8243;][vc_column_inner width=&#8221;1\/3&#8243; css=&#8221;.vc_custom_1603840178016{border-top-width: 1px !important;border-right-width: 1px !important;border-bottom-width: 1px !important;border-left-width: 1px !important;border-left-color: #e5e5e5 !important;border-left-style: solid !important;border-right-color: #e5e5e5 !important;border-right-style: solid !important;border-top-color: #e5e5e5 !important;border-top-style: solid !important;border-bottom-color: #e5e5e5 !important;border-bottom-style: solid !important;}&#8221;][vc_column_text]<\/p>\n<h3 style=\"text-align: center;\"><a href=\"http:\/\/shiplife.org\/cruise-lines\/?lang=pt-br\">CRUZEIROS<\/a><\/h3>\n<p>[\/vc_column_text][vc_single_image image=&#8221;9501&#8243; img_size=&#8221;full&#8221; alignment=&#8221;center&#8221; style=&#8221;vc_box_shadow_3d&#8221; onclick=&#8221;custom_link&#8221; link=&#8221;http:\/\/shiplife.org\/cruise-lines\/?lang=pt-br&#8221;][\/vc_column_inner][vc_column_inner width=&#8221;1\/3&#8243; css=&#8221;.vc_custom_1558838157002{border-top-width: 1px !important;border-right-width: 1px !important;border-bottom-width: 1px !important;border-left-width: 1px !important;border-left-color: #e5e5e5 !important;border-left-style: solid !important;border-right-color: #e5e5e5 !important;border-right-style: solid !important;border-top-color: #e5e5e5 !important;border-top-style: solid !important;border-bottom-color: #e5e5e5 !important;border-bottom-style: solid !important;}&#8221;][vc_column_text]<\/p>\n<h3 style=\"text-align: center;\"><a href=\"http:\/\/shiplife.org\/river-cruises\/?lang=pt-br\">FLUVIAIS<\/a><\/h3>\n<p>[\/vc_column_text][vc_single_image image=&#8221;9504&#8243; img_size=&#8221;full&#8221; alignment=&#8221;center&#8221; style=&#8221;vc_box_shadow_3d&#8221; onclick=&#8221;custom_link&#8221; link=&#8221;http:\/\/shiplife.org\/river-cruises\/?lang=pt-br&#8221;][\/vc_column_inner][vc_column_inner width=&#8221;1\/3&#8243; css=&#8221;.vc_custom_1558838238547{border-top-width: 1px !important;border-right-width: 1px !important;border-bottom-width: 1px !important;border-left-width: 1px !important;border-left-color: #e5e5e5 !important;border-left-style: solid !important;border-right-color: #e5e5e5 !important;border-right-style: solid !important;border-top-color: #e5e5e5 !important;border-top-style: solid !important;border-bottom-color: #e5e5e5 !important;border-bottom-style: solid !important;}&#8221;][vc_column_text]<\/p>\n<h3 style=\"text-align: center;\"><a href=\"http:\/\/shiplife.org\/yachts\/?lang=pt-br\">IATES<\/a><\/h3>\n<p>[\/vc_column_text][vc_single_image image=&#8221;9507&#8243; img_size=&#8221;full&#8221; alignment=&#8221;center&#8221; style=&#8221;vc_box_shadow_3d&#8221; onclick=&#8221;custom_link&#8221; link=&#8221;http:\/\/shiplife.org\/yachts\/?lang=pt-br&#8221;][\/vc_column_inner][\/vc_row_inner][\/vc_column][\/vc_row][vc_row css=&#8221;.vc_custom_1558838494906{margin-top: 40px !important;}&#8221;][vc_column][vc_text_separator title=&#8221;&#8221; style=&#8221;shadow&#8221; border_width=&#8221;10&#8243; css=&#8221;.vc_custom_1603840095455{margin-top: 20px !important;margin-bottom: 20px !important;}&#8221;][vc_custom_heading text=&#8221;Mas quais s\u00e3o as diferen\u00e7as?&#8221; font_container=&#8221;tag:h3|text_align:left&#8221; use_theme_fonts=&#8221;yes&#8221; css=&#8221;.vc_custom_1603838410337{margin-bottom: 40px !important;}&#8221;][vc_column_text]<\/p>\n<p style=\"text-align: justify;\"><span style=\"font-size: 14pt;\">Agora sim, podemos ensinar tudo o que voc\u00ea precisa saber sobre esses tr\u00eas mercados distintos que, no final das contas, fazem parte do mesmo setor. N\u00e3o est\u00e1 claro quem fez a primeira viagem oficial de um navio de cruzeiro no mundo, pois o conceito de ter um navio para lazer e entretenimento n\u00e3o era uma realidade na \u00e9poca. Vamos aprender mais?<\/span><\/p>\n<p>&nbsp;<\/p>\n<p style=\"text-align: justify;\"><span style=\"font-size: 14pt;\">No s\u00e9culo 19, as companhias de navega\u00e7\u00e3o do Atl\u00e2ntico Norte come\u00e7aram a implementar navios para transportar passageiros entre a Europa e a Am\u00e9rica em cruzeiros recreativos. Por exemplo, em 1895 a Holland America Line fez o primeiro cruzeiro dessa linha: uma viagem de Rotterdam a Copenhagen e de volta. Outras companhias mar\u00edtimas ofereciam viagens semelhantes, especialmente nos meses de inverno, quando a demanda por travessias do Atl\u00e2ntico Norte diminu\u00eda.<\/span><\/p>\n<p>&nbsp;<\/p>\n<p style=\"text-align: justify;\"><span style=\"font-size: 14pt;\">Ainda assim, os navios usados para esses cruzeiros eram e s\u00e3o mais apropriadamente descritos como transatl\u00e2nticos em vez de navios de cruzeiro. Os &#8220;Ocean Liners&#8221; hoje se chamam &#8220;Cruzeiros&#8221;, por\u00e9m na \u00e9poca o conceito n\u00e3o existia, e, foram constru\u00eddos propositadamente para transportar carga e correio atrav\u00e9s do Atl\u00e2ntico, e a terceira e \u00faltima op\u00e7\u00e3o que tinham era transportar pessoas, o que na \u00e9poca n\u00e3o era rent\u00e1vel. Eles n\u00e3o foram constru\u00eddos com o prop\u00f3sito de cruzar, mas sim para transportar pessoas de um lugar para outro, como os avi\u00f5es fazem hoje. Eles s\u00f3 cruzavam ocasionalmente. Seu papel principal era para ser utilizado como um meio de transporte e n\u00e3o como recrea\u00e7\u00e3o. Por isso, os quartos eram compartilhados em diversas camas e n\u00e3o havia nenhum tipo de comodidade.<br \/>\n<\/span><\/p>\n<p>[\/vc_column_text][vc_row_inner][vc_column_inner width=&#8221;2\/3&#8243;][vc_column_text]<\/p>\n<p style=\"text-align: justify;\"><span style=\"font-size: 14pt;\">O primeiro navio constru\u00eddo propositadamente para cruzeiros foi o Prinzessin Victoria Luise. Embora bem-sucedida, sua carreira de servi\u00e7o foi muito breve, durando de 1901 at\u00e9 1906, quando ela naufragou na costa da Jamaica. E n\u00e3o imagine um grande navio de passageiros como o que temos hoje, era um navio muito pequeno com apenas 4.409 toneladas brutas, com 120 cabines luxuosas e com recursos como biblioteca, gin\u00e1sio e sala escura.<\/span><\/p>\n<p>&nbsp;<\/p>\n<p style=\"text-align: justify;\"><span style=\"font-size: 14pt;\">Lembrem que estamos falando de um navio com mais de 100 anos, mas para termos um comparativo, ela era cerca de 50 vezes menor do que o maior navio de cruzeiro que temos hoje.<\/span><\/p>\n<p>[\/vc_column_text][\/vc_column_inner][vc_column_inner width=&#8221;1\/3&#8243;][vc_single_image image=&#8221;9511&#8243; img_size=&#8221;full&#8221; alignment=&#8221;center&#8221; style=&#8221;vc_box_border&#8221;][\/vc_column_inner][\/vc_row_inner][vc_row_inner][vc_column_inner][vc_column_text]<\/p>\n<p style=\"text-align: justify;\"><span style=\"font-size: 14pt;\">Ter lido essa hist\u00f3ria foi necess\u00e1rio para formular um argumento: o que antes era apenas um meio de transporte, hoje \u00e9 uma das maiores ind\u00fastrias do mundo. Esta ind\u00fastria \u00e9 t\u00e3o grande que mais de 200 empresas segmentaram o mercado em tr\u00eas categorias distintas: <strong>Companhias de Cruzeiros<\/strong>, <strong>Cruzeiros Fluviais<\/strong> e <strong>Iates<\/strong>.<\/span><\/p>\n<p>&nbsp;<\/p>\n<p style=\"text-align: justify;\"><span style=\"font-size: 14pt;\"><strong>Companhias de Cruzeiros<\/strong> s\u00e3o todas as principais marcas de cruzeiros que navegam ao redor do mundo, fazendo cruzeiros transatl\u00e2nticos, viagens longas e curtas, para passageiros ricos ou para a fam\u00edlia casual em busca de f\u00e9rias baratas no Caribe. O mercado de cruzeiros \u00e9 t\u00e3o grande que, mesmo dentro dele, ainda h\u00e1 alguma separa\u00e7\u00e3o entre as empresas de cruzeiros devido ao p\u00fablico para o qual eles se destinam.<\/span><\/p>\n<p>&nbsp;<\/p>\n<p style=\"text-align: justify;\"><span style=\"font-size: 14pt;\">Dentro do mercado de cruzeiros, temos: Cruzeiros Casuais, Cruzeiros Familiares, Cruzeiros Premium, Cruzeiros Ultra-Premium, Cruzeiros de Luxo e Cruzeiros voltados para Expedi\u00e7\u00f5es. Se voc\u00ea deseja saber mais sobre cada segmento e quais empresas est\u00e3o representadas em cada grupo, voc\u00ea pode ler nosso artigo sobre o Mercado dos Cruzeiros clicando aqui.<\/span><\/p>\n<p>[\/vc_column_text][vc_column_text]<\/p>\n<p style=\"text-align: justify;\"><span style=\"font-size: 14pt;\">Agora, quando se trata de <strong>Cruzeiros Fluviais<\/strong>, a maioria das pessoas nem sabe que o mercado existe! Os cruzeiros fluviais s\u00e3o uma parti\u00e7\u00e3o menor do que os cruzeiros, mas t\u00eam o mesmo prop\u00f3sito: oferecer viagens curtas ou longas em rios nos Estados Unidos, Europa e \u00c1sia, onde navios grandes n\u00e3o cabem devido ao seu tamanho. Uma vez que os cruzeiros fluviais s\u00e3o embarca\u00e7\u00f5es constru\u00eddas para lugares menores, elas n\u00e3o podem oferecer todos os tipos de entretenimento a bordo e ent\u00e3o portanto, eles se concentram mais em experi\u00eancias e passeios privados em terra, nos portos de destino.<\/span><\/p>\n<p>&nbsp;<\/p>\n<p style=\"text-align: justify;\"><span style=\"font-size: 14pt;\">Um elemento chave para os Cruzeiros Fluviais \u00e9 que <strong>todos os membros da tripula\u00e7\u00e3o devem possuir um passaporte v\u00e1lido da mesma nacionalidade do navio ou regi\u00e3o<\/strong> em que se est\u00e1 navegando, ent\u00e3o isso torna o mercado muito pequeno para aqueles que desejam se inscrever e come\u00e7ar suas carreiras neste segmento.<br \/>\n<\/span><\/p>\n<p>[\/vc_column_text][vc_column_text]<\/p>\n<p style=\"text-align: justify;\"><span style=\"font-size: 14pt;\">Por fim, chegamos ao mercado que <strong>cresce mais de 300%<\/strong> a cada ano: <strong>Iates<\/strong> privados e de alt\u00edssimo luxo, com tudo inclu\u00eddo e mais do que glamouroso. Trabalhar em um Iate \u00e9 um ambiente totalmente diferente do que trabalhar em outros navios, pois voc\u00ea ter\u00e1 que trabalhar em uma embarca\u00e7\u00e3o pequena e com uma tripula\u00e7\u00e3o ainda menor, em um local onde todos devem fazer suas partes para manter o barco em funcionamento. Em iates, existem basicamente apenas quatro posi\u00e7\u00f5es dispon\u00edveis: Deckhands (Exterior), Stewards (Interior), Cook (Cozinheiro) e Maritime (Navega\u00e7\u00e3o e Engenharia).<\/span><\/p>\n<p>&nbsp;<\/p>\n<p style=\"text-align: justify;\"><span style=\"font-size: 14pt;\">Devido \u00e0 experi\u00eancia necess\u00e1ria, os <strong>iates s\u00e3o o TOP #1 em nossa lista para ganhar dinheiro em pouco tempo<\/strong>: Um m\u00eas de pagamento pode chegar a mais de 10.000 d\u00f3lares \/ euros para um tripulante. \u00c9 tamb\u00e9m um dos ambientes de trabalho mais complexos e tem o processo de sele\u00e7\u00e3o mais dif\u00edcil de todos. Mas se voc\u00ea tem a excel\u00eancia dentro de si, com certeza vai prosperar neste segmento.<br \/>\n<\/span><\/p>\n<p>[\/vc_column_text][\/vc_column_inner][\/vc_row_inner][vc_text_separator title=&#8221;&#8221; style=&#8221;shadow&#8221; border_width=&#8221;10&#8243; css=&#8221;.vc_custom_1603840095455{margin-top: 20px !important;margin-bottom: 20px !important;}&#8221;][vc_column_text]<\/p>\n<p style=\"text-align: justify;\"><span style=\"font-size: 14pt;\">Agora voc\u00ea sabe quase tudo que precisa saber sobre esse setor profissional e ind\u00fastria que todos amamos e pelo qual vivemos. Se voc\u00ea quiser um conhecimento mais aprofundado sobre os mercados e como eles funcionam, conglomerados de empresas e rivalidades entre si, consulte a nossa <a href=\"https:\/\/shiplife.org\/knowledge-center\/?lang=pt-br\">Central de Informa\u00e7\u00f5es<\/a>.<\/span><\/p>\n<p>[\/vc_column_text][\/vc_column][\/vc_row]<\/p>\n","protected":false},"excerpt":{"rendered":"<p>[vc_row css=&#8221;.vc_custom_1558836338542{margin-top: 40px !important;}&#8221;][vc_column][vc_column_text] Cruzeiros, Fluviais or Iates? Aqui voc\u00ea aprende a diferen\u00e7a do trabalho em cada um desses segmentos.[\/vc_column_text][vc_column_text] Sim, sabemos que a ind\u00fastria \u00e9 dominada por empresas de cruzeiros e \u00e9 muito f\u00e1cil encontrar informa\u00e7\u00f5es sobre elas online. Mas voc\u00ea sabia que o mercado de cruzeiros fluviais e iates \u00e9 t\u00e3o exigente quanto [&hellip;]<\/p>\n","protected":false},"author":1,"featured_media":0,"parent":0,"menu_order":0,"comment_status":"closed","ping_status":"closed","template":"","meta":{"footnotes":""},"yst_prominent_words":[2495,2490,1140,1337,1191,1148,1149],"class_list":["post-10265","page","type-page","status-publish","hentry"],"_links":{"self":[{"href":"https:\/\/shiplife.org\/2020\/wp-json\/wp\/v2\/pages\/10265","targetHints":{"allow":["GET"]}}],"collection":[{"href":"https:\/\/shiplife.org\/2020\/wp-json\/wp\/v2\/pages"}],"about":[{"href":"https:\/\/shiplife.org\/2020\/wp-json\/wp\/v2\/types\/page"}],"author":[{"embeddable":true,"href":"https:\/\/shiplife.org\/2020\/wp-json\/wp\/v2\/users\/1"}],"replies":[{"embeddable":true,"href":"https:\/\/shiplife.org\/2020\/wp-json\/wp\/v2\/comments?post=10265"}],"version-history":[{"count":7,"href":"https:\/\/shiplife.org\/2020\/wp-json\/wp\/v2\/pages\/10265\/revisions"}],"predecessor-version":[{"id":11706,"href":"https:\/\/shiplife.org\/2020\/wp-json\/wp\/v2\/pages\/10265\/revisions\/11706"}],"wp:attachment":[{"href":"https:\/\/shiplife.org\/2020\/wp-json\/wp\/v2\/media?parent=10265"}],"wp:term":[{"taxonomy":"yst_prominent_words","embeddable":true,"href":"https:\/\/shiplife.org\/2020\/wp-json\/wp\/v2\/yst_prominent_words?post=10265"}],"curies":[{"name":"wp","href":"https:\/\/api.w.org\/{rel}","templated":true}]}}