{"id":10266,"date":"2017-10-11T06:53:41","date_gmt":"2017-10-11T06:53:41","guid":{"rendered":"http:\/\/shiplife.org\/?page_id=10266"},"modified":"2020-07-25T14:39:21","modified_gmt":"2020-07-25T17:39:21","slug":"home","status":"publish","type":"page","link":"https:\/\/shiplife.org\/2020\/home\/?lang=pt-br","title":{"rendered":"In\u00edcio"},"content":{"rendered":"<p>[vc_row full_width=&#8221;stretch_row_content_no_spaces&#8221; equal_height=&#8221;yes&#8221;][vc_column]\n\t\t\t<!-- START HERO PORTUGUESE REVOLUTION SLIDER 6.6.18 --><p class=\"rs-p-wp-fix\"><\/p>\n\t\t\t<rs-module-wrap id=\"rev_slider_8_1_wrapper\" data-source=\"gallery\" style=\"visibility:hidden;background:transparent;padding:0;margin:0px auto;margin-top:0;margin-bottom:0;\">\n\t\t\t\t<rs-module id=\"rev_slider_8_1\" style=\"\" data-version=\"6.6.18\">\n\t\t\t\t\t<rs-slides style=\"overflow: hidden; position: absolute;\">\n\t\t\t\t\t\t<rs-slide style=\"position: absolute;\" data-key=\"rs-10\" data-title=\"Slide\" data-anim=\"ms:600;r:0;\" data-in=\"o:0;\" data-out=\"a:false;\">\n\t\t\t\t\t\t\t<img fetchpriority=\"high\" decoding=\"async\" src=\"\/\/shiplife.org\/2020\/wp-content\/plugins\/revslider\/public\/assets\/assets\/dummy.png\" alt=\"\" title=\"Wallpaper-Awesome02\" width=\"1920\" height=\"1280\" class=\"rev-slidebg tp-rs-img rs-lazyload\" data-lazyload=\"\/\/shiplife.org\/2020\/wp-content\/uploads\/2020\/07\/Wallpaper-Awesome02.jpg\" data-parallax=\"off\" data-no-retina>\n<!--\n\t\t\t\t\t\t\t--><rs-group\n\t\t\t\t\t\t\t\tid=\"slider-8-slide-10-layer-7\" \n\t\t\t\t\t\t\t\tdata-type=\"group\"\n\t\t\t\t\t\t\t\tdata-xy=\"xo:51px,69px,-1px,1px;yo:46px,58px,0,-34px;\"\n\t\t\t\t\t\t\t\tdata-text=\"l:22;a:inherit;\"\n\t\t\t\t\t\t\t\tdata-dim=\"w:752px,594px,683px,683px;h:214px,157px,349px,349px;\"\n\t\t\t\t\t\t\t\tdata-frame_0=\"x:-175%;o:1;tp:600;\"\n\t\t\t\t\t\t\t\tdata-frame_0_mask=\"u:t;x:100%;y:0,0px,0px,0px;\"\n\t\t\t\t\t\t\t\tdata-frame_1=\"x:0,0px,0px,0px;y:0,0px,0px,0px;tp:600;e:power3.out;sp:1500;sR:10;\"\n\t\t\t\t\t\t\t\tdata-frame_1_mask=\"u:t;x:0,0px,0px,0px;y:0,0px,0px,0px;\"\n\t\t\t\t\t\t\t\tdata-frame_999=\"st:w;sp:2000;sR:7490;auto:true;\"\n\t\t\t\t\t\t\t\tdata-frame_999_mask=\"u:t;x:0px;y:0px;\"\n\t\t\t\t\t\t\t\tstyle=\"z-index:12;\"\n\t\t\t\t\t\t\t><!--\n\t\t\t\t\t\t\t\t--><rs-layer\n\t\t\t\t\t\t\t\t\tid=\"slider-8-slide-10-layer-2\" \n\t\t\t\t\t\t\t\t\tclass=\"text\"\n\t\t\t\t\t\t\t\t\tdata-type=\"text\"\n\t\t\t\t\t\t\t\t\tdata-rsp_ch=\"on\"\n\t\t\t\t\t\t\t\t\tdata-xy=\"xo:-2px,-2px,36px,41px;yo:73px,59px,48px,90px;\"\n\t\t\t\t\t\t\t\t\tdata-pos=\"a\"\n\t\t\t\t\t\t\t\t\tdata-text=\"w:normal;s:115,97,70,66;l:70,55,60,35;ls:-1px,-1px,0px,0px;fw:700;a:inherit;\"\n\t\t\t\t\t\t\t\t\tdata-dim=\"w:809px,639px,600px,437px;\"\n\t\t\t\t\t\t\t\t\tdata-frame_0=\"o:1;tp:600;\"\n\t\t\t\t\t\t\t\t\tdata-frame_1=\"x:0,0px,0px,0px;y:0,0px,0px,0px;tp:600;e:Quad.easeInOut;sp:1500;\"\n\t\t\t\t\t\t\t\t\tdata-frame_999=\"tp:600;e:power2.in;st:w;sp:1000;sR:7490;\"\n\t\t\t\t\t\t\t\t\tstyle=\"z-index:9;font-family:'Poppins';font-weight:900 !important;\"\n\t\t\t\t\t\t\t\t>#SHIPLIFE \n\t\t\t\t\t\t\t\t<\/rs-layer><!--\n\n\t\t\t\t\t\t\t\t--><rs-layer\n\t\t\t\t\t\t\t\t\tid=\"slider-8-slide-10-layer-1\" \n\t\t\t\t\t\t\t\t\tclass=\"text2\"\n\t\t\t\t\t\t\t\t\tdata-type=\"text\"\n\t\t\t\t\t\t\t\t\tdata-color=\"#0a0000||#0a0000||#000000||#000000\"\n\t\t\t\t\t\t\t\t\tdata-rsp_ch=\"on\"\n\t\t\t\t\t\t\t\t\tdata-xy=\"xo:0,0,34px,45px;yo:0,0,9px,55px;\"\n\t\t\t\t\t\t\t\t\tdata-pos=\"a\"\n\t\t\t\t\t\t\t\t\tdata-text=\"s:57,45,30,30;l:60,47,40,22;ls:0px,0px,1px,0px;fw:300,300,300,500;a:inherit;\"\n\t\t\t\t\t\t\t\t\tdata-frame_0=\"o:1;tp:600;\"\n\t\t\t\t\t\t\t\t\tdata-frame_1=\"x:0,0px,0px,0px;y:0,0px,0px,0px;tp:600;e:power4.inOut;sp:2000;\"\n\t\t\t\t\t\t\t\t\tdata-frame_999=\"tp:600;e:power2.in;st:w;sp:1000;sR:6990;\"\n\t\t\t\t\t\t\t\t\tstyle=\"z-index:8;font-family:'Poppins';text-transform:uppercase;font-weight:200 !important;\"\n\t\t\t\t\t\t\t\t>SEJA BEM VINDO AO \n\t\t\t\t\t\t\t\t<\/rs-layer><!--\n\t\t\t\t\t\t\t--><\/rs-group><!--\n-->\t\t\t\t\t\t<\/rs-slide>\n\t\t\t\t\t<\/rs-slides>\n\t\t\t\t<\/rs-module>\n\t\t\t\t<script>\n\t\t\t\t\tsetREVStartSize({c: 'rev_slider_8_1',rl:[1240,1024,778,480],el:[664,768,500,500],gw:[1600,1024,778,480],gh:[664,768,500,500],type:'standard',justify:'',layout:'fullwidth',mh:\"0\"});if (window.RS_MODULES!==undefined && window.RS_MODULES.modules!==undefined && window.RS_MODULES.modules[\"revslider81\"]!==undefined) {window.RS_MODULES.modules[\"revslider81\"].once = false;window.revapi8 = undefined;if (window.RS_MODULES.checkMinimal!==undefined) window.RS_MODULES.checkMinimal()}\n\t\t\t\t<\/script>\n\t\t\t<\/rs-module-wrap>\n\t\t\t<!-- END REVOLUTION SLIDER -->\n[\/vc_column][\/vc_row][vc_row full_width=&#8221;stretch_row&#8221; gap=&#8221;10&#8243; css=&#8221;.vc_custom_1595458714763{background-image: url(https:\/\/shiplife.org\/2020\/wp-content\/uploads\/2020\/07\/Wallpaper-Awesome04.jpg?id=11340) !important;}&#8221;][vc_column width=&#8221;2\/3&#8243;][vc_column_text css=&#8221;.vc_custom_1595698754232{margin-top: 10px !important;}&#8221;]<\/p>\n<p style=\"text-align: justify;\"><span style=\"font-size: 18pt; color: #ffffff;\">Somos o maior portal de informa\u00e7\u00f5es sobre o trabalho e vida a bordo de navios de cruzeiro e iates do mundo! Neste site, voc\u00ea aprender\u00e1 tudo sobre o #SHIPLIFE, desde as perguntas e requisitos b\u00e1sicos, passando por como aplicar e como funciona o processo de sele\u00e7\u00e3o, al\u00e9m de t\u00f3picos avan\u00e7ados como compara\u00e7\u00e3o entre as profiss\u00f5es existentes a bordo com at\u00e9 mesmo uma tabela com os sal\u00e1rios que variam entre uma empresa e outra, isso tudo enquanto voc\u00ea se prepara para as entrevistas e quem sabe assim conseguir o emprego dos seus sonhos. N\u00e3o se esque\u00e7a de curtir nossa p\u00e1gina no Facebook para receber atualiza\u00e7\u00f5es, not\u00edcias e o mais importante, memes sobre a vida no mar!<br \/>\n<\/span><\/p>\n<p>[\/vc_column_text][\/vc_column][vc_column width=&#8221;1\/3&#8243;][vc_raw_html]JTNDaWZyYW1lJTIwc3JjJTNEJTIyaHR0cHMlM0ElMkYlMkZ3d3cuZmFjZWJvb2suY29tJTJGcGx1Z2lucyUyRnBhZ2UucGhwJTNGaHJlZiUzRGh0dHBzJTI1M0ElMjUyRiUyNTJGd3d3LmZhY2Vib29rLmNvbSUyNTJGc2hpcGxpZmUub3JnJTI2dGFicyUyNndpZHRoJTNENDAwJTI2aGVpZ2h0JTNEMjE0JTI2c21hbGxfaGVhZGVyJTNEZmFsc2UlMjZhZGFwdF9jb250YWluZXJfd2lkdGglM0R0cnVlJTI2aGlkZV9jb3ZlciUzRGZhbHNlJTI2c2hvd19mYWNlcGlsZSUzRHRydWUlMjZhcHBJZCUzRDM1ODU5MzkxODIyNTM5NCUyMiUyMHdpZHRoJTNEJTIyNDAwJTIyJTIwaGVpZ2h0JTNEJTIyMjE0JTIyJTIwc3R5bGUlM0QlMjJib3JkZXIlM0Fub25lJTNCb3ZlcmZsb3clM0FoaWRkZW4lMjIlMjBzY3JvbGxpbmclM0QlMjJubyUyMiUyMGZyYW1lYm9yZGVyJTNEJTIyMCUyMiUyMGFsbG93VHJhbnNwYXJlbmN5JTNEJTIydHJ1ZSUyMiUyMGFsbG93JTNEJTIyZW5jcnlwdGVkLW1lZGlhJTIyJTNFJTNDJTJGaWZyYW1lJTNF[\/vc_raw_html][\/vc_column][\/vc_row][vc_row css=&#8221;.vc_custom_1558400106253{margin-top: 40px !important;background-position: center !important;background-repeat: no-repeat !important;background-size: contain !important;}&#8221;][vc_column][vc_custom_heading text=&#8221;POR ONDE COME\u00c7AR ?&#8221; font_container=&#8221;tag:h1|text_align:center|color:%23001b5b&#8221; use_theme_fonts=&#8221;yes&#8221; el_class=&#8221;font-weight-black&#8221; css=&#8221;.vc_custom_1595488936297{margin-top: 0px !important;margin-bottom: 12px !important;}&#8221;][vc_column_text css=&#8221;.vc_custom_1595487165283{margin-right: 5% !important;margin-left: 5% !important;}&#8221;]<\/p>\n<p style=\"text-align: justify;\"><span style=\"font-size: 14pt;\">Aqui voc\u00ea inicia o seu processo de aprendizado conferindo os nossos artigos mais acessados. O mais importante de tudo \u00e9 <strong><span style=\"color: #000000;\">ler atentamente como o Processo de Sele\u00e7\u00e3o funciona<\/span><\/strong> e acompanhar o passo a passo. O resto depende muito de voc\u00ea, portanto aproveite o nosso portal ao m\u00e1ximo, pois criamos todo o nosso conte\u00fado para justamente facilitar a sua vida. Aqui voc\u00ea encontrar\u00e1 tutoriais para tudo, desde como fazer as malas e at\u00e9 mesmo como enviar dinheiro para casa!<br \/>\n<\/span><\/p>\n<p>[\/vc_column_text][vc_column_text css=&#8221;.vc_custom_1595487273557{margin-top: 50px !important;margin-right: 10% !important;margin-left: 10% !important;border-top-width: 1px !important;border-right-width: 1px !important;border-bottom-width: 1px !important;border-left-width: 1px !important;padding-top: 10px !important;padding-right: 5% !important;padding-bottom: 10px !important;padding-left: 5% !important;background-color: #39a0bd !important;border-left-color: #000000 !important;border-right-color: #000000 !important;border-top-color: #000000 !important;border-bottom-color: #000000 !important;border-radius: 10px !important;}&#8221;]<\/p>\n<p style=\"text-align: justify;\"><span style=\"color: #ffffff; font-size: 14pt;\"><strong>DICA:<\/strong><\/span><\/p>\n<p style=\"text-align: justify;\"><span style=\"color: #ffffff;\"><strong><br \/>\nNo momento voc\u00ea est\u00e1 vendo o nosso site em Portugu\u00eas, mas voc\u00ea pode optar por visualizar nosso conte\u00fado em outros idiomas escolhendo no menu superior!<\/strong><\/span><\/p>\n<p>[\/vc_column_text][vc_empty_space height=&#8221;50px&#8221;][vc_tta_tour color=&#8221;peacoc&#8221; spacing=&#8221;5&#8243; gap=&#8221;30&#8243; controls_size=&#8221;md&#8221; active_section=&#8221;1&#8243;][vc_tta_section title=&#8221;1. REQUERIMENTOS B\u00c1SICOS&#8221; tab_id=&#8221;1595427888751-9daa78b2-c977&#8243;][vc_custom_heading text=&#8221;REQUERIMENTOS B\u00c1SICOS&#8221; font_container=&#8221;tag:h3|text_align:left|color:%2339a0bd&#8221; use_theme_fonts=&#8221;yes&#8221; css=&#8221;.vc_custom_1595487290161{margin-bottom: 20px !important;margin-left: 5% !important;}&#8221;][vc_column_text]<\/p>\n<p style=\"text-align: justify;\"><span style=\"font-size: 18pt;\">Infelizmente, o trabalho a bordo n\u00e3o \u00e9 compat\u00edvel com todo mundo. Antes mesmo que voc\u00ea comece a pesquisar sobre como aplicar, recomendamos que voc\u00ea visite a nossa p\u00e1gina com os <a href=\"https:\/\/shiplife.org\/selection-process\/requirements\/?lang=pt-br\">Requerimentos B\u00e1sicos<\/a>.<br \/>\n<\/span><\/p>\n<p>[\/vc_column_text][\/vc_tta_section][vc_tta_section title=&#8221;2. PERGUNTAS FREQUENTES&#8221; tab_id=&#8221;1595427888751-89871304-f19b&#8221;][vc_custom_heading text=&#8221;PERGUNTAS FREQUENTES&#8221; font_container=&#8221;tag:h3|text_align:left|color:%2339a0bd&#8221; use_theme_fonts=&#8221;yes&#8221; css=&#8221;.vc_custom_1595487311713{margin-bottom: 20px !important;margin-left: 5% !important;}&#8221;][vc_column_text]<\/p>\n<p style=\"text-align: justify;\"><span style=\"font-size: 18pt;\">Ao longo dos anos recebemos muitas e muitas mensagens por e-mail, pelo WhatsApp e tamb\u00e9m em nossas p\u00e1ginas do Facebook ou do Instagram. Reunimos as mais comuns em uma \u00fanica p\u00e1gina, onde voc\u00ea poder\u00e1 resolver qualquer d\u00favida que possa ter. E mesmo que voc\u00ea n\u00e3o encontre a resposta para a sua pergunta, basta preencher o formul\u00e1rio na parte inferior da p\u00e1gina e entraremos em contato com voc\u00ea. Confira nossa p\u00e1gina com as <a href=\"https:\/\/shiplife.org\/frequently-asked-questions\/?lang=pt-br\">Perguntas mais Frequentes<\/a>.<br \/>\n<\/span><\/p>\n<p>[\/vc_column_text][\/vc_tta_section][vc_tta_section title=&#8221;3. AG\u00caNCIAS DE RECRUTAMENTO&#8221; tab_id=&#8221;1595428072103-59c1aa3a-70f6&#8243;][vc_custom_heading text=&#8221;AG\u00caNCIAS DE RECRUTAMENTO&#8221; font_container=&#8221;tag:h3|text_align:left|color:%2339a0bd&#8221; use_theme_fonts=&#8221;yes&#8221; css=&#8221;.vc_custom_1595487342815{margin-bottom: 20px !important;margin-left: 5% !important;}&#8221;][vc_column_text]<\/p>\n<p style=\"text-align: justify;\"><span style=\"font-size: 18pt;\">Sim, voc\u00ea pode e tamb\u00e9m recomendamos aplicar diretamente com as empresas, mas o fato \u00e9 que a maioria dos tripulantes do mundo foram contratados ap\u00f3s se inscreverem em uma ag\u00eancia de recrutamento. Confira a nossa p\u00e1gina com todas as ag\u00eancias do mundo separadas por pa\u00eds, clicando aqui: <a href=\"https:\/\/shiplife.org\/selection-process\/hiring-agencies\/?lang=pt-br\">Ag\u00eancias de Recrutamento<\/a>.<br \/>\n<\/span><\/p>\n<p>[\/vc_column_text][\/vc_tta_section][vc_tta_section title=&#8221;4. PROFISS\u00d5ES A BORDO&#8221; tab_id=&#8221;1595428561217-8d16faed-9cda&#8221;][vc_custom_heading text=&#8221;PROFISS\u00d5ES A BORDO&#8221; font_container=&#8221;tag:h3|text_align:left|color:%2339a0bd&#8221; use_theme_fonts=&#8221;yes&#8221; css=&#8221;.vc_custom_1595487356360{margin-bottom: 20px !important;margin-left: 5% !important;}&#8221;][vc_column_text]<\/p>\n<p style=\"text-align: justify;\"><span style=\"font-size: 18pt;\">Estamos construindo uma lista completa com todos os departamentos e profiss\u00f5es a bordo. Voc\u00ea poder\u00e1 escolher a profiss\u00e3o em que voc\u00ea mais se identificar, aprender a rotina de trabalho, a experi\u00eancia necess\u00e1ria, as certifica\u00e7\u00f5es recomendadas e claro, quanto ser\u00e1 o seu sal\u00e1rio! <a href=\"https:\/\/shiplife.org\/selection-process\/professions\/?lang=pt-br\">Confira nossa p\u00e1gina Profiss\u00f5es<\/a>.<br \/>\n<\/span><\/p>\n<p>[\/vc_column_text][\/vc_tta_section][vc_tta_section title=&#8221;5. SEU CURR\u00cdCULO&#8221; tab_id=&#8221;1595428565598-7104b3ea-dbd0&#8243;][vc_custom_heading text=&#8221;SEU CURR\u00cdCULO&#8221; font_container=&#8221;tag:h3|text_align:left|color:%2339a0bd&#8221; use_theme_fonts=&#8221;yes&#8221; css=&#8221;.vc_custom_1595487384445{margin-bottom: 20px !important;margin-left: 5% !important;}&#8221;][vc_column_text]<\/p>\n<p style=\"text-align: justify;\"><span style=\"font-size: 18pt;\">Voc\u00ea sabe a diferen\u00e7a entre um Curriculum Vitae e um Curr\u00edculo? Bem, vamos explicar isso e muito mais! Saiba como pequenos detalhes fazem o seu curr\u00edculo se destacar da concorr\u00eancia e fa\u00e7a at\u00e9 mesmo o download de modelos gratuitos feitos por n\u00f3s! Confira <a href=\"https:\/\/shiplife.org\/selection-process\/build-your-resume\/?lang=pt-br\">Como criar seu curr\u00edculo<\/a>.<br \/>\n<\/span><\/p>\n<p>[\/vc_column_text][\/vc_tta_section][vc_tta_section title=&#8221;6. PROCESSO SELETIVO&#8221; tab_id=&#8221;1595428569550-2ed455ea-b7e8&#8243;][vc_custom_heading text=&#8221;PROCESSO SELETIVO&#8221; font_container=&#8221;tag:h3|text_align:left|color:%2339a0bd&#8221; use_theme_fonts=&#8221;yes&#8221; css=&#8221;.vc_custom_1595487408673{margin-bottom: 20px !important;margin-left: 5% !important;}&#8221;][vc_column_text]<\/p>\n<p style=\"text-align: justify;\"><span style=\"font-size: 18pt;\">Aqui voc\u00ea encontrar\u00e1 um tutorial incluindo todos os t\u00f3picos mencionados anteriormente e muito mais. Siga o nosso guia passo a passo, estude bastante e aprenda tudo o que voc\u00ea precisa saber sobre como morar e trabalhar a bordo de cruzeiros e iates. Depois de ler o guia inteiro, voc\u00ea estar\u00e1 pronto para explorar outras se\u00e7\u00f5es do nosso site. Mas primeiro, confira como o <a href=\"https:\/\/shiplife.org\/selection-process\/?lang=pt-br\">processo de sele\u00e7\u00e3o funciona clicando aqui<\/a>.<br \/>\n<\/span><\/p>\n<p>[\/vc_column_text][\/vc_tta_section][\/vc_tta_tour][\/vc_column][\/vc_row][vc_row full_width=&#8221;stretch_row_content&#8221; css=&#8221;.vc_custom_1595459903925{padding-top: 40px !important;padding-bottom: 40px !important;background-color: #f4f4f4 !important;}&#8221;][vc_column css=&#8221;.vc_custom_1518761945348{padding-top: 0px !important;padding-bottom: 0px !important;}&#8221;][vc_custom_heading text=&#8221;POR QUE TRABALHAR A BORDO ?&#8221; font_container=&#8221;tag:h2|text_align:center&#8221; use_theme_fonts=&#8221;yes&#8221; css=&#8221;.vc_custom_1595488946410{margin-top: 0px !important;margin-bottom: 12px !important;}&#8221;][vc_row_inner equal_height=&#8221;yes&#8221; css=&#8221;.vc_custom_1595459942383{margin-right: 10% !important;margin-left: 10% !important;}&#8221;][vc_column_inner width=&#8221;2\/3&#8243;][vc_column_text css=&#8221;.vc_custom_1595488880743{margin-top: 0px !important;margin-right: 5% !important;margin-bottom: 0px !important;margin-left: 5% !important;}&#8221;]<\/p>\n<p style=\"text-align: justify;\"><span style=\"font-size: 14pt;\">A maioria de n\u00f3s faz isso por causa dos altos sal\u00e1rios e a possibilidade de se juntar uma boa quantia de dinheiro em pouco tempo. Mas tamb\u00e9m existem outros benef\u00edcios, como n\u00e3o pagar aluguel, n\u00e3o gastar dinheiro em contas, quantidade ilimitada de comida, \u00e1gua e sucos, oportunidade de viajar pelo mundo (ou pelo menos para os destinos mais populares), aprender ou melhorar um idioma estrangeiro e realizar cursos que v\u00e3o com certeza aumentar as suas habilidades ou mesmo aprender uma nova profiss\u00e3o a bordo. \u00c9 por isso que usamos a hashtag <strong>#SHIPLIFE<\/strong> para compartilhar nosso estilo de vida!<\/span><\/p>\n<p>&nbsp;<\/p>\n<p style=\"text-align: justify;\"><span style=\"font-size: 14pt;\">Trabalhamos juntos, moramos juntos, comemos juntos, nos estressamos juntos e bebemos juntos (na maioria das noites), apenas para citar algumas outras coisas que os membros da tripula\u00e7\u00e3o fazem todos os dias al\u00e9m de trabalhar. Este site foi criado para ajudar voc\u00ea, sua fam\u00edlia e amigos a entender melhor como o processo funciona e que tipo de emprego voc\u00ea deve esperar. Ainda, vale lembrar que aqui, o conte\u00fado exibido \u00e9 totalmente gratuito e sempre ser\u00e1!<\/span><\/p>\n<p>[\/vc_column_text][\/vc_column_inner][vc_column_inner width=&#8221;1\/3&#8243; css=&#8221;.vc_custom_1595460071489{padding-top: 5% !important;}&#8221;][vc_raw_html]JTNDZGl2JTIwaWQlM0QlMjJmYi1yb290JTIyJTNFJTNDJTJGZGl2JTNFJTBBJTNDc2NyaXB0JTIwYXN5bmMlMjBkZWZlciUyMGNyb3Nzb3JpZ2luJTNEJTIyYW5vbnltb3VzJTIyJTIwc3JjJTNEJTIyaHR0cHMlM0ElMkYlMkZjb25uZWN0LmZhY2Vib29rLm5ldCUyRmVuX1VTJTJGc2RrLmpzJTIzeGZibWwlM0QxJTI2dmVyc2lvbiUzRHYzLjMlMjZhcHBJZCUzRDM1ODU5MzkxODIyNTM5NCUyNmF1dG9Mb2dBcHBFdmVudHMlM0QxJTIyJTNFJTNDJTJGc2NyaXB0JTNFJTBBJTBBJTNDZGl2JTIwY2xhc3MlM0QlMjJmYi1ncm91cCUyMiUyMGRhdGEtaHJlZiUzRCUyMmh0dHBzJTNBJTJGJTJGd3d3LmZhY2Vib29rLmNvbSUyRmdyb3VwcyUyRnNoaXBsaWZlLm9yZyUyRiUyMiUyMGRhdGEtd2lkdGglM0QlMjIzMDAlMjIlMjBkYXRhLXNob3ctc29jaWFsLWNvbnRleHQlM0QlMjJ0cnVlJTIyJTIwZGF0YS1zaG93LW1ldGFkYXRhJTNEJTIyZmFsc2UlMjIlM0UlM0MlMkZkaXYlM0U=[\/vc_raw_html][\/vc_column_inner][\/vc_row_inner][\/vc_column][\/vc_row][vc_row][vc_column][vc_custom_heading text=&#8221;UM AGRADECIMENTO ESPECIAL&#8221; font_container=&#8221;tag:h1|text_align:center&#8221; use_theme_fonts=&#8221;yes&#8221; el_class=&#8221;font-weight-extrabold&#8221; css=&#8221;.vc_custom_1595488962028{margin-top: 0px !important;margin-bottom: 17px !important;}&#8221;][vc_row_inner gap=&#8221;30&#8243;][vc_column_inner width=&#8221;2\/3&#8243;][vc_custom_heading text=&#8221;SOBRE A NOSSA RESPONSABILIDADE SOCIAL&#8221; font_container=&#8221;tag:h4|text_align:left&#8221; use_theme_fonts=&#8221;yes&#8221; el_class=&#8221;font-weight-extrabold&#8221; css=&#8221;.vc_custom_1595489651064{margin-top: 0px !important;margin-bottom: 17px !important;}&#8221;][vc_column_text css=&#8221;.vc_custom_1595489273941{margin-top: 0px !important;margin-bottom: 25px !important;}&#8221;]<\/p>\n<p style=\"text-align: justify;\"><span style=\"font-size: 14pt;\">Estamos aqui para fornecer informa\u00e7\u00f5es gratuitas e precisas sobre as diversas empresas, navios e como o processo de recrutamento funciona. Tamb\u00e9m fornecemos aos novos candidatos e veteranos conte\u00fados exclusivos com f\u00e1cil acesso sobre como enviar dinheiro para casa, economizar para o futuro e at\u00e9 mudar de carreira.<\/span><\/p>\n<p>&nbsp;<\/p>\n<p style=\"text-align: justify;\"><span style=\"font-size: 14pt;\">Todos os anos, estimamos que as empresas de cruzeiros, juntas, realizam mais de 150.000 entrevistas com novos candidatos, em um setor que est\u00e1 crescendo e crescendo, enquanto esperam-se candidatos cada vez melhores. A maioria das companhias de cruzeiros contratada o ano todo, portanto voc\u00ea n\u00e3o precisa esperar at\u00e9 uma certa \u00e9poca do ano para iniciar o processo seletivo. Use este site a seu favor, absorva tudo o que puder do nosso conte\u00fado e saiba que n\u00f3s desejamos muita sorte em sua jornada.<\/span><\/p>\n<p>&nbsp;<\/p>\n<p style=\"text-align: justify;\"><span style=\"font-size: 14pt;\">Mas, no entanto, gostar\u00edamos de aproveitar esta oportunidade para agradecer. Agradecemos por todo o conte\u00fado novo e corrigido que voc\u00eas nos enviam diariamente, para que possamos continuar fornecendo aos nossos visitantes informa\u00e7\u00f5es atualizadas e de forma confi\u00e1vel. Realmente apreciamos todo o feedback, cr\u00edticas e sugest\u00f5es, porque s\u00e3o essas as raz\u00f5es que nos levam a continuar trabalhando duro e mantendo este portal online e de gra\u00e7a.<\/span><\/p>\n<p>[\/vc_column_text][\/vc_column_inner][vc_column_inner width=&#8221;1\/3&#8243;][vc_single_image image=&#8221;8932&#8243; img_size=&#8221;full&#8221; alignment=&#8221;center&#8221; style=&#8221;vc_box_circle_2&#8243; css=&#8221;.vc_custom_1558400408096{margin-top: 0px !important;margin-bottom: -7px !important;}&#8221;][\/vc_column_inner][\/vc_row_inner][\/vc_column][\/vc_row]<\/p>\n","protected":false},"excerpt":{"rendered":"<p>[vc_row full_width=&#8221;stretch_row_content_no_spaces&#8221; equal_height=&#8221;yes&#8221;][vc_column][\/vc_column][\/vc_row][vc_row full_width=&#8221;stretch_row&#8221; gap=&#8221;10&#8243; css=&#8221;.vc_custom_1595458714763{background-image: url(https:\/\/shiplife.org\/2020\/wp-content\/uploads\/2020\/07\/Wallpaper-Awesome04.jpg?id=11340) !important;}&#8221;][vc_column width=&#8221;2\/3&#8243;][vc_column_text css=&#8221;.vc_custom_1595698754232{margin-top: 10px !important;}&#8221;] Somos o maior portal de informa\u00e7\u00f5es sobre o trabalho e vida a bordo de navios de cruzeiro e iates do mundo! Neste site, voc\u00ea aprender\u00e1 tudo sobre o #SHIPLIFE, desde as perguntas e requisitos b\u00e1sicos, passando por como aplicar e como funciona o [&hellip;]<\/p>\n","protected":false},"author":1,"featured_media":0,"parent":0,"menu_order":0,"comment_status":"closed","ping_status":"closed","template":"","meta":{"footnotes":""},"yst_prominent_words":[1196,1186,1942,1197,1195,1191,1182,1184,1181,1148,1139,1188,1193,1185,1190,1187,1183,1180,1189,1192,1194],"class_list":["post-10266","page","type-page","status-publish","hentry"],"_links":{"self":[{"href":"https:\/\/shiplife.org\/2020\/wp-json\/wp\/v2\/pages\/10266","targetHints":{"allow":["GET"]}}],"collection":[{"href":"https:\/\/shiplife.org\/2020\/wp-json\/wp\/v2\/pages"}],"about":[{"href":"https:\/\/shiplife.org\/2020\/wp-json\/wp\/v2\/types\/page"}],"author":[{"embeddable":true,"href":"https:\/\/shiplife.org\/2020\/wp-json\/wp\/v2\/users\/1"}],"replies":[{"embeddable":true,"href":"https:\/\/shiplife.org\/2020\/wp-json\/wp\/v2\/comments?post=10266"}],"version-history":[{"count":15,"href":"https:\/\/shiplife.org\/2020\/wp-json\/wp\/v2\/pages\/10266\/revisions"}],"predecessor-version":[{"id":11394,"href":"https:\/\/shiplife.org\/2020\/wp-json\/wp\/v2\/pages\/10266\/revisions\/11394"}],"wp:attachment":[{"href":"https:\/\/shiplife.org\/2020\/wp-json\/wp\/v2\/media?parent=10266"}],"wp:term":[{"taxonomy":"yst_prominent_words","embeddable":true,"href":"https:\/\/shiplife.org\/2020\/wp-json\/wp\/v2\/yst_prominent_words?post=10266"}],"curies":[{"name":"wp","href":"https:\/\/api.w.org\/{rel}","templated":true}]}}