{"id":10296,"date":"2019-03-17T13:03:19","date_gmt":"2019-03-17T16:03:19","guid":{"rendered":"http:\/\/shiplife.org\/?page_id=10296"},"modified":"2020-06-18T20:04:24","modified_gmt":"2020-06-18T23:04:24","slug":"build-your-resume","status":"publish","type":"page","link":"https:\/\/shiplife.org\/2020\/selection-process\/build-your-resume\/?lang=pt-br","title":{"rendered":"Monte seu curr\u00edculo"},"content":{"rendered":"<p>[vc_row css=&#8221;.vc_custom_1558884226857{margin-top: 40px !important;}&#8221;][vc_column][vc_column_text]<\/p>\n<h2 style=\"text-align: center;\">Precisando de uma ajuda com seu curr\u00edculo?<\/h2>\n<p>[\/vc_column_text][vc_column_text]<\/p>\n<p style=\"text-align: justify;\"><span style=\"font-size: 14pt;\">Aqui voc\u00ea aprende as melhores pr\u00e1ticas do mercado de trabalho e como formatar o seu curr\u00edculo para oportunidades espec\u00edficas no mundo dos cruzeiros. Preparamos este conte\u00fado junto com as maiores empresas de recrutamento do mundo de modo que voc\u00ea possa apresentar as suas experi\u00eancias profissionais de forma simples por\u00e9m chamativa para os recrutadores. Vale lembrar tamb\u00e9m, que n\u00e3o importa se voc\u00ea est\u00e1 enviando para recrutadores, ag\u00eancias ou companhias, <span style=\"color: #003366;\"><strong>todo e qualquer curr\u00edculo deve estar em ingl\u00eas<\/strong><\/span>.<br \/>\n<\/span><\/p>\n<p>[\/vc_column_text][\/vc_column][\/vc_row][vc_row][vc_column width=&#8221;1\/2&#8243;][vc_column_text]<\/p>\n<p style=\"text-align: justify;\"><span style=\"font-size: 14pt; color: #000000;\">Antes de come\u00e7ar, voc\u00ea sabe a diferen\u00e7a entre o <strong><span style=\"color: #003366;\">Curriculum Vitae<\/span><\/strong> e um <span style=\"color: #003366;\"><strong>Resume<\/strong><\/span>?<\/span><\/p>\n<p>&nbsp;<\/p>\n<p style=\"text-align: justify;\"><span style=\"font-size: 14pt;\">Bem, o <strong><span style=\"color: #003366;\">Curriculum Vitae (CV)<\/span><\/strong> \u00e9 um documento longo e bastante detalhados com as suas experi\u00eancias profissionais, geralmente apresentado em preto e branco, enquanto que um <span style=\"color: #003366;\"><strong>Resume<\/strong><\/span> \u00e9 nada mais que um resumo de todas as suas qualifica\u00e7\u00f5es espec\u00edficas para o cargo que se est\u00e1 aplicando e pode ter um design ou formata\u00e7\u00e3o diferente. E o mais importante \u00e9 que geralmente s\u00f3 inclui uma ou duas folhas de texto.<br \/>\n<\/span><\/p>\n<p>&nbsp;<\/p>\n<p style=\"text-align: justify;\"><span style=\"font-size: 14pt;\">Estatisticamente, os recrutadores de forma geral passam menos de 1 minuto olhando cada curr\u00edculo, e \u00e9 por isso que voc\u00ea deve compactar todas as informa\u00e7\u00f5es mais \u00fateis e facilitar a leitura. E \u00e9 por isso que na ind\u00fastria dos cruzeiros e iates, s\u00f3 se fala &#8220;resume&#8221;.<br \/>\n<\/span><\/p>\n<p>[\/vc_column_text][\/vc_column][vc_column width=&#8221;1\/2&#8243;][vc_single_image image=&#8221;10897&#8243; img_size=&#8221;full&#8221;][\/vc_column][\/vc_row][vc_row][vc_column][vc_zigzag css=&#8221;.vc_custom_1558885404649{margin-bottom: 20px !important;}&#8221;][vc_column_text]<\/p>\n<h2>CABE\u00c7ALHO:<\/h2>\n<p>[\/vc_column_text][vc_column_text]<\/p>\n<p style=\"text-align: justify;\"><span style=\"font-size: 14pt;\">No topo do seu curr\u00edculo, voc\u00ea n\u00e3o precisa colocar CURRICULUM VITAE ou RESUME. A pessoa que est\u00e1 recebendo o documento j\u00e1 sabe que se trata de uma aplica\u00e7\u00e3o para um cargo, ent\u00e3o escrever a palavra curr\u00edculo em seu curr\u00edculo n\u00e3o apenas soa est\u00fapido como tamb\u00e9m utiliza um espa\u00e7o precioso que poderia ter sido preenchido com outras informa\u00e7\u00f5es, como por exemplo o seu nome, n\u00famero de telefone e email.<\/span><\/p>\n<p>&nbsp;<\/p>\n<p style=\"text-align: justify;\"><span style=\"font-size: 14pt;\">N\u00f3s tamb\u00e9m recomendamos que voc\u00ea inclua uma foto recente e carism\u00e1tica, por\u00e9m profissional. N\u00e3o apenas facilita o recrutador \u00e0 associar as informa\u00e7\u00f5es com uma pessoa em espec\u00edfico, mas tamb\u00e9m \u00e9 um padr\u00e3o. Literalmente todas as empresas requerem uma foto e n\u00e3o ter uma \u00e9 motivo para ter o curr\u00edculo ou cadastro exclu\u00eddo do sistema.<br \/>\n<\/span><\/p>\n<p>[\/vc_column_text][vc_single_image image=&#8221;9530&#8243; img_size=&#8221;full&#8221; alignment=&#8221;center&#8221; style=&#8221;vc_box_border&#8221;][vc_column_text css=&#8221;.vc_custom_1592519046725{margin-right: 20% !important;margin-left: 20% !important;border-top-width: 1px !important;border-right-width: 1px !important;border-bottom-width: 1px !important;border-left-width: 1px !important;padding-top: 10px !important;padding-right: 10px !important;padding-bottom: 10px !important;padding-left: 10px !important;border-left-color: #020202 !important;border-left-style: dashed !important;border-right-color: #020202 !important;border-right-style: dashed !important;border-top-color: #020202 !important;border-top-style: dashed !important;border-bottom-color: #020202 !important;border-bottom-style: dashed !important;}&#8221;]<\/p>\n<p style=\"text-align: justify;\"><span style=\"font-size: 14pt;\"><span style=\"color: #003366;\"><strong>Observa\u00e7\u00e3o:<\/strong><\/span> No Brasil e em algumas partes do mundo n\u00e3o \u00e9 comum colocar foto no curr\u00edculo. OK, entendemos que voc\u00ea e algumas pessoas preferem n\u00e3o ter uma representa\u00e7\u00e3o, por\u00e9m isto \u00e9 um item b\u00e1sico da ind\u00fastria dos cruzeiros e iates, tamb\u00e9m observada em empresas de turismo, avia\u00e7\u00e3o e hotelaria. Ao longo dos anos recebemos v\u00e1rias mensagens como &#8220;nunca me chamam para fazer entrevista, por que?&#8221; e um fator comum em quase todos os casos \u00e9 a falta de uma foto no curr\u00edculo. Por isto, caso queira realmente a chance de disputar uma vaga de trabalho, recomendamos que acrescente uma foto no seu curr\u00edculo.<br \/>\n<\/span><\/p>\n<p>[\/vc_column_text][\/vc_column][\/vc_row][vc_row][vc_column][vc_zigzag css=&#8221;.vc_custom_1558885404649{margin-bottom: 20px !important;}&#8221;][vc_column_text]<\/p>\n<h2>CORPO:<\/h2>\n<p>[\/vc_column_text][vc_column_text]<\/p>\n<p style=\"text-align: justify;\"><span style=\"font-size: 14pt;\">Voc\u00ea pode incluir uma breve sauda\u00e7\u00e3o profissional ou citar os seus objetivos quanto \u00e0 uma vaga espec\u00edfica ou departamento, por\u00e9m \u00e9 totalmente opcional. Se voc\u00ea est\u00e1 na d\u00favida se deve incluir ou n\u00e3o, \u00e9 melhor n\u00e3o colocar nada e ir direto para as suas experi\u00eancias profissionais e forma\u00e7\u00e3o acad\u00eamica.<br \/>\n<\/span><\/p>\n<p>[\/vc_column_text][vc_row_inner][vc_column_inner width=&#8221;1\/2&#8243;][vc_column_text]<\/p>\n<p style=\"text-align: justify;\"><span style=\"font-size: 14pt;\">O mais importante \u00e9 colocar as suas experi\u00eancias profissionais sendo a experi\u00eancia mais recente no topo e indo de forma cronol\u00f3gica reversa. N\u00e3o se esque\u00e7a de incluir o nome da companhia, o nome do cargo e a data de perman\u00eancia, do m\u00eas\/ano em que voc\u00ea come\u00e7ou at\u00e9 o m\u00eas\/ano em que trabalhou. Caso ainda esteja na mesma companhia, ao inv\u00e9s de colocar uma data de sa\u00edda, apenas coloque\u00a0 \u201cto Present\u201d. Fa\u00e7a tamb\u00e9m um sum\u00e1rio com todas as suas atribui\u00e7\u00f5es e tarefas mais importantes como por exemplo \u201cMaintain customer service standards\u201d.<\/span><\/p>\n<p style=\"text-align: justify;\"><span style=\"font-size: 14pt;\">Se voc\u00ea mudou bastante de emprego nos \u00faltimos anos, d\u00ea prefer\u00eancia para listar apenas aqueles que tenham haver com o cargo que voc\u00ea est\u00e1 aplicando no momento.<\/span><\/p>\n<p style=\"text-align: justify;\"><span style=\"font-size: 14pt;\">Ap\u00f3s listar as suas experi\u00eancias profissionais, d\u00ea sequencia para a sua forma\u00e7\u00e3o acad\u00eamica, novamente com o curso mais recente no topo da lista. Se voc\u00ea n\u00e3o possui um curso superior ou t\u00e9cnico n\u00e3o tem problema algum, basta colocar a escola onde terminou o ensino m\u00e9dio junto da data de conclus\u00e3o.<br \/>\n<\/span><\/p>\n<p>[\/vc_column_text][\/vc_column_inner][vc_column_inner width=&#8221;1\/2&#8243;][vc_single_image image=&#8221;9518&#8243; img_size=&#8221;full&#8221; alignment=&#8221;center&#8221; style=&#8221;vc_box_border&#8221;][\/vc_column_inner][\/vc_row_inner][vc_row_inner][vc_column_inner][vc_column_text]<\/p>\n<p style=\"text-align: justify;\"><span style=\"font-size: 14pt;\">No fim, inclua quaisquer certifica\u00e7\u00f5es que voc\u00ea j\u00e1 possua na \u00e1rea. Certifica\u00e7\u00f5es como o STCW, Prote\u00e7\u00e3o contra Inc\u00eandios, Seguran\u00e7a em Navios, Curso b\u00e1sico de Hotelaria, etc.<\/span><\/p>\n<p>&nbsp;<\/p>\n<p style=\"text-align: justify;\"><span style=\"font-size: 14pt;\"><strong><span style=\"color: #ff0000;\">NOTA:<\/span> <\/strong>Nunca inclua os n\u00fameros de certifica\u00e7\u00e3o no seu curr\u00edculo. Caso seja necess\u00e1rio, o recrutador ou empresa especificar\u00e1 em uma mensagem a parte.<br \/>\n<\/span><\/p>\n<p>[\/vc_column_text][\/vc_column_inner][\/vc_row_inner][\/vc_column][\/vc_row][vc_row][vc_column][vc_zigzag css=&#8221;.vc_custom_1558885404649{margin-bottom: 20px !important;}&#8221;][vc_column_text]<\/p>\n<h2>RODAP\u00c9:<\/h2>\n<p>[\/vc_column_text][vc_column_text]<\/p>\n<p style=\"text-align: justify;\"><span style=\"font-size: 14pt;\">No fim da p\u00e1gina, inclua suas habilidades espec\u00edficas, idiomas que fala e quaisquer outros cursos que tenha feito e que sejam voltados para o cargo que voc\u00ea deseja. Voc\u00ea tamb\u00e9m pode incluir se j\u00e1 tem passaporte v\u00e1lido, dupla cidadania ou se j\u00e1 possui algum visto (especialmente \u00fatil caso esteja aplicando para companhias fluviais ou iates).<br \/>\n<\/span><\/p>\n<p>[\/vc_column_text][vc_row_inner][vc_column_inner width=&#8221;1\/2&#8243;][vc_single_image image=&#8221;9524&#8243; img_size=&#8221;full&#8221; alignment=&#8221;center&#8221; style=&#8221;vc_box_border&#8221;][\/vc_column_inner][vc_column_inner width=&#8221;1\/2&#8243;][vc_column_text]<\/p>\n<p style=\"text-align: justify;\"><span style=\"font-size: 14pt;\">Quanto aos seus idiomas, inclua apenas aqueles que voc\u00ea t\u00eam profici\u00eancia de ter ao menos uma conversa. Em suma, n\u00e3o inclua nada que voc\u00ea apenas tenha o b\u00e1sico, por que n\u00e3o \u00e9 considerado um atrativo profissional.<br \/>\n<\/span><\/p>\n<p>&nbsp;<\/p>\n<p style=\"text-align: justify;\"><span style=\"font-size: 14pt;\"><span style=\"color: #ff0000;\"><strong>NOTA:<\/strong> <\/span>N\u00e3o inclua o n\u00famero do seu passaporte, visto ou outro c\u00f3digo de verifica\u00e7\u00e3o no seu curr\u00edculo.<\/span><\/p>\n<p>[\/vc_column_text][\/vc_column_inner][\/vc_row_inner][\/vc_column][\/vc_row][vc_row][vc_column][vc_empty_space height=&#8221;50px&#8221;][\/vc_column][\/vc_row][vc_row][vc_column][vc_zigzag color=&#8221;custom&#8221; custom_color=&#8221;#155a96&#8243; css=&#8221;.vc_custom_1558887658488{margin-bottom: 20px !important;}&#8221;][vc_column_text]<\/p>\n<h2 style=\"text-align: center;\">MODELOS DE CURR\u00cdCULO:<\/h2>\n<p>[\/vc_column_text][vc_column_text css=&#8221;.vc_custom_1592520911854{margin-right: 10% !important;margin-left: 10% !important;}&#8221;]<\/p>\n<p style=\"text-align: justify;\"><span style=\"font-size: 14pt;\">Somente aqui no site do <span style=\"color: #003366;\"><strong>#SHIPLIFE<\/strong><\/span> voc\u00ea tem acesso exclusivo aos melhores conte\u00fados e por causa disso tamb\u00e9m inclu\u00edmos modelos de curr\u00edculos para voc\u00ea fazer o download e utilizar da forma que quiser. Para baixar, basta clicar no modelo que deseja e pronto, mas n\u00e3o se esque\u00e7a de alterar e revisar as suas informa\u00e7\u00f5es pessoais! Para facilitar a sua vida, marcamos os campos espec\u00edficos em amarelo nos documentos feitos no Word. Tamb\u00e9m inclu\u00edmos dois modelos em Photoshop (.psd) para quem j\u00e1 tiver conhecimento do mesmo.<br \/>\n<\/span><\/p>\n<p>[\/vc_column_text][vc_row_inner equal_height=&#8221;yes&#8221; gap=&#8221;5&#8243;][vc_column_inner width=&#8221;1\/5&#8243;][vc_single_image image=&#8221;10882&#8243; img_size=&#8221;full&#8221; alignment=&#8221;center&#8221; onclick=&#8221;custom_link&#8221; img_link_target=&#8221;_blank&#8221; link=&#8221;http:\/\/www.shiplife.org\/downloads\/model01.zip&#8221;][vc_column_text]<\/p>\n<p style=\"text-align: center;\"><strong>MODELO 1 (WORD)<\/strong><\/p>\n<p>[\/vc_column_text][vc_single_image image=&#8221;10892&#8243; img_size=&#8221;full&#8221; alignment=&#8221;center&#8221; style=&#8221;vc_box_border&#8221; border_color=&#8221;sky&#8221; onclick=&#8221;custom_link&#8221; img_link_target=&#8221;_blank&#8221; link=&#8221;http:\/\/www.shiplife.org\/downloads\/model01.zip&#8221;][\/vc_column_inner][vc_column_inner width=&#8221;1\/5&#8243;][vc_single_image image=&#8221;10882&#8243; img_size=&#8221;full&#8221; alignment=&#8221;center&#8221; onclick=&#8221;custom_link&#8221; img_link_target=&#8221;_blank&#8221; link=&#8221;http:\/\/www.shiplife.org\/downloads\/model02.zip&#8221;][vc_column_text]<\/p>\n<p style=\"text-align: center;\"><strong>MODELO 2 (WORD)<\/strong><\/p>\n<p>[\/vc_column_text][vc_single_image image=&#8221;10893&#8243; img_size=&#8221;full&#8221; alignment=&#8221;center&#8221; style=&#8221;vc_box_border&#8221; border_color=&#8221;sky&#8221; onclick=&#8221;custom_link&#8221; img_link_target=&#8221;_blank&#8221; link=&#8221;http:\/\/www.shiplife.org\/downloads\/model02.zip&#8221;][\/vc_column_inner][vc_column_inner width=&#8221;1\/5&#8243;][vc_single_image image=&#8221;10882&#8243; img_size=&#8221;full&#8221; alignment=&#8221;center&#8221; onclick=&#8221;custom_link&#8221; img_link_target=&#8221;_blank&#8221; link=&#8221;http:\/\/www.shiplife.org\/downloads\/model03.zip&#8221;][vc_column_text]<\/p>\n<p style=\"text-align: center;\"><strong>MODELO 3 (WORD)<\/strong><\/p>\n<p>[\/vc_column_text][vc_single_image image=&#8221;10894&#8243; img_size=&#8221;full&#8221; alignment=&#8221;center&#8221; style=&#8221;vc_box_border&#8221; border_color=&#8221;sky&#8221; onclick=&#8221;custom_link&#8221; img_link_target=&#8221;_blank&#8221; link=&#8221;http:\/\/www.shiplife.org\/downloads\/model03.zip&#8221;][\/vc_column_inner][vc_column_inner width=&#8221;1\/5&#8243;][vc_single_image image=&#8221;10884&#8243; img_size=&#8221;full&#8221; alignment=&#8221;center&#8221; onclick=&#8221;custom_link&#8221; img_link_target=&#8221;_blank&#8221; link=&#8221;http:\/\/www.shiplife.org\/downloads\/model04.zip&#8221;][vc_column_text]<\/p>\n<p style=\"text-align: center;\"><strong>MODELO 4 (PSD)<\/strong><\/p>\n<p>[\/vc_column_text][vc_single_image image=&#8221;10895&#8243; img_size=&#8221;full&#8221; alignment=&#8221;center&#8221; style=&#8221;vc_box_border&#8221; border_color=&#8221;sky&#8221; onclick=&#8221;custom_link&#8221; img_link_target=&#8221;_blank&#8221; link=&#8221;http:\/\/www.shiplife.org\/downloads\/model04.zip&#8221;][\/vc_column_inner][vc_column_inner width=&#8221;1\/5&#8243;][vc_single_image image=&#8221;10884&#8243; img_size=&#8221;full&#8221; alignment=&#8221;center&#8221; onclick=&#8221;custom_link&#8221; img_link_target=&#8221;_blank&#8221; link=&#8221;http:\/\/www.shiplife.org\/downloads\/model05.zip&#8221;][vc_column_text]<\/p>\n<p style=\"text-align: center;\"><strong>MODELO 5 (PSD)<\/strong><\/p>\n<p>[\/vc_column_text][vc_single_image image=&#8221;10896&#8243; img_size=&#8221;full&#8221; alignment=&#8221;center&#8221; style=&#8221;vc_box_border&#8221; border_color=&#8221;sky&#8221; onclick=&#8221;custom_link&#8221; img_link_target=&#8221;_blank&#8221; link=&#8221;http:\/\/www.shiplife.org\/downloads\/model05.zip&#8221;][\/vc_column_inner][\/vc_row_inner][\/vc_column][\/vc_row][vc_row css=&#8221;.vc_custom_1581380284454{margin-top: 20px !important;}&#8221;][vc_column width=&#8221;1\/2&#8243;][vc_column_text]<\/p>\n<p style=\"text-align: justify;\"><span style=\"font-size: 18pt;\">Se voc\u00ea gostou desse conte\u00fado e acha que salvamos a sua vida, curta a nossa p\u00e1gina no Facebook!<\/span><\/p>\n<p>[\/vc_column_text][\/vc_column][vc_column width=&#8221;1\/2&#8243;][vc_raw_js]JTNDaWZyYW1lJTIwc3JjJTNEJTIyaHR0cHMlM0ElMkYlMkZ3d3cuZmFjZWJvb2suY29tJTJGcGx1Z2lucyUyRnBhZ2UucGhwJTNGaHJlZiUzRGh0dHBzJTI1M0ElMjUyRiUyNTJGd3d3LmZhY2Vib29rLmNvbSUyNTJGc2hpcGxpZmUub3JnJTI2dGFicyUyNndpZHRoJTNEMzQwJTI2aGVpZ2h0JTNEMjE0JTI2c21hbGxfaGVhZGVyJTNEZmFsc2UlMjZhZGFwdF9jb250YWluZXJfd2lkdGglM0R0cnVlJTI2aGlkZV9jb3ZlciUzRGZhbHNlJTI2c2hvd19mYWNlcGlsZSUzRHRydWUlMjZhcHBJZCUzRDM1ODU5MzkxODIyNTM5NCUyMiUyMHdpZHRoJTNEJTIyMzQwJTIyJTIwaGVpZ2h0JTNEJTIyMjE0JTIyJTIwc3R5bGUlM0QlMjJib3JkZXIlM0Fub25lJTNCb3ZlcmZsb3clM0FoaWRkZW4lMjIlMjBzY3JvbGxpbmclM0QlMjJubyUyMiUyMGZyYW1lYm9yZGVyJTNEJTIyMCUyMiUyMGFsbG93VHJhbnNwYXJlbmN5JTNEJTIydHJ1ZSUyMiUyMGFsbG93JTNEJTIyZW5jcnlwdGVkLW1lZGlhJTIyJTNFJTNDJTJGaWZyYW1lJTNF[\/vc_raw_js][\/vc_column][\/vc_row]<\/p>\n","protected":false},"excerpt":{"rendered":"<p>[vc_row css=&#8221;.vc_custom_1558884226857{margin-top: 40px !important;}&#8221;][vc_column][vc_column_text] Precisando de uma ajuda com seu curr\u00edculo? [\/vc_column_text][vc_column_text] Aqui voc\u00ea aprende as melhores pr\u00e1ticas do mercado de trabalho e como formatar o seu curr\u00edculo para oportunidades espec\u00edficas no mundo dos cruzeiros. Preparamos este conte\u00fado junto com as maiores empresas de recrutamento do mundo de modo que voc\u00ea possa apresentar as suas [&hellip;]<\/p>\n","protected":false},"author":1,"featured_media":0,"parent":10295,"menu_order":0,"comment_status":"closed","ping_status":"closed","template":"","meta":{"footnotes":""},"yst_prominent_words":[2270,2260,2259,2261,2255,2269,2268,2277,2283,2278,2282,2276,2281,1188,1216,1340,2251,2254,2252,1189],"class_list":["post-10296","page","type-page","status-publish","hentry"],"_links":{"self":[{"href":"https:\/\/shiplife.org\/2020\/wp-json\/wp\/v2\/pages\/10296","targetHints":{"allow":["GET"]}}],"collection":[{"href":"https:\/\/shiplife.org\/2020\/wp-json\/wp\/v2\/pages"}],"about":[{"href":"https:\/\/shiplife.org\/2020\/wp-json\/wp\/v2\/types\/page"}],"author":[{"embeddable":true,"href":"https:\/\/shiplife.org\/2020\/wp-json\/wp\/v2\/users\/1"}],"replies":[{"embeddable":true,"href":"https:\/\/shiplife.org\/2020\/wp-json\/wp\/v2\/comments?post=10296"}],"version-history":[{"count":8,"href":"https:\/\/shiplife.org\/2020\/wp-json\/wp\/v2\/pages\/10296\/revisions"}],"predecessor-version":[{"id":11205,"href":"https:\/\/shiplife.org\/2020\/wp-json\/wp\/v2\/pages\/10296\/revisions\/11205"}],"up":[{"embeddable":true,"href":"https:\/\/shiplife.org\/2020\/wp-json\/wp\/v2\/pages\/10295"}],"wp:attachment":[{"href":"https:\/\/shiplife.org\/2020\/wp-json\/wp\/v2\/media?parent=10296"}],"wp:term":[{"taxonomy":"yst_prominent_words","embeddable":true,"href":"https:\/\/shiplife.org\/2020\/wp-json\/wp\/v2\/yst_prominent_words?post=10296"}],"curies":[{"name":"wp","href":"https:\/\/api.w.org\/{rel}","templated":true}]}}