{"id":10297,"date":"2019-06-16T19:12:43","date_gmt":"2019-06-16T22:12:43","guid":{"rendered":"http:\/\/shiplife.org\/?page_id=10297"},"modified":"2020-06-23T20:14:40","modified_gmt":"2020-06-23T23:14:40","slug":"hiring-agencies","status":"publish","type":"page","link":"https:\/\/shiplife.org\/2020\/selection-process\/hiring-agencies\/?lang=pt-br","title":{"rendered":"Ag\u00eancias de Recrutamento"},"content":{"rendered":"<p>[vc_row css=&#8221;.vc_custom_1558890728198{margin-top: 40px !important;}&#8221;][vc_column][vc_column_text]<\/p>\n<h2 style=\"text-align: left;\">Ag\u00eancias de recrutamento pelo mundo:<\/h2>\n<p>[\/vc_column_text][vc_column_text]<\/p>\n<p style=\"text-align: justify;\"><span style=\"font-size: 14pt;\">O mundo \u00e9 grande, e a log\u00edstica envolvida no recrutamento de membros de equipes de diferentes pa\u00edses para se juntar a diferentes embarca\u00e7\u00f5es em diferentes pa\u00edses, em uma data e um per\u00edodo de tempo muito espec\u00edficos, \u00e9 ca\u00f3tica. \u00c9 por isso que a maioria dos navios de cruzeiro e iates tem uma ag\u00eancia de contrata\u00e7\u00e3o respons\u00e1vel por todo o recrutamento, manuseio de documentos e log\u00edstica para recrutar um candidato local e ajudar o mesmo a embarcar em um navio distante. Em nota, tamb\u00e9m mencionamos que a maioria das companhias de cruzeiro no mundo todo tamb\u00e9m aceita candidatos que se candidatam diretamente com a empresa, sem precisar passar por ag\u00eancias.<br \/>\n<\/span><\/p>\n<p>&nbsp;<\/p>\n<p style=\"text-align: justify;\"><span style=\"font-size: 14pt;\">Aqui listamos (ou pelo menos tentamos) todas as ag\u00eancias de recrutamento no mundo e para quais empresas elas recrutam. Se voc\u00ea conhece alguma ag\u00eancia que est\u00e1 faltando ou precisa de uma atualiza\u00e7\u00e3o das informa\u00e7\u00f5es, sinta-se \u00e0 vontade para entrar em contato conosco, preenchendo o formul\u00e1rio na parte inferior desta p\u00e1gina.<\/span><\/p>\n<p>[\/vc_column_text][vc_zigzag css=&#8221;.vc_custom_1558891935017{margin-bottom: 20px !important;}&#8221;][vc_row_inner equal_height=&#8221;yes&#8221; gap=&#8221;10&#8243;][vc_column_inner][vc_column_text css=&#8221;.vc_custom_1560736663095{border-top-width: 1px !important;border-right-width: 1px !important;border-bottom-width: 1px !important;border-left-width: 1px !important;padding-top: 10px !important;padding-right: 15px !important;padding-bottom: 10px !important;padding-left: 15px !important;background-color: #e8b2b2 !important;border-left-color: #020202 !important;border-left-style: dashed !important;border-right-color: #020202 !important;border-right-style: dashed !important;border-top-color: #020202 !important;border-top-style: dashed !important;border-bottom-color: #020202 !important;border-bottom-style: dashed !important;border-radius: 10px !important;}&#8221;]<\/p>\n<p style=\"text-align: justify;\"><span style=\"font-size: 14pt;\"><strong>AVISO:<\/strong> Infelizmente, vivemos em um mundo onde algumas pessoas tentam se aproveitar das outras, portanto, esteja ciente de que existem ag\u00eancias falsas que tentam convencer os candidatos a pagar-lhes dinheiro para serem contratados ou solicitar detalhes privados (como o n\u00famero do seu passaporte), a fim de vender c\u00f3pias falsas em algum outro lugar. Alguns detalhes podem estar bem evidentes, como, por exemplo, se a ag\u00eancia com a qual voc\u00ea est\u00e1 lidando n\u00e3o tiver um site oficial ou e-mail (exemplo: e-mails do Gmail, Yahoo, Outlook), ou se prometerem embarcar instantaneamente ou est\u00e3o \u00e0 procura de uma pessoa para lavar lou\u00e7a para receber 5.000 euros por m\u00eas; Se voc\u00ea est\u00e1 tendo algum tipo de experi\u00eancia deste tipo, voc\u00ea pode come\u00e7ar a perguntar se eles s\u00e3o reais ou n\u00e3o.<\/span><\/p>\n<p>&nbsp;<\/p>\n<p style=\"text-align: justify;\"><span style=\"font-size: 14pt;\">N\u00f3s temos uma <a href=\"http:\/\/shiplife.org\/selection-process\/hiring-agencies\/list-fake-agencies\/?lang=pt-br\">lista das ag\u00eancias falsas aqui<\/a>, ent\u00e3o tome cuidado para n\u00e3o cair neste tipo de golpe!<br \/>\n<\/span>[\/vc_column_text][vc_column_text css=&#8221;.vc_custom_1560736455184{border-top-width: 1px !important;border-right-width: 1px !important;border-bottom-width: 1px !important;border-left-width: 1px !important;padding-top: 10px !important;padding-right: 15px !important;padding-bottom: 10px !important;padding-left: 15px !important;background-color: #ffedc4 !important;border-left-color: #020202 !important;border-left-style: dashed !important;border-right-color: #020202 !important;border-right-style: dashed !important;border-top-color: #020202 !important;border-top-style: dashed !important;border-bottom-color: #020202 !important;border-bottom-style: dashed !important;border-radius: 10px !important;}&#8221;]<\/p>\n<p style=\"text-align: justify;\"><span style=\"font-size: 14pt;\"><strong>ATEN\u00c7\u00c3O:<\/strong> As ag\u00eancias oficiais n\u00e3o est\u00e3o autorizadas a cobrar em nada os candidatos e de nenhuma maneira durante o processo de sele\u00e7\u00e3o, conforme a Conven\u00e7\u00e3o do Trabalho Mar\u00edtimo. Ainda assim, estamos cientes de que muitas ag\u00eancias em todo o mundo cobram novas contrata\u00e7\u00f5es com taxas de entrevista ou solicitam pagamentos para serem contratadas. Se voc\u00ea est\u00e1 sendo cobrado durante o processo de sele\u00e7\u00e3o, voc\u00ea tem o direito de recusar e tamb\u00e9m denunciar a ag\u00eancia ao \u00f3rg\u00e3o respons\u00e1vel (MLC). Cobrar por cursos complementares ou separados ou dar treinamentos extras para candidatos sobre diversos assuntos n\u00e3o \u00e9 considerado uma infra\u00e7\u00e3o, como aulas de ingl\u00eas ou aulas de hospitalidade.<\/span><\/p>\n<p>[\/vc_column_text][vc_zigzag css=&#8221;.vc_custom_1558891935017{margin-bottom: 20px !important;}&#8221;][\/vc_column_inner][\/vc_row_inner][\/vc_column][\/vc_row][vc_row][vc_column][vc_column_text]<\/p>\n<h2 style=\"text-align: center;\">Escolha pelo pa\u00eds:<\/h2>\n<p>[\/vc_column_text][vc_basic_grid post_type=&#8221;post&#8221; max_items=&#8221;-1&#8243; show_filter=&#8221;yes&#8221; element_width=&#8221;2&#8243; gap=&#8221;20&#8243; orderby=&#8221;rand&#8221; order=&#8221;ASC&#8221; filter_style=&#8221;filled&#8221; filter_default_title=&#8221;TODAS&#8221; filter_size=&#8221;lg&#8221; item=&#8221;9652&#8243; initial_loading_animation=&#8221;none&#8221; grid_id=&#8221;vc_gid:1592953954362-08a6883dd0e1150b50c5e41ae08ff3a6-3&#8243; filter_source=&#8221;category&#8221; exclude_filter=&#8221;1&#8243; el_id=&#8221;AllAgencies&#8221;][vc_zigzag css=&#8221;.vc_custom_1558891935017{margin-bottom: 20px !important;}&#8221;][\/vc_column][\/vc_row][vc_row][vc_column][vc_column_text]<\/p>\n<h3 style=\"text-align: center;\">Alguma ag\u00eancia faltando?<\/h3>\n<p>[\/vc_column_text][vc_row_inner equal_height=&#8221;yes&#8221; css=&#8221;.vc_custom_1559092288051{margin-top: -30px !important;}&#8221;][vc_column_inner][vc_column_text]<\/p>\n<p style=\"text-align: justify;\"><span style=\"font-size: 14pt;\">Se voc\u00ea est\u00e1 procurando uma ag\u00eancia que n\u00e3o est\u00e1 em nossa lista, ou se voc\u00ea trabalha \/ possui uma ag\u00eancia que contrata navios de cruzeiro, cruzeiros fluviais e\/ou iates e n\u00e3o est\u00e1 em nossa lista, \u00e9 f\u00e1cil! Basta preencher o formul\u00e1rio abaixo e n\u00f3s iremos adicionar (ou atualizar os detalhes da ag\u00eancia) assim que pudermos!<\/span><\/p>\n<p>[\/vc_column_text]<noscript class=\"ninja-forms-noscript-message\">\n\tNotice: JavaScript is required for this content.<\/noscript>\n<div id=\"nf-form-9-cont\" class=\"nf-form-cont\" aria-live=\"polite\" aria-labelledby=\"nf-form-title-9\" aria-describedby=\"nf-form-errors-9\" role=\"form\">\n\n    <div class=\"nf-loading-spinner\"><\/div>\n\n<\/div>\n        <!-- That data is being printed as a workaround to page builders reordering the order of the scripts loaded-->\n        <script>var formDisplay=1;var nfForms=nfForms||[];var form=[];form.id='9';form.settings={\"objectType\":\"Form Setting\",\"editActive\":true,\"title\":\"Agency Updates - Portuguese\",\"created_at\":\"2019-06-16 19:36:24\",\"default_label_pos\":\"above\",\"show_title\":\"0\",\"clear_complete\":\"1\",\"hide_complete\":\"1\",\"logged_in\":\"\",\"allow_public_link\":\"0\",\"embed_form\":\"\",\"wrapper_class\":\"\",\"element_class\":\"\",\"key\":\"\",\"add_submit\":\"0\",\"currency\":\"\",\"unique_field_error\":\"A form with this value has already been submitted.\",\"not_logged_in_msg\":\"\",\"sub_limit_msg\":\"The form has reached its submission limit.\",\"calculations\":[],\"formContentData\":[\"nome_1560724724428\",\"email_1559172257439\",\"o_que_voce_precisa_1560724732068\",\"nome_da_agencia_1560724757785\",\"o_que_precisamos_alterar_1560724766185\",\"recaptcha_1559176320607\",\"enviar_1560724771769\"],\"public_link\":\"http:\\\/\\\/shiplife.org\\\/2020\\\/ninja-forms\\\/4nbfb\",\"changeEmailErrorMsg\":\"Please enter a valid email address!\",\"changeDateErrorMsg\":\"Please enter a valid date!\",\"confirmFieldErrorMsg\":\"These fields must match!\",\"fieldNumberNumMinError\":\"Number Min Error\",\"fieldNumberNumMaxError\":\"Number Max Error\",\"fieldNumberIncrementBy\":\"Please increment by \",\"formErrorsCorrectErrors\":\"Please correct errors before submitting this form.\",\"validateRequiredField\":\"This is a required field.\",\"honeypotHoneypotError\":\"Honeypot Error\",\"fieldsMarkedRequired\":\"Fields marked with an <span class=\\\"ninja-forms-req-symbol\\\">*<\\\/span> are required\",\"drawerDisabled\":false,\"public_link_key\":\"4nbfb\",\"ninjaForms\":\"Ninja Forms\",\"fieldTextareaRTEInsertLink\":\"Insert Link\",\"fieldTextareaRTEInsertMedia\":\"Insert Media\",\"fieldTextareaRTESelectAFile\":\"Select a file\",\"formHoneypot\":\"If you are a human seeing this field, please leave it empty.\",\"fileUploadOldCodeFileUploadInProgress\":\"File Upload in Progress.\",\"fileUploadOldCodeFileUpload\":\"FILE UPLOAD\",\"currencySymbol\":\"&#36;\",\"thousands_sep\":\",\",\"decimal_point\":\".\",\"siteLocale\":\"en_US\",\"dateFormat\":\"d\\\/m\\\/Y\",\"startOfWeek\":\"1\",\"of\":\"of\",\"previousMonth\":\"Previous Month\",\"nextMonth\":\"Next Month\",\"months\":[\"January\",\"February\",\"March\",\"April\",\"May\",\"June\",\"July\",\"August\",\"September\",\"October\",\"November\",\"December\"],\"monthsShort\":[\"Jan\",\"Feb\",\"Mar\",\"Apr\",\"May\",\"Jun\",\"Jul\",\"Aug\",\"Sep\",\"Oct\",\"Nov\",\"Dec\"],\"weekdays\":[\"Sunday\",\"Monday\",\"Tuesday\",\"Wednesday\",\"Thursday\",\"Friday\",\"Saturday\"],\"weekdaysShort\":[\"Sun\",\"Mon\",\"Tue\",\"Wed\",\"Thu\",\"Fri\",\"Sat\"],\"weekdaysMin\":[\"Su\",\"Mo\",\"Tu\",\"We\",\"Th\",\"Fr\",\"Sa\"],\"recaptchaConsentMissing\":\"reCaptcha validation couldn&#039;t load.\",\"recaptchaMissingCookie\":\"reCaptcha v3 validation couldn&#039;t load the cookie needed to submit the form.\",\"recaptchaConsentEvent\":\"Accept reCaptcha cookies before sending the form.\",\"currency_symbol\":\"\",\"beforeForm\":\"\",\"beforeFields\":\"\",\"afterFields\":\"\",\"afterForm\":\"\"};form.fields=[{\"objectType\":\"Field\",\"objectDomain\":\"fields\",\"editActive\":false,\"order\":1,\"label\":\"Nome\",\"type\":\"firstname\",\"key\":\"nome_1560724724428\",\"label_pos\":\"above\",\"required\":1,\"default\":\"\",\"placeholder\":\"\",\"container_class\":\"\",\"element_class\":\"\",\"admin_label\":\"\",\"help_text\":\"\",\"custom_name_attribute\":\"fname\",\"personally_identifiable\":1,\"value\":\"\",\"field_label\":\"Name\",\"field_key\":\"name_1559176228632\",\"id\":56,\"beforeField\":\"\",\"afterField\":\"\",\"parentType\":\"firstname\",\"element_templates\":[\"firstname\",\"input\"],\"old_classname\":\"\",\"wrap_template\":\"wrap\"},{\"objectType\":\"Field\",\"objectDomain\":\"fields\",\"editActive\":false,\"order\":2,\"label\":\"Email\",\"type\":\"email\",\"key\":\"email_1559172257439\",\"label_pos\":\"above\",\"required\":1,\"default\":\"\",\"placeholder\":\"\",\"container_class\":\"\",\"element_class\":\"\",\"admin_label\":\"\",\"help_text\":\"\",\"custom_name_attribute\":\"email\",\"personally_identifiable\":1,\"value\":\"\",\"field_label\":\"Email\",\"field_key\":\"email_1559172257439\",\"id\":57,\"beforeField\":\"\",\"afterField\":\"\",\"parentType\":\"email\",\"element_templates\":[\"email\",\"input\"],\"old_classname\":\"\",\"wrap_template\":\"wrap\"},{\"objectType\":\"Field\",\"objectDomain\":\"fields\",\"editActive\":false,\"order\":3,\"label\":\"O que voc\\u00ea precisa?\",\"type\":\"listcheckbox\",\"key\":\"o_que_voce_precisa_1560724732068\",\"label_pos\":\"above\",\"required\":1,\"options\":[{\"errors\":[],\"max_options\":0,\"label\":\"Adicionar uma ag\\u00eancia\",\"value\":\"adicionar-uma-agencia\",\"calc\":\"\",\"selected\":0,\"order\":0,\"settingModel\":{\"settings\":false,\"hide_merge_tags\":false,\"error\":false,\"name\":\"options\",\"type\":\"option-repeater\",\"label\":\"Options <a href=\\\"#\\\" class=\\\"nf-add-new\\\">Add New<\\\/a> <a href=\\\"#\\\" class=\\\"extra nf-open-import-tooltip\\\"><i class=\\\"fa fa-sign-in\\\" aria-hidden=\\\"true\\\"><\\\/i> Import<\\\/a>\",\"width\":\"full\",\"group\":\"\",\"value\":[{\"label\":\"One\",\"value\":\"one\",\"calc\":\"\",\"selected\":0,\"order\":0},{\"label\":\"Two\",\"value\":\"two\",\"calc\":\"\",\"selected\":0,\"order\":1},{\"label\":\"Three\",\"value\":\"three\",\"calc\":\"\",\"selected\":0,\"order\":2}],\"columns\":{\"label\":{\"header\":\"Label\",\"default\":\"\"},\"value\":{\"header\":\"Value\",\"default\":\"\"},\"calc\":{\"header\":\"Calc Value\",\"default\":\"\"},\"selected\":{\"header\":\"<span class=\\\"dashicons dashicons-yes\\\"><\\\/span>\",\"default\":0}}}},{\"errors\":[],\"max_options\":0,\"label\":\"Remover uma ag\\u00eancia\",\"value\":\"remover-uma-agencia\",\"calc\":\"\",\"selected\":0,\"order\":1,\"settingModel\":{\"settings\":false,\"hide_merge_tags\":false,\"error\":false,\"name\":\"options\",\"type\":\"option-repeater\",\"label\":\"Options <a href=\\\"#\\\" class=\\\"nf-add-new\\\">Add New<\\\/a> <a href=\\\"#\\\" class=\\\"extra nf-open-import-tooltip\\\"><i class=\\\"fa fa-sign-in\\\" aria-hidden=\\\"true\\\"><\\\/i> Import<\\\/a>\",\"width\":\"full\",\"group\":\"\",\"value\":[{\"label\":\"One\",\"value\":\"one\",\"calc\":\"\",\"selected\":0,\"order\":0},{\"label\":\"Two\",\"value\":\"two\",\"calc\":\"\",\"selected\":0,\"order\":1},{\"label\":\"Three\",\"value\":\"three\",\"calc\":\"\",\"selected\":0,\"order\":2}],\"columns\":{\"label\":{\"header\":\"Label\",\"default\":\"\"},\"value\":{\"header\":\"Value\",\"default\":\"\"},\"calc\":{\"header\":\"Calc Value\",\"default\":\"\"},\"selected\":{\"header\":\"<span class=\\\"dashicons dashicons-yes\\\"><\\\/span>\",\"default\":0}}}},{\"errors\":[],\"max_options\":0,\"label\":\"Atualizar as informa\\u00e7\\u00f5es da ag\\u00eancia\",\"value\":\"atualizar-as-informacoes-da-agencia\",\"calc\":\"\",\"selected\":0,\"order\":2,\"settingModel\":{\"settings\":false,\"hide_merge_tags\":false,\"error\":false,\"name\":\"options\",\"type\":\"option-repeater\",\"label\":\"Options <a href=\\\"#\\\" class=\\\"nf-add-new\\\">Add New<\\\/a> <a href=\\\"#\\\" class=\\\"extra nf-open-import-tooltip\\\"><i class=\\\"fa fa-sign-in\\\" aria-hidden=\\\"true\\\"><\\\/i> Import<\\\/a>\",\"width\":\"full\",\"group\":\"\",\"value\":[{\"label\":\"One\",\"value\":\"one\",\"calc\":\"\",\"selected\":0,\"order\":0},{\"label\":\"Two\",\"value\":\"two\",\"calc\":\"\",\"selected\":0,\"order\":1},{\"label\":\"Three\",\"value\":\"three\",\"calc\":\"\",\"selected\":0,\"order\":2}],\"columns\":{\"label\":{\"header\":\"Label\",\"default\":\"\"},\"value\":{\"header\":\"Value\",\"default\":\"\"},\"calc\":{\"header\":\"Calc Value\",\"default\":\"\"},\"selected\":{\"header\":\"<span class=\\\"dashicons dashicons-yes\\\"><\\\/span>\",\"default\":0}}}}],\"container_class\":\"\",\"element_class\":\"\",\"admin_label\":\"\",\"help_text\":\"\",\"drawerDisabled\":\"\",\"field_label\":\"Required action?\",\"field_key\":\"required_action_1559172242123\",\"id\":58,\"beforeField\":\"\",\"afterField\":\"\",\"value\":\"\",\"parentType\":\"list\",\"element_templates\":[\"listcheckbox\",\"input\"],\"old_classname\":\"list-checkbox\",\"wrap_template\":\"wrap\"},{\"objectType\":\"Field\",\"objectDomain\":\"fields\",\"editActive\":false,\"order\":4,\"label\":\"Nome da ag\\u00eancia\",\"type\":\"textbox\",\"key\":\"nome_da_agencia_1560724757785\",\"label_pos\":\"above\",\"required\":1,\"default\":\"\",\"placeholder\":\"\",\"container_class\":\"\",\"element_class\":\"\",\"input_limit\":\"\",\"input_limit_type\":\"characters\",\"input_limit_msg\":\"Character(s) left\",\"manual_key\":\"\",\"admin_label\":\"\",\"help_text\":\"\",\"mask\":\"\",\"custom_mask\":\"\",\"custom_name_attribute\":\"\",\"personally_identifiable\":\"\",\"value\":\"\",\"field_label\":\"Name of the agency\",\"field_key\":\"name_of_the_agency_1559176245115\",\"id\":59,\"beforeField\":\"\",\"afterField\":\"\",\"parentType\":\"textbox\",\"element_templates\":[\"textbox\",\"input\"],\"old_classname\":\"\",\"wrap_template\":\"wrap\"},{\"objectType\":\"Field\",\"objectDomain\":\"fields\",\"editActive\":false,\"order\":5,\"label\":\"O que precisamos alterar?\",\"type\":\"textarea\",\"key\":\"o_que_precisamos_alterar_1560724766185\",\"label_pos\":\"above\",\"required\":1,\"default\":\"\",\"placeholder\":\"\",\"container_class\":\"\",\"element_class\":\"\",\"input_limit\":\"\",\"input_limit_type\":\"characters\",\"input_limit_msg\":\"Character(s) left\",\"manual_key\":\"\",\"admin_label\":\"\",\"help_text\":\"\",\"textarea_rte\":\"\",\"disable_rte_mobile\":\"\",\"textarea_media\":\"\",\"value\":\"\",\"drawerDisabled\":\"\",\"field_label\":\"What do we need to change?\",\"field_key\":\"what_do_we_need_to_change_1559176290364\",\"id\":60,\"beforeField\":\"\",\"afterField\":\"\",\"parentType\":\"textarea\",\"element_templates\":[\"textarea\",\"input\"],\"old_classname\":\"\",\"wrap_template\":\"wrap\"},{\"objectType\":\"Field\",\"objectDomain\":\"fields\",\"editActive\":false,\"order\":6,\"label\":\"Recaptcha\",\"type\":\"recaptcha\",\"container_class\":\"\",\"element_class\":\"\",\"size\":\"visible\",\"key\":\"recaptcha_1559176320607\",\"field_label\":\"Recaptcha\",\"field_key\":\"recaptcha_1559176320607\",\"id\":61,\"beforeField\":\"\",\"afterField\":\"\",\"value\":\"\",\"label_pos\":\"above\",\"parentType\":\"textbox\",\"element_templates\":[\"recaptcha\",\"input\"],\"old_classname\":\"\",\"wrap_template\":\"wrap\",\"site_key\":\"6Le9fUcUAAAAAIlu0trtB8lbOnXpIwzx9ZCVxv6r\",\"theme\":\"light\",\"lang\":\"en\"},{\"objectType\":\"Field\",\"objectDomain\":\"fields\",\"editActive\":false,\"order\":7,\"label\":\"Enviar\",\"type\":\"submit\",\"processing_label\":\"Enviando...\",\"container_class\":\"\",\"element_class\":\"\",\"key\":\"enviar_1560724771769\",\"drawerDisabled\":false,\"field_label\":\"Submit\",\"field_key\":\"submit_1559172320490\",\"id\":62,\"beforeField\":\"\",\"afterField\":\"\",\"value\":\"\",\"label_pos\":\"above\",\"parentType\":\"textbox\",\"element_templates\":[\"submit\",\"button\",\"input\"],\"old_classname\":\"\",\"wrap_template\":\"wrap-no-label\"}];nfForms.push(form);<\/script>\n                <script id=\"nf-tmpl-cell\" type=\"text\/template\">\n            <nf-fields><\/nf-fields>\n        <\/script>\n\n        <script id=\"nf-tmpl-row\" type=\"text\/template\">\n            <nf-cells><\/nf-cells>\n        <\/script>\n\n        [\/vc_column_inner][\/vc_row_inner][\/vc_column][\/vc_row]<\/p>\n","protected":false},"excerpt":{"rendered":"<p>[vc_row css=&#8221;.vc_custom_1558890728198{margin-top: 40px !important;}&#8221;][vc_column][vc_column_text] Ag\u00eancias de recrutamento pelo mundo: [\/vc_column_text][vc_column_text] O mundo \u00e9 grande, e a log\u00edstica envolvida no recrutamento de membros de equipes de diferentes pa\u00edses para se juntar a diferentes embarca\u00e7\u00f5es em diferentes pa\u00edses, em uma data e um per\u00edodo de tempo muito espec\u00edficos, \u00e9 ca\u00f3tica. \u00c9 por isso que a maioria dos [&hellip;]<\/p>\n","protected":false},"author":1,"featured_media":0,"parent":10295,"menu_order":0,"comment_status":"closed","ping_status":"closed","template":"","meta":{"footnotes":""},"yst_prominent_words":[1362,1401,1341,1879,1344,1336,1334,1350,1349,1339,1426,1348,1338,1335,1342,1345,1337,1346,1216,1340,1351,1343,1347,1352],"class_list":["post-10297","page","type-page","status-publish","hentry"],"_links":{"self":[{"href":"https:\/\/shiplife.org\/2020\/wp-json\/wp\/v2\/pages\/10297","targetHints":{"allow":["GET"]}}],"collection":[{"href":"https:\/\/shiplife.org\/2020\/wp-json\/wp\/v2\/pages"}],"about":[{"href":"https:\/\/shiplife.org\/2020\/wp-json\/wp\/v2\/types\/page"}],"author":[{"embeddable":true,"href":"https:\/\/shiplife.org\/2020\/wp-json\/wp\/v2\/users\/1"}],"replies":[{"embeddable":true,"href":"https:\/\/shiplife.org\/2020\/wp-json\/wp\/v2\/comments?post=10297"}],"version-history":[{"count":7,"href":"https:\/\/shiplife.org\/2020\/wp-json\/wp\/v2\/pages\/10297\/revisions"}],"predecessor-version":[{"id":11217,"href":"https:\/\/shiplife.org\/2020\/wp-json\/wp\/v2\/pages\/10297\/revisions\/11217"}],"up":[{"embeddable":true,"href":"https:\/\/shiplife.org\/2020\/wp-json\/wp\/v2\/pages\/10295"}],"wp:attachment":[{"href":"https:\/\/shiplife.org\/2020\/wp-json\/wp\/v2\/media?parent=10297"}],"wp:term":[{"taxonomy":"yst_prominent_words","embeddable":true,"href":"https:\/\/shiplife.org\/2020\/wp-json\/wp\/v2\/yst_prominent_words?post=10297"}],"curies":[{"name":"wp","href":"https:\/\/api.w.org\/{rel}","templated":true}]}}