{"id":10299,"date":"2019-06-16T19:12:49","date_gmt":"2019-06-16T22:12:49","guid":{"rendered":"http:\/\/shiplife.org\/?page_id=10299"},"modified":"2020-11-03T22:41:40","modified_gmt":"2020-11-04T00:41:40","slug":"how-to-pack","status":"publish","type":"page","link":"https:\/\/shiplife.org\/2020\/selection-process\/how-to-pack\/?lang=pt-br","title":{"rendered":"Fazendo as Malas"},"content":{"rendered":"<p>[vc_row css=&#8221;.vc_custom_1558757153976{margin-top: 40px !important;}&#8221;][vc_column][vc_column_text]<\/p>\n<h2>Fazendo as Malas<\/h2>\n<p>[\/vc_column_text][vc_column_text]<\/p>\n<p style=\"text-align: justify;\"><span style=\"font-size: 14pt;\">Reunimos todo o conte\u00fado que voc\u00ea precisa saber e fizemos um \u00fanico tutorial sobre como fazer as malas para embarcar em um navio de cruzeiro (ou iate) sendo membro da tripula\u00e7\u00e3o. Claro, voc\u00ea precisar\u00e1 prestar aten\u00e7\u00e3o aos pequenos detalhes deste guia e adapt\u00e1-lo para torn\u00e1-lo perfeito para suas necessidades. No final, inclu\u00edmos alguns documentos para voc\u00ea se organizar atrav\u00e9s de listas de verifica\u00e7\u00e3o para imprimir e se organizar.<\/span><\/p>\n<p>&nbsp;<\/p>\n<p style=\"text-align: justify;\"><span style=\"font-size: 14pt;\">Antes mesmo de come\u00e7armos a falar sobre o que voc\u00ea precisa e o que definitivamente n\u00e3o precisa, pare um pouco para pensar e entender que os limites de peso, tamanho e espa\u00e7o n\u00e3o apenas do quarto em que voc\u00ea vai morar no navio, mas tamb\u00e9m levar em considera\u00e7\u00e3o as restri\u00e7\u00f5es das companhias a\u00e9reas. Existem muitos itens que n\u00e3o s\u00f3 s\u00e3o proibidos nos voos, mas tamb\u00e9m voc\u00ea n\u00e3o poder\u00e1 trazer a bordo por qualquer nenhum motivo.<\/span><\/p>\n<p>&nbsp;<\/p>\n<p style=\"text-align: justify;\"><span style=\"font-size: 14pt;\">Al\u00e9m disso, pense em todo o tempo que voc\u00ea passar\u00e1 uniformizado (pelo menos 90% do seu dia) e que voc\u00ea precisa ser capaz de transportar sua bagagem sozinho(a) do aeroporto para o hotel, para o navio e de volta para casa no final do seu contrato.<br \/>\n<\/span><\/p>\n<p>[\/vc_column_text][\/vc_column][\/vc_row][vc_row][vc_column][vc_zigzag el_border_width=&#8221;8&#8243; css=&#8221;.vc_custom_1558757340380{margin-bottom: 20px !important;}&#8221;][vc_column_text]<\/p>\n<h4>Escolhendo o tipo de mala: R\u00edgida ou Semirr\u00edgida ?<\/h4>\n<p>[\/vc_column_text][vc_column_text]<\/p>\n<p style=\"text-align: justify;\"><span style=\"font-size: 14pt;\">Essa \u00e9 uma pergunta muito comum para pessoas que nunca viajaram, ou que nunca fizeram um voo internacional. Resumindo, a escolha \u00e9 sua. Apresentaremos apenas os fatos, os pontos positivos e negativos de cada tipo de material. Ent\u00e3o, vamos come\u00e7ar?<\/span><\/p>\n<p>[\/vc_column_text][vc_row_inner equal_height=&#8221;yes&#8221; gap=&#8221;10&#8243;][vc_column_inner width=&#8221;1\/2&#8243;][vc_single_image image=&#8221;9360&#8243; img_size=&#8221;full&#8221; alignment=&#8221;center&#8221;][vc_column_text]<\/p>\n<p style=\"text-align: justify;\"><span style=\"font-size: 14pt;\"><strong>Malas R\u00edgidas: <\/strong>S\u00e3o feitas de materiais que podem suportar impactos mais pesados, sendo que os materiais usados podem variar, mas muitos fabricantes fazem esse tipo de mala de policarbonato ou comp\u00f3sitos semelhantes. Em geral, acredita-se que as malas r\u00edgidas oferecem melhor seguran\u00e7a para seus pertences mas \u00e9 sempre recomendado tomar os cuidados necess\u00e1rios.<\/span><\/p>\n<p>&nbsp;<\/p>\n<p style=\"text-align: justify;\"><span style=\"font-size: 14pt;\">Como voc\u00ea pode imaginar, uma mala r\u00edgida ocupa mais espa\u00e7o do que uma semirr\u00edgida. Voc\u00ea n\u00e3o pode compactar a mala de forma alguma: Se voc\u00ea acha que n\u00e3o vai caber dentro de algum espa\u00e7o ou compartimento, \u00e9 por que muito prov\u00e1vel n\u00e3o vai caber mesmo. Mesmo se voc\u00ea tirar alguns pertences, provavelmente ainda n\u00e3o vai caber, pois a mala n\u00e3o foi feita para mudar de tamanho nem ser comprimida. Al\u00e9m disso, a estrutura ocupa quase o dobro do espa\u00e7o quando est\u00e1 aberta, voc\u00ea literalmente tem que abri-la ao meio e colocar cada lado plano para embalar seus pertences.<\/span><\/p>\n<p>&nbsp;<\/p>\n<p style=\"text-align: justify;\"><span style=\"font-size: 14pt;\">E por fim, mas \u00e9 o fator que n\u00f3s sempre citamos: \u00c9 quase imposs\u00edvel caber no compartimento superior do avi\u00e3o, por isso n\u00f3s nunca recomendamos que voc\u00ea utilize uma mala r\u00edgida para ser a sua bagagem de m\u00e3o.<br \/>\n<\/span><\/p>\n<p style=\"text-align: justify;\"><span style=\"font-size: 14pt;\">\u00a0<\/span><\/p>\n<p>[\/vc_column_text][\/vc_column_inner][vc_column_inner width=&#8221;1\/2&#8243;][vc_single_image image=&#8221;9357&#8243; img_size=&#8221;full&#8221; alignment=&#8221;center&#8221;][vc_column_text]<\/p>\n<p style=\"text-align: justify;\"><span style=\"font-size: 14pt;\"><strong>Semirr\u00edgida: <\/strong>Em contraste com as malas r\u00edgidas, esta op\u00e7\u00e3o de bagagem oferece maior flexibilidade e movimento. Uma mala semirr\u00edgida geralmente \u00e9 feita quase inteiramente de tecido, mas sendo sustentada por uma estrutura semirr\u00edgida interna. Normalmente estas malas possuem um compartimento principal e v\u00e1rios sub compartimentos na tampa da mala. Al\u00e9m disso, a frente da mala geralmente tem um ou dois bolsos com z\u00edper de f\u00e1cil acesso.<\/span><\/p>\n<p>&nbsp;<\/p>\n<p style=\"text-align: justify;\"><span style=\"font-size: 14pt;\">Geralmente s\u00e3o feitas atrav\u00e9s de um tecido flex\u00edvel, como lona ou n\u00e1ilon. Materiais como este podem compactar sob press\u00e3o e, assim, permitir que sua mala caiba em pequenos espa\u00e7os. Voc\u00ea pode literalmente apertar a mala e for\u00e7\u00e1-la em um compartimento de bagagem apertado, e depois a mala voltar\u00e1 ao seu tamanho e formato original.<br \/>\n<\/span><\/p>\n<p>&nbsp;<\/p>\n<p style=\"text-align: justify;\"><span style=\"font-size: 14pt;\">Al\u00e9m disso, o tecido mais macio pode significar que seus pertences sejam danificados com mais facilidade, caso estejam soltos. As malas semirr\u00edgidas simplesmente n\u00e3o absorvem nenhum impacto forte da mesma forma que uma mala de capa dura (r\u00edgidas), por\u00e9m por serem male\u00e1veis em termos de longo termo s\u00e3o as mais resistentes.<\/span><\/p>\n<p style=\"text-align: justify;\"><span style=\"font-size: 14pt;\">\u00a0<\/span><\/p>\n<p>[\/vc_column_text][\/vc_column_inner][\/vc_row_inner][\/vc_column][\/vc_row][vc_row css=&#8221;.vc_custom_1558758027796{border-top-width: 1px !important;border-right-width: 1px !important;border-bottom-width: 1px !important;border-left-width: 1px !important;padding-right: 10px !important;padding-left: 10px !important;border-left-color: #020202 !important;border-left-style: dashed !important;border-right-color: #020202 !important;border-right-style: dashed !important;border-top-color: #020202 !important;border-top-style: dashed !important;border-bottom-color: #020202 !important;border-bottom-style: dashed !important;}&#8221;][vc_column][vc_row_inner][vc_column_inner width=&#8221;1\/4&#8243;][vc_single_image image=&#8221;9363&#8243; img_size=&#8221;large&#8221; alignment=&#8221;center&#8221;][\/vc_column_inner][vc_column_inner width=&#8221;3\/4&#8243;][vc_column_text]<\/p>\n<p style=\"text-align: justify;\"><span style=\"font-size: 14pt;\"><strong>Certifique-se de levar todos os seus documentos originais com voc\u00ea o tempo todo<\/strong>. Guarde-os em seguran\u00e7a dentro de uma pasta de pl\u00e1stico, com os pap\u00e9is que voc\u00ea mais vai precisar em cima, como a <em>Letter of Employment<\/em> (para fins de imigra\u00e7\u00e3o), a pr\u00e9via do contrato (para fins de imigra\u00e7\u00e3o), os para dar entrada em um hotel (se a empresa mandar voc\u00ea para um hotel antes de embarcar), seus exames m\u00e9dicos e comprova\u00e7\u00e3o de vacinas (ser\u00e1 a primeira coisa que voc\u00ea precisar\u00e1 entregar uma vez dentro do navio) e todos os seus certificados de seguran\u00e7a (se os tiver).<\/span><\/p>\n<p>&nbsp;<\/p>\n<p style=\"text-align: justify;\"><span style=\"font-size: 14pt;\">Seu passaporte deve estar com voc\u00ea no bolso, junto com sua carteira, dinheiro e opcionalmente a sua carteira de motorista. Deixe quaisquer outros documentos n\u00e3o mencionados em casa, pois conhecemos pessoas que levam at\u00e9 mesmo a certid\u00e3o de nascimento original, sem haver nenhuma necessidade.<\/span><\/p>\n<p>[\/vc_column_text][\/vc_column_inner][\/vc_row_inner][\/vc_column][\/vc_row][vc_row][vc_column][vc_column_text]<\/p>\n<h4>OK, j\u00e1 consegui as malas, mas o que eu devo levar?<\/h4>\n<p>[\/vc_column_text][vc_column_text]<\/p>\n<p style=\"text-align: justify;\"><span style=\"font-size: 14pt;\">Aqui est\u00e1 a parte divertida: como colocar toda a sua vida dentro de dois ou tr\u00eas pequenos compartimentos e viver at\u00e9 dez meses longe de casa? Bem, voc\u00ea tem que fazer algumas escolhas aqui. Pense naquele estilo de vida minimalista que voc\u00ea sempre quis experimentar, mas nunca teve a chance de &#8230; bem, boas not\u00edcias, voc\u00ea est\u00e1 no caminho certo!<\/span><\/p>\n<p>&nbsp;<\/p>\n<p style=\"text-align: justify;\"><span style=\"font-size: 14pt;\">Enquanto voc\u00ea estiver a bordo de um navio ou iate, \u00e9 l\u00f3gico que voc\u00ea passa muito tempo usando o seu uniforme. Cerca de 90% do tempo para ser mais espec\u00edfico, ent\u00e3o pense com anteced\u00eancia ao fazer as malas: terei tempo para usar isso? No meu tempo livre, gostaria de sair por a\u00ed usando isso? Ser\u00e1 que n\u00e3o \u00e9 melhor deixar em casa e caso precise, comprar ao inv\u00e9s de levar? Portanto, tome seu tempo e pense, pense bastante! A pior coisa que pode acontecer \u00e9 voc\u00ea fazer uma mala gigantesca e nunca usar nada, ou mesmo acabar jogando coisas fora. At\u00e9 quem tem muitos contratos acaba fazendo isso \u00e0s vezes, e, vamos encarar: \u00c9 melhor ter e n\u00e3o usar do que n\u00e3o ter e ficar chateado(a) por que deixou em casa.<\/span><\/p>\n<p>&nbsp;<\/p>\n<p style=\"text-align: justify;\"><span style=\"font-size: 14pt;\">Algumas profiss\u00f5es carregam alguns itens espec\u00edficos, como por exemplo se voc\u00ea for um Chef, voc\u00ea talvez pode precisar do seu pr\u00f3prio conjunto de facas. Se voc\u00ea \u00e9 Carpinteiro, Eletricista ou T\u00e9cnico, as empresas pedem que voc\u00ea tenha um canivete ou outras ferramentas de uso particular. Esses s\u00e3o os itens que voc\u00ea n\u00e3o tem permiss\u00e3o para colocar dentro da sua bagagem de m\u00e3o, mas voc\u00ea pode transport\u00e1-los se usar sua bagagem principal. Tenha isso em mente ao considerar onde e o que embalar.<\/span><\/p>\n<p>[\/vc_column_text][vc_zigzag el_border_width=&#8221;8&#8243; css=&#8221;.vc_custom_1558760565340{margin-bottom: 20px !important;}&#8221;][\/vc_column][\/vc_row][vc_row css=&#8221;.vc_custom_1558758325201{margin-bottom: 20px !important;}&#8221;][vc_column][vc_row_inner content_placement=&#8221;middle&#8221;][vc_column_inner width=&#8221;1\/4&#8243;][vc_single_image image=&#8221;9354&#8243; img_size=&#8221;small&#8221; alignment=&#8221;center&#8221; style=&#8221;vc_box_circle_2&#8243;][\/vc_column_inner][vc_column_inner width=&#8221;3\/4&#8243;][vc_column_text]<\/p>\n<p style=\"text-align: justify;\"><span style=\"font-size: 14pt;\">A bagagem principal (Checked) \u00e9 aquela que ser\u00e1 entregue em seu destino final ou conex\u00f5es pela companhia a\u00e9rea. Ela ficar\u00e1 embaixo do avi\u00e3o, na \u00e1rea de armazenamento, e voc\u00ea n\u00e3o ter\u00e1 acesso ao seu conte\u00fado por um tempo. Ent\u00e3o, aqui voc\u00ea vai embalar todas as suas roupas e itens de banheiro, incluindo qualquer item proibido de ser transportado na sua bagagem, como desodorante em aerossol, utens\u00edlios para unhas e l\u00edquidos. Se voc\u00ea estiver carregando algo que possa quebrar (perfumes), coloque sempre no centro da mala para que todos os outros conte\u00fados criem uma barreira de prote\u00e7\u00e3o. <strong>Para viagens internacionais, o limite atual \u00e9 de uma mala, com at\u00e9 23kg.<\/strong><br \/>\n<\/span><\/p>\n<p>[\/vc_column_text][\/vc_column_inner][\/vc_row_inner][\/vc_column][\/vc_row][vc_row css=&#8221;.vc_custom_1558758325201{margin-bottom: 20px !important;}&#8221;][vc_column][vc_row_inner content_placement=&#8221;middle&#8221;][vc_column_inner width=&#8221;3\/4&#8243;][vc_column_text]<\/p>\n<p style=\"text-align: justify;\"><span style=\"font-size: 14pt;\">Bagagem de m\u00e3o \u00e9 aquela que voc\u00ea levar\u00e1 consigo o tempo todo, mantendo-a no compartimento superior acima do assento do avi\u00e3o. Devido \u00e0s limita\u00e7\u00f5es de tamanho, voc\u00ea n\u00e3o pode colocar muitas coisas nela, ent\u00e3o fa\u00e7a as malas com cuidado. Aqui voc\u00ea levar\u00e1 todos os seus aparelhos eletr\u00f4nicos e objetos de valor mais importantes, como documentos, passaporte e, como muitas vezes recomendamos, uma muda de roupa sobressalente caso a sua bagagem principal seja extraviada. <strong>Antes de comprar uma, verifique se a mesma foi projetada para caber no bagageiro do avi\u00e3o<\/strong>: Ela precisa ter no m\u00e1ximo 55cm x 38 cm x 20 cm (altura x largura x espessura).<br \/>\n<\/span><\/p>\n<p>[\/vc_column_text][\/vc_column_inner][vc_column_inner width=&#8221;1\/4&#8243;][vc_single_image image=&#8221;9366&#8243; img_size=&#8221;167&#215;200&#8243; alignment=&#8221;center&#8221;][\/vc_column_inner][\/vc_row_inner][\/vc_column][\/vc_row][vc_row css=&#8221;.vc_custom_1558758325201{margin-bottom: 20px !important;}&#8221;][vc_column][vc_row_inner content_placement=&#8221;middle&#8221;][vc_column_inner width=&#8221;1\/4&#8243;][vc_single_image image=&#8221;9369&#8243; alignment=&#8221;center&#8221; style=&#8221;vc_box_circle_2&#8243;][\/vc_column_inner][vc_column_inner width=&#8221;3\/4&#8243;][vc_column_text]<\/p>\n<p style=\"text-align: justify;\"><span style=\"font-size: 14pt;\">O item pessoal \u00e9 totalmente opcional, mas \u00e0s vezes v\u00eam como um salva-vidas. As companhias a\u00e9reas tamb\u00e9m permitem que voc\u00ea carregue um item pessoal (como uma pequena bolsa ou mochila). Este item deve caber embaixo do assento \u00e0 sua frente, <strong>literalmente removendo espa\u00e7o extra para seus p\u00e9s<\/strong>. Recomenda-se ter uma mochila \/ bolsa dobr\u00e1vel para emerg\u00eancias (como quando voc\u00ea volta para casa e comprou muitos presentes) ao inv\u00e9s de ter uma mala realmente pequena.<\/span><\/p>\n<p>[\/vc_column_text][\/vc_column_inner][\/vc_row_inner][\/vc_column][\/vc_row][vc_row][vc_column][vc_zigzag el_border_width=&#8221;8&#8243; css=&#8221;.vc_custom_1558760767641{margin-bottom: 20px !important;}&#8221;][vc_column_text]<\/p>\n<p style=\"text-align: justify;\"><span style=\"font-size: 14pt;\">Esperamos que este texto tenha sido muito informativo para voc\u00ea. Mas agora, vamos dar o que foi prometido: Listas reais do que voc\u00ea deve embalar! Essas s\u00e3o listas gen\u00e9ricas e voc\u00ea \u00e9 mais que bem-vindo para fazer suas pr\u00f3prias edi\u00e7\u00f5es. Elas foram criados com base na experi\u00eancia de nossa equipe e tamb\u00e9m em sugest\u00f5es de outros tripulantes. Se voc\u00ea acha que esquecemos de citar alguma coisa, <a href=\"https:\/\/shiplife.org\/contact\/?lang=pt-br\">entre em contato conosco<\/a>!<\/span><\/p>\n<p>[\/vc_column_text][\/vc_column][\/vc_row][vc_row gap=&#8221;20&#8243; equal_height=&#8221;yes&#8221; content_placement=&#8221;middle&#8221;][vc_column][vc_row_inner equal_height=&#8221;yes&#8221; content_placement=&#8221;middle&#8221; gap=&#8221;20&#8243;][vc_column_inner width=&#8221;1\/2&#8243; css=&#8221;.vc_custom_1558760995759{border-top-width: 1px !important;border-right-width: 1px !important;border-bottom-width: 1px !important;border-left-width: 1px !important;background-color: #e5e5e5 !important;border-left-color: #020202 !important;border-left-style: dotted !important;border-right-color: #020202 !important;border-right-style: dotted !important;border-top-color: #020202 !important;border-top-style: dotted !important;border-bottom-color: #020202 !important;border-bottom-style: dotted !important;border-radius: 35px !important;}&#8221;][vc_single_image image=&#8221;9376&#8243; img_size=&#8221;full&#8221; alignment=&#8221;center&#8221; onclick=&#8221;custom_link&#8221; img_link_target=&#8221;_blank&#8221; link=&#8221;http:\/\/shiplife.org\/downloads\/Men.pdf&#8221;][vc_column_text]<\/p>\n<p style=\"text-align: center;\"><strong>Download:<\/strong><br \/>\n<a href=\"http:\/\/shiplife.org\/downloads\/Men.pdf\" target=\"_blank\" rel=\"noopener noreferrer\">Lista para Homens (PDF)<\/a><\/p>\n<p>[\/vc_column_text][\/vc_column_inner][vc_column_inner width=&#8221;1\/2&#8243; css=&#8221;.vc_custom_1558761023627{border-top-width: 1px !important;border-right-width: 1px !important;border-bottom-width: 1px !important;border-left-width: 1px !important;background-color: #e5e5e5 !important;border-left-color: #020202 !important;border-left-style: dotted !important;border-right-color: #020202 !important;border-right-style: dotted !important;border-top-color: #020202 !important;border-top-style: dotted !important;border-bottom-color: #020202 !important;border-bottom-style: dotted !important;border-radius: 35px !important;}&#8221;][vc_single_image image=&#8221;9376&#8243; img_size=&#8221;full&#8221; alignment=&#8221;center&#8221; onclick=&#8221;custom_link&#8221; img_link_target=&#8221;_blank&#8221; link=&#8221;http:\/\/shiplife.org\/downloads\/Women.pdf&#8221;][vc_column_text]<\/p>\n<p style=\"text-align: center;\"><strong>Download:<\/strong><br \/>\n<a href=\"http:\/\/shiplife.org\/downloads\/Women.pdf\" target=\"_blank\" rel=\"noopener noreferrer\">Lista para Mulheres (PDF)<\/a><\/p>\n<p>[\/vc_column_text][\/vc_column_inner][\/vc_row_inner][vc_row_inner equal_height=&#8221;yes&#8221; gap=&#8221;20&#8243;][vc_column_inner width=&#8221;1\/2&#8243; css=&#8221;.vc_custom_1558759071766{border-top-width: 1px !important;border-right-width: 1px !important;border-bottom-width: 1px !important;border-left-width: 1px !important;border-left-color: #020202 !important;border-left-style: double !important;border-right-color: #020202 !important;border-right-style: double !important;border-top-color: #020202 !important;border-top-style: double !important;border-bottom-color: #020202 !important;border-bottom-style: double !important;}&#8221;][vc_column_text]<\/p>\n<h3 style=\"text-align: center;\">HOMENS<\/h3>\n<p>[\/vc_column_text][vc_column_text]<strong>BAGAGEM PRINCIPAL:<\/strong><\/p>\n<p>&nbsp;<\/p>\n<p>10 ~ 20 cuecas<\/p>\n<p>5 ~ 10 pares de meias pretas (se voc\u00ea utilizar sapatos pretos)<\/p>\n<p>5 ~ 10 pares de meias brancas (se voc\u00ea utilizar sapatos brancos)<\/p>\n<p>1 cinto preto<\/p>\n<p>2 ~ 4 camisas sociais ou polo para usar em festas ou outras ocasi\u00f5es<\/p>\n<p>2 ~ 6 camisas para usar no seu tempo livre ou fora do navio<\/p>\n<p>1 cal\u00e7a social preta (caso j\u00e1 n\u00e3o fa\u00e7a parte do seu uniforme)<\/p>\n<p>1 cal\u00e7a jeans (tempo livre)<\/p>\n<p>2 shorts<\/p>\n<p>1 short de praia ou sunga<\/p>\n<p>1 jaqueta ou terno (caso j\u00e1 n\u00e3o fa\u00e7a parte do seu uniforme)<\/p>\n<p>&nbsp;<\/p>\n<p><strong>SAPATOS:<\/strong><\/p>\n<p>&nbsp;<\/p>\n<p>1 sand\u00e1lia<\/p>\n<p>1 sapato social confort\u00e1vel<\/p>\n<p>1 t\u00eanis branco (caso seja requerido pelo seu uniforme)<\/p>\n<p>1 t\u00eanis preto (caso seja requerido pelo seu uniforme)<\/p>\n<p>1 bota ou coturno (caso seja requerido pelo seu uniforme)<\/p>\n<p>&nbsp;<\/p>\n<p><strong>Necessaire:<\/strong><\/p>\n<p>&nbsp;<\/p>\n<p>Desodorante<\/p>\n<p>Perfumes, P\u00f3s Barba<\/p>\n<p>Gilete ou Navalha com l\u00e2minas extras<\/p>\n<p>Espuma de Barbear caso use no dia a dia<\/p>\n<p>Pasta de Dente e Escova<\/p>\n<p>Medicamentos gerais<\/p>\n<p>Kit de Unhas<\/p>\n<p>Band-Aids<\/p>\n<p>Swabs<\/p>\n<p>Condoms<\/p>\n<p>&nbsp;<\/p>\n<p>&nbsp;<\/p>\n<p><strong>MALA DE M\u00c3O:<\/strong><\/p>\n<p>&nbsp;<\/p>\n<p>Passaporte<\/p>\n<p>Pasta com seus documentos.<\/p>\n<p>Celular, carregador e fones de ouvido.<\/p>\n<p>Carteira, Documentos, Cart\u00f5es e Dinheiro.<\/p>\n<p>\u00d3culos Escuros.<\/p>\n<p>&nbsp;<\/p>\n<p><strong>OPCIONAIS:<\/strong><\/p>\n<p>&nbsp;<\/p>\n<p>Tablet ou Notebook<\/p>\n<p>C\u00e2mera<\/p>\n<p>Carregadores<\/p>\n<p>Adaptadores de Tomada<\/p>\n<p>P\u00edlula do dia seguinte (em casos de emerg\u00eancia)[\/vc_column_text][\/vc_column_inner][vc_column_inner width=&#8221;1\/2&#8243; css=&#8221;.vc_custom_1558759105340{border-top-width: 1px !important;border-right-width: 1px !important;border-bottom-width: 1px !important;border-left-width: 1px !important;border-left-color: #020202 !important;border-left-style: double !important;border-right-color: #020202 !important;border-right-style: double !important;border-top-color: #020202 !important;border-top-style: double !important;border-bottom-color: #020202 !important;border-bottom-style: double !important;}&#8221;][vc_column_text]<\/p>\n<h3 style=\"text-align: center;\">MULHERES<\/h3>\n<p>[\/vc_column_text][vc_column_text]<strong>BAGAGEM PRINCIPAL<\/strong>:<\/p>\n<p>&nbsp;<\/p>\n<p>10 ~ 20 calcinhas<\/p>\n<p>6 ~ 10 suti\u00e3s<\/p>\n<p>5 ~ 10 meias<\/p>\n<p>10 pe\u00e7as de meia-cal\u00e7a<\/p>\n<p>1 cinto preto<\/p>\n<p>2 cal\u00e7as<\/p>\n<p>1 saia<\/p>\n<p>2 ~ 4 shorts<\/p>\n<p>2 ~ 4 Camisetas para se usar por baixo do uniforme<\/p>\n<p>2 ~ 10 camisas<\/p>\n<p>1 casaco<\/p>\n<p>1 vestido longo<\/p>\n<p>2 vestidos confort\u00e1veis<\/p>\n<p>2 ~ 5 Cal\u00e7as de ioga<\/p>\n<p>&nbsp;<\/p>\n<p><strong>SAPATOS:<\/strong><\/p>\n<p>&nbsp;<\/p>\n<p>1 ~ 2 saltos<\/p>\n<p>1 ~ 2 chinelos<\/p>\n<p>1 t\u00eanis (de acordo com seu uniforme)<\/p>\n<p>&nbsp;<\/p>\n<p><strong>Necessaire:<\/strong><\/p>\n<p>&nbsp;<\/p>\n<p>Secador de cabelo<\/p>\n<p>Chapinha (<span style=\"color: #ff0000;\"><strong>VERIFIQUE SE A SUA COMPANHIA PERMITE<\/strong><\/span>)<\/p>\n<p>Medicamentos<\/p>\n<p>P\u00edlulas anticoncepcionais (o suficiente para todo o seu contrato e mais um m\u00eas)<\/p>\n<p>Utens\u00edlios de unhas e esmaltes<\/p>\n<p>Maquiagem, Batons<\/p>\n<p>Protetor solar<\/p>\n<p>Xampu<\/p>\n<p>Escova de dentes e pasta<\/p>\n<p>Desodorante e Perfumes<\/p>\n<p>Band-Aids<\/p>\n<p>&nbsp;<\/p>\n<p><strong>MALA DE M\u00c3O:<\/strong><\/p>\n<p>&nbsp;<\/p>\n<p>Passaporte<\/p>\n<p>Pasta com seus documentos<\/p>\n<p>Celular, carregador e fones de ouvido<\/p>\n<p>Carteira com sua identidade e algum dinheiro<\/p>\n<p>\u00d3culos de sol<\/p>\n<p>Roupa extra<\/p>\n<p>Joias (caso utilize)<\/p>\n<p>Batom<\/p>\n<p>&nbsp;<\/p>\n<p><strong>OPCIONAIS:<\/strong><\/p>\n<p>&nbsp;<\/p>\n<p>Tablet ou Notebook<\/p>\n<p>C\u00e2mera<\/p>\n<p>Carregadores<\/p>\n<p>Adaptadores de Tomada<\/p>\n<p>P\u00edlula do dia seguinte (em casos de emerg\u00eancia)<\/p>\n<p>Organizador de roupa \u00edntima<\/p>\n<p>Organizador de sapatos[\/vc_column_text][\/vc_column_inner][\/vc_row_inner][\/vc_column][\/vc_row]<\/p>\n","protected":false},"excerpt":{"rendered":"<p>[vc_row css=&#8221;.vc_custom_1558757153976{margin-top: 40px !important;}&#8221;][vc_column][vc_column_text] Fazendo as Malas [\/vc_column_text][vc_column_text] Reunimos todo o conte\u00fado que voc\u00ea precisa saber e fizemos um \u00fanico tutorial sobre como fazer as malas para embarcar em um navio de cruzeiro (ou iate) sendo membro da tripula\u00e7\u00e3o. Claro, voc\u00ea precisar\u00e1 prestar aten\u00e7\u00e3o aos pequenos detalhes deste guia e adapt\u00e1-lo para torn\u00e1-lo perfeito para [&hellip;]<\/p>\n","protected":false},"author":1,"featured_media":0,"parent":10295,"menu_order":0,"comment_status":"closed","ping_status":"closed","template":"","meta":{"footnotes":""},"yst_prominent_words":[1452,1148,1139,1188,1193,1216,2344,1189],"class_list":["post-10299","page","type-page","status-publish","hentry"],"_links":{"self":[{"href":"https:\/\/shiplife.org\/2020\/wp-json\/wp\/v2\/pages\/10299","targetHints":{"allow":["GET"]}}],"collection":[{"href":"https:\/\/shiplife.org\/2020\/wp-json\/wp\/v2\/pages"}],"about":[{"href":"https:\/\/shiplife.org\/2020\/wp-json\/wp\/v2\/types\/page"}],"author":[{"embeddable":true,"href":"https:\/\/shiplife.org\/2020\/wp-json\/wp\/v2\/users\/1"}],"replies":[{"embeddable":true,"href":"https:\/\/shiplife.org\/2020\/wp-json\/wp\/v2\/comments?post=10299"}],"version-history":[{"count":7,"href":"https:\/\/shiplife.org\/2020\/wp-json\/wp\/v2\/pages\/10299\/revisions"}],"predecessor-version":[{"id":11758,"href":"https:\/\/shiplife.org\/2020\/wp-json\/wp\/v2\/pages\/10299\/revisions\/11758"}],"up":[{"embeddable":true,"href":"https:\/\/shiplife.org\/2020\/wp-json\/wp\/v2\/pages\/10295"}],"wp:attachment":[{"href":"https:\/\/shiplife.org\/2020\/wp-json\/wp\/v2\/media?parent=10299"}],"wp:term":[{"taxonomy":"yst_prominent_words","embeddable":true,"href":"https:\/\/shiplife.org\/2020\/wp-json\/wp\/v2\/yst_prominent_words?post=10299"}],"curies":[{"name":"wp","href":"https:\/\/api.w.org\/{rel}","templated":true}]}}