{"id":10302,"date":"2019-06-16T19:15:25","date_gmt":"2019-06-16T22:15:25","guid":{"rendered":"http:\/\/shiplife.org\/?page_id=10302"},"modified":"2023-02-12T22:51:33","modified_gmt":"2023-02-13T01:51:33","slug":"marlins-test","status":"publish","type":"page","link":"https:\/\/shiplife.org\/2020\/selection-process\/marlins-test\/?lang=pt-br","title":{"rendered":"Teste Marlins"},"content":{"rendered":"<p>[vc_row css=&#8221;.vc_custom_1558416778597{margin-top: 40px !important;}&#8221;][vc_column][vc_single_image image=&#8221;9024&#8243; img_size=&#8221;large&#8221; alignment=&#8221;center&#8221; onclick=&#8221;custom_link&#8221; img_link_target=&#8221;_blank&#8221; link=&#8221;https:%2F%2Fwww.marlinstests.com%2F%3Futm_source%3Dshiplife.org|&#8221;][vc_column_text]<\/p>\n<p style=\"text-align: justify;\"><span style=\"font-size: 14pt;\">O <a href=\"https:\/\/www.marlinstests.com\/?utm_source=shiplife.org\" target=\"_blank\" rel=\"noopener noreferrer\">Marlin&#8217;s Test<\/a> \u00e9 o teste oficial de profici\u00eancia em ingl\u00eas para todas as empresas de cruzeiros do mundo, e voc\u00ea dever\u00e1 fazer esse teste se n\u00e3o tiver cidadania de um pa\u00eds onde se fala ingl\u00eas como nos Estados Unidos, Austr\u00e1lia ou Inglaterra. Antes de come\u00e7ar, certifique-se de selecionar a vers\u00e3o correta do teste, que \u00e9 o <strong>Marlins English Language Test for Cruise Ship Staff<\/strong>. Outras vers\u00f5es n\u00e3o s\u00e3o as corretas para se trabalhar em navios de cruzeiro, nem iates, nem cruzeiros fluviais (exceto para cargos de Engenharia ou para Oficiais de Navega\u00e7\u00e3o).<br \/>\n<\/span><\/p>\n<p>&nbsp;<\/p>\n<p style=\"text-align: justify;\"><span style=\"font-size: 14pt;\">O teste custa 20 d\u00f3lares e nunca \u00e9 reembolsado pelas companhias. Voc\u00ea faz o pagamento atrav\u00e9s de cart\u00e3o de cr\u00e9dito ou via PayPal e logo ap\u00f3s a confirma\u00e7\u00e3o do pagamento as instru\u00e7\u00f5es de como acessar s\u00e3o enviadas por email. Tenha certeza que voc\u00ea cadastrou corretamente o seu email pois as chaves de acesso s\u00e3o \u00fanicas para cada candidato. Caso voc\u00ea esteja fazendo o teste atrav\u00e9s de uma ag\u00eancia, confirme se a ag\u00eancia ir\u00e1 prover o teste antes de pagar pelo mesmo.<\/span><\/p>\n<p>&nbsp;<\/p>\n<p style=\"text-align: justify;\"><span style=\"font-size: 14pt;\">Se n\u00e3o tiver certeza do que esperar do teste,\u00a0 voc\u00ea pode <a href=\"https:\/\/www.marlinstests.com\/run\/player\/2009488?utm_source=shiplife.org\" target=\"_blank\" rel=\"noopener noreferrer\">clicar neste link<\/a> para ser redirecionado a uma pr\u00e9via do mesmo teste, contendo 15 quest\u00f5es. O teste normal ter\u00e1 50 quest\u00f5es e deve ser conclu\u00eddo em menos de trinta minutos. Em nota, embora haja uma contagem regressiva, n\u00e3o h\u00e1 um limite de tempo real. Apenas saiba que se voc\u00ea ultrapassar 30 minutos, a sua pontua\u00e7\u00e3o come\u00e7a a cair, por isso \u00e9 bom se acostumar com o tipo de perguntas que ser\u00e1 feito utilizando a pr\u00e9via do teste<br \/>\n<\/span><\/p>\n<p>&nbsp;<\/p>\n<p style=\"text-align: justify;\"><span style=\"font-size: 14pt;\">Para cargos em posi\u00e7\u00f5es iniciais, \u00e9 necess\u00e1rio atingir pelo menos 60% na pontua\u00e7\u00e3o, enquanto que para cargos mais avan\u00e7ados e que trabalham diretamente com os passageiros a pontua\u00e7\u00e3o deve ser superior a 80%. Para posi\u00e7\u00f5es t\u00e9cnicas, de entretenimento e de atendimento ao h\u00f3spede e recep\u00e7\u00e3o, voc\u00ea deve atingir pelo menos 95% (sen\u00e3o 100%).<br \/>\n<\/span><\/p>\n<p>[\/vc_column_text][\/vc_column][\/vc_row][vc_row][vc_column][vc_column_text css=&#8221;.vc_custom_1558419551700{border-top-width: 1px !important;border-right-width: 1px !important;border-bottom-width: 1px !important;border-left-width: 1px !important;padding-top: 20px !important;padding-right: 20px !important;padding-bottom: 20px !important;padding-left: 20px !important;background-color: #9dd4e8 !important;border-radius: 20px !important;}&#8221;]<\/p>\n<h3><span style=\"color: #ffffff;\">DICAS IMPORTANTES:<\/span><\/h3>\n<p>&nbsp;<\/p>\n<p style=\"text-align: justify;\"><span style=\"color: #000000;\">\u2192 <span style=\"font-size: 14pt;\">Use fones de ouvido durante o teste. Algumas perguntas exigir\u00e3o que voc\u00ea ou\u00e7a arquivos de \u00e1udio simulando uma conversa entre um passageiro e um membro da tripula\u00e7\u00e3o.<\/span><\/span><\/p>\n<p>&nbsp;<\/p>\n<p style=\"text-align: justify;\"><span style=\"font-size: 14pt; color: #000000;\"> \u2192 Ou\u00e7a com aten\u00e7\u00e3o at\u00e9 o final das frases, pois em algumas perguntas as respostas corretas s\u00f3 podem ser encontradas nos \u00faltimos segundos do \u00e1udio.<\/span><\/p>\n<p>&nbsp;<\/p>\n<p style=\"text-align: justify;\"><span style=\"font-size: 14pt; color: #000000;\">\u2192 Use navegadores confi\u00e1veis como o Mozilla Firefox ou Google Chrome, pois outros programas podem travar durante o teste e voc\u00ea perder\u00e1 todo o seu progresso.<\/span><\/p>\n<p>&nbsp;<\/p>\n<p style=\"text-align: justify;\"><span style=\"font-size: 14pt; color: #000000;\">\u2192\u00a0 N\u00e3o use o seu CELULAR\/TABLET, utilize um computador para o teste. A vers\u00e3o m\u00f3vel do teste t\u00eam v\u00e1rios bugs, conforme relatado por nossos visitantes.<\/span><\/p>\n<p>[\/vc_column_text][\/vc_column][\/vc_row][vc_row][vc_column][vc_column_text css=&#8221;.vc_custom_1558418875976{margin-top: 40px !important;}&#8221;]<\/p>\n<h2>EXEMPLOS:<\/h2>\n<p>[\/vc_column_text][vc_row_inner][vc_column_inner][vc_gallery type=&#8221;nivo&#8221; interval=&#8221;3&#8243; images=&#8221;9027,9030,9033,9036&#8243; img_size=&#8221;large&#8221; onclick=&#8221;&#8221;][\/vc_column_inner][\/vc_row_inner][\/vc_column][\/vc_row]<\/p>\n","protected":false},"excerpt":{"rendered":"<p>[vc_row css=&#8221;.vc_custom_1558416778597{margin-top: 40px !important;}&#8221;][vc_column][vc_single_image image=&#8221;9024&#8243; img_size=&#8221;large&#8221; alignment=&#8221;center&#8221; onclick=&#8221;custom_link&#8221; img_link_target=&#8221;_blank&#8221; link=&#8221;https:%2F%2Fwww.marlinstests.com%2F%3Futm_source%3Dshiplife.org|&#8221;][vc_column_text] O Marlin&#8217;s Test \u00e9 o teste oficial de profici\u00eancia em ingl\u00eas para todas as empresas de cruzeiros do mundo, e voc\u00ea dever\u00e1 fazer esse teste se n\u00e3o tiver cidadania de um pa\u00eds onde se fala ingl\u00eas como nos Estados Unidos, Austr\u00e1lia ou Inglaterra. Antes de [&hellip;]<\/p>\n","protected":false},"author":1,"featured_media":0,"parent":10295,"menu_order":0,"comment_status":"closed","ping_status":"closed","template":"","meta":{"footnotes":""},"yst_prominent_words":[1410,1712,1148,1188,1407,1408,1189],"class_list":["post-10302","page","type-page","status-publish","hentry"],"_links":{"self":[{"href":"https:\/\/shiplife.org\/2020\/wp-json\/wp\/v2\/pages\/10302","targetHints":{"allow":["GET"]}}],"collection":[{"href":"https:\/\/shiplife.org\/2020\/wp-json\/wp\/v2\/pages"}],"about":[{"href":"https:\/\/shiplife.org\/2020\/wp-json\/wp\/v2\/types\/page"}],"author":[{"embeddable":true,"href":"https:\/\/shiplife.org\/2020\/wp-json\/wp\/v2\/users\/1"}],"replies":[{"embeddable":true,"href":"https:\/\/shiplife.org\/2020\/wp-json\/wp\/v2\/comments?post=10302"}],"version-history":[{"count":7,"href":"https:\/\/shiplife.org\/2020\/wp-json\/wp\/v2\/pages\/10302\/revisions"}],"predecessor-version":[{"id":13544,"href":"https:\/\/shiplife.org\/2020\/wp-json\/wp\/v2\/pages\/10302\/revisions\/13544"}],"up":[{"embeddable":true,"href":"https:\/\/shiplife.org\/2020\/wp-json\/wp\/v2\/pages\/10295"}],"wp:attachment":[{"href":"https:\/\/shiplife.org\/2020\/wp-json\/wp\/v2\/media?parent=10302"}],"wp:term":[{"taxonomy":"yst_prominent_words","embeddable":true,"href":"https:\/\/shiplife.org\/2020\/wp-json\/wp\/v2\/yst_prominent_words?post=10302"}],"curies":[{"name":"wp","href":"https:\/\/api.w.org\/{rel}","templated":true}]}}