{"id":10305,"date":"2019-06-16T19:17:01","date_gmt":"2019-06-16T22:17:01","guid":{"rendered":"http:\/\/shiplife.org\/?page_id=10305"},"modified":"2020-10-27T14:34:00","modified_gmt":"2020-10-27T17:34:00","slug":"stay-connected","status":"publish","type":"page","link":"https:\/\/shiplife.org\/2020\/selection-process\/stay-connected\/?lang=pt-br","title":{"rendered":"Continue Conectado"},"content":{"rendered":"<p>[vc_row css=&#8221;.vc_custom_1558764672624{margin-top: 40px !important;}&#8221;][vc_column width=&#8221;5\/6&#8243;][vc_column_text]<\/p>\n<h1 style=\"text-align: left;\">CONTINUE CONECTADO(A)<\/h1>\n<p>[\/vc_column_text][vc_column_text]<\/p>\n<p style=\"text-align: justify;\"><span style=\"font-size: 14pt;\">E se eu lhe disser que voc\u00ea n\u00e3o precisa continuar comprando chips de celular para cada pa\u00eds que voc\u00ea visita, nem usar todo o seu sal\u00e1rio para pagar os pacotes Wifi ultra caros dispon\u00edveis a bordo do seu cruzeiro? Fique conectado com sua fam\u00edlia e amigos em qualquer lugar do mundo usando o Google Fi.<\/span><\/p>\n<p>[\/vc_column_text][\/vc_column][vc_column width=&#8221;1\/6&#8243;][vc_single_image image=&#8221;9268&#8243; img_size=&#8221;full&#8221; alignment=&#8221;right&#8221; onclick=&#8221;custom_link&#8221; img_link_target=&#8221;_blank&#8221; link=&#8221;https:\/\/g.co\/fi\/r\/ND3H14&#8243;][\/vc_column][\/vc_row][vc_row][vc_column][vc_column_text]<\/p>\n<p style=\"text-align: justify;\"><span style=\"color: #003366;\"><strong><span style=\"font-size: 14pt;\">Espere, o que \u00e9 o Google Fi?<\/span><\/strong><\/span><\/p>\n<p style=\"text-align: justify;\"><span style=\"font-size: 14pt;\">Bem, \u00e9 a ideia mais recente e inovadora do gigante Google: eles lan\u00e7aram um chip que funciona em mais de 200 pa\u00edses em todo o mundo, incluindo aqueles lugares no Caribe onde nada funciona. A melhor parte \u00e9 o pre\u00e7o: voc\u00ea paga apenas 30 d\u00f3lares por m\u00eas com chamadas \/ textos ilimitados e com 1GB de dados. Cada 1GB de dados que voc\u00ea usa, voc\u00ea ser\u00e1 cobrado dez d\u00f3lares extras, valor este que vai at\u00e9 6GB.<\/span><\/p>\n<p>[\/vc_column_text][vc_column_text]<\/p>\n<p style=\"text-align: justify;\"><span style=\"color: #003366;\"><strong><span style=\"font-size: 14pt;\">Mas o que acontece se eu usei mais de 6GB?<\/span><\/strong><\/span><strong>\u00a0<\/strong><\/p>\n<p style=\"text-align: justify;\"><span style=\"font-size: 14pt;\">Bem, sua conex\u00e3o se tornar\u00e1 uma conex\u00e3o 4G (em vez de 5G\/LTE) e voc\u00ea obter\u00e1 dados ilimitados. N\u00e3o, n\u00e3o estamos brincando. Depois de maximizar o limite de 80$ d\u00f3lares por m\u00eas, tudo o mais que voc\u00ea usa \u00e9 gr\u00e1tis!<\/span><\/p>\n<p>[\/vc_column_text][vc_column_text]<\/p>\n<p style=\"text-align: justify;\"><span style=\"color: #003366;\"><strong><span style=\"font-size: 14pt;\">Mas n\u00e3o tem nenhum pacote?<\/span><\/strong><\/span><\/p>\n<p style=\"text-align: justify;\"><span style=\"font-size: 14pt;\">Claro que tem! Opcionalmente ao inv\u00e9s de pagar por cada GB usado, voc\u00ea tamb\u00e9m pode pagar mensalmente o valor de 70 d\u00f3lares para ter servi\u00e7o e dados ilimitados (at\u00e9 32GB por m\u00eas na rede 5G\/LTE, acima disso a conex\u00e3o reduz-se para 4G\/3G).<\/span><\/p>\n<p>[\/vc_column_text][vc_column_text]<\/p>\n<p style=\"text-align: justify;\"><span style=\"color: #003366;\"><strong><span style=\"font-size: 14pt;\">Realmente funciona em qualquer lugar?<\/span><\/strong><\/span><\/p>\n<p style=\"text-align: justify;\"><span style=\"font-size: 14pt;\">Sim! N\u00f3s testamos na Am\u00e9rica do Norte e tamb\u00e9m em quase todas as ilhas do Caribe, incluindo as Bahamas e at\u00e9 mesmo em Cuba. Nossos moderadores e colaboradores testaram na Europa e tamb\u00e9m \u00e9 sucesso garantido na \u00c1sia, excelente para fazer aquele mochil\u00e3o nas f\u00e9rias! E claro, tamb\u00e9m testamos na Am\u00e9rica do Sul e por todo o Brasil, onde funciona at\u00e9 mesmo em regi\u00f5es fechadas da Chapada Diamantina, Pantanal Matogrossense e regi\u00e3o serrana do Rio de Janeiro. Isso tudo utilizando as redes locais de cada local, sem precisar nenhuma vez fazer nenhum tipo de configura\u00e7\u00e3o adicional e sem pagar nada a mais por isso.<br \/>\n<\/span><\/p>\n<p>[\/vc_column_text][\/vc_column][\/vc_row][vc_row][vc_column][vc_custom_heading text=&#8221;Como assinar:&#8221; use_theme_fonts=&#8221;yes&#8221; css=&#8221;.vc_custom_1603814232248{margin-bottom: 40px !important;}&#8221;][vc_column_text]<\/p>\n<p style=\"text-align: justify;\"><span style=\"font-size: 14pt;\">\u00c9 muito f\u00e1cil come\u00e7ar a utilizar o GoogleFi. Voc\u00ea pode fazer parte cadastrando-se com nosso c\u00f3digo de refer\u00eancia abaixo. Al\u00e9m de nos apoiar e apoiar o site, voc\u00ea tamb\u00e9m receber\u00e1 um cr\u00e9dito de 20 d\u00f3lares em sua conta!<\/span><\/p>\n<p>[\/vc_column_text][vc_column_text]<\/p>\n<h1 style=\"text-align: center;\"><span style=\"color: #99ccff; font-size: 36pt;\"><a style=\"color: #99ccff;\" href=\"https:\/\/g.co\/fi\/r\/ND3H14\" target=\"_blank\" rel=\"noopener noreferrer\">https:\/\/g.co\/fi\/r\/ND3H14<\/a><\/span><\/h1>\n<p>[\/vc_column_text][\/vc_column][\/vc_row][vc_row][vc_column][vc_column_text]<\/p>\n<p style=\"text-align: justify;\"><span style=\"font-size: 14pt;\">Depois de clicar, siga as instru\u00e7\u00f5es da p\u00e1gina e solicite que seu cart\u00e3o SIM seja entregue em qualquer endere\u00e7o dos <strong>Estados Unidos<\/strong>, como na sede da sua empresa ou em um caf\u00e9 local que receba correspond\u00eancia para a tripula\u00e7\u00e3o. No momento, voc\u00ea n\u00e3o pode enviar o cart\u00e3o SIM para outros pa\u00edses al\u00e9m dos EUA.<\/span><\/p>\n<p>&nbsp;<\/p>\n<p style=\"text-align: justify;\"><span style=\"font-size: 14pt;\">Seu cart\u00e3o de cr\u00e9dito ser\u00e1 usado por uma pequena taxa de transa\u00e7\u00e3o de apenas 3 d\u00f3lares, apenas para confirmar sua identidade. Assim que receber o cart\u00e3o SIM, esta taxa ser\u00e1 extornada. Junto com o cart\u00e3o SIM voc\u00ea receber\u00e1 aquela pequena ferramenta necess\u00e1ria para abrir seu smartphone e uma carta de instru\u00e7\u00f5es caso esteja usando o chip com um iPhone. Basta seguir as instru\u00e7\u00f5es, pois verificamos e funciona perfeitamente!<\/span><\/p>\n<p>&nbsp;<\/p>\n<p style=\"text-align: justify;\"><span style=\"font-size: 14pt;\">Para ativar o cart\u00e3o SIM, voc\u00ea precisar\u00e1 baixar o aplicativo GoogleFi para o seu telefone e ter em m\u00e3os os dados da sua conta de servi\u00e7o m\u00f3vel anterior (apenas necess\u00e1rios no caso de voc\u00ea querer continuar usando o n\u00famero anterior). Se, ao obter o cart\u00e3o SIM, voc\u00ea selecionou que usar\u00e1 um novo n\u00famero, nenhuma a\u00e7\u00e3o ser\u00e1 necess\u00e1ria. Caso contr\u00e1rio, espere 15 minutos para que seu servi\u00e7o seja ativado e pronto, voc\u00ea agora \u00e9 um membro da rede GoogleFi!<\/span><\/p>\n<p>&nbsp;<\/p>\n<p style=\"text-align: justify;\"><span style=\"font-size: 14pt;\"><strong>DICA:<\/strong> Use o aplicativo GoogleFi tamb\u00e9m para controlar suas despesas com muitas funcionalidades excelentes: Por exemplo, se voc\u00ea deseja pausar o uso de dados, voc\u00ea pode! Se voc\u00ea gostaria de nunca usar mais do que &#8220;x&#8221; quantidade de dados, basta selecion\u00e1-lo! Continua recebendo chamadas de n\u00fameros desconhecidos? Bloqueie todos eles! Vai ficar alguns meses de f\u00e9rias em casa e n\u00e3o quer gastar dinheiro? Pause o servi\u00e7o (e as cobran\u00e7as) por 3 meses!<\/span><\/p>\n<p>[\/vc_column_text][\/vc_column][\/vc_row]<\/p>\n","protected":false},"excerpt":{"rendered":"<p>[vc_row css=&#8221;.vc_custom_1558764672624{margin-top: 40px !important;}&#8221;][vc_column width=&#8221;5\/6&#8243;][vc_column_text] CONTINUE CONECTADO(A) [\/vc_column_text][vc_column_text] E se eu lhe disser que voc\u00ea n\u00e3o precisa continuar comprando chips de celular para cada pa\u00eds que voc\u00ea visita, nem usar todo o seu sal\u00e1rio para pagar os pacotes Wifi ultra caros dispon\u00edveis a bordo do seu cruzeiro? Fique conectado com sua fam\u00edlia e amigos em [&hellip;]<\/p>\n","protected":false},"author":1,"featured_media":0,"parent":10295,"menu_order":0,"comment_status":"closed","ping_status":"closed","template":"","meta":{"footnotes":""},"yst_prominent_words":[1468,1140,1751,1148,1139,1188,1190,1189],"class_list":["post-10305","page","type-page","status-publish","hentry"],"_links":{"self":[{"href":"https:\/\/shiplife.org\/2020\/wp-json\/wp\/v2\/pages\/10305","targetHints":{"allow":["GET"]}}],"collection":[{"href":"https:\/\/shiplife.org\/2020\/wp-json\/wp\/v2\/pages"}],"about":[{"href":"https:\/\/shiplife.org\/2020\/wp-json\/wp\/v2\/types\/page"}],"author":[{"embeddable":true,"href":"https:\/\/shiplife.org\/2020\/wp-json\/wp\/v2\/users\/1"}],"replies":[{"embeddable":true,"href":"https:\/\/shiplife.org\/2020\/wp-json\/wp\/v2\/comments?post=10305"}],"version-history":[{"count":7,"href":"https:\/\/shiplife.org\/2020\/wp-json\/wp\/v2\/pages\/10305\/revisions"}],"predecessor-version":[{"id":11681,"href":"https:\/\/shiplife.org\/2020\/wp-json\/wp\/v2\/pages\/10305\/revisions\/11681"}],"up":[{"embeddable":true,"href":"https:\/\/shiplife.org\/2020\/wp-json\/wp\/v2\/pages\/10295"}],"wp:attachment":[{"href":"https:\/\/shiplife.org\/2020\/wp-json\/wp\/v2\/media?parent=10305"}],"wp:term":[{"taxonomy":"yst_prominent_words","embeddable":true,"href":"https:\/\/shiplife.org\/2020\/wp-json\/wp\/v2\/yst_prominent_words?post=10305"}],"curies":[{"name":"wp","href":"https:\/\/api.w.org\/{rel}","templated":true}]}}