{"id":10306,"date":"2019-06-16T19:17:04","date_gmt":"2019-06-16T22:17:04","guid":{"rendered":"http:\/\/shiplife.org\/?page_id=10306"},"modified":"2020-07-24T00:34:58","modified_gmt":"2020-07-24T03:34:58","slug":"vaccines","status":"publish","type":"page","link":"https:\/\/shiplife.org\/2020\/selection-process\/vaccines\/?lang=pt-br","title":{"rendered":"Vacinas"},"content":{"rendered":"<p>[vc_row css=&#8221;.vc_custom_1558754487260{margin-top: 40px !important;}&#8221;][vc_column][vc_column_text]<\/p>\n<h2 style=\"text-align: left;\">VACINAS<\/h2>\n<p>[\/vc_column_text][vc_column_text]<\/p>\n<p style=\"text-align: justify;\"><span style=\"font-size: 14pt;\">Como parte do processo de sele\u00e7\u00e3o, voc\u00ea precisar\u00e1 tomar algumas vacinas. A gente indica que voc\u00ea comece a correr atr\u00e1s das mesmas o quanto antes, pois na rede p\u00fablica voc\u00ea nem sempre encontra a disponibilidade das mesmas. Se voc\u00ea as tomou quando beb\u00ea, contanto que ainda tenha o cart\u00e3o de vacina\u00e7\u00e3o intacto, tudo bem. Caso contr\u00e1rio, voc\u00ea precisar\u00e1 tomar novamente e, para algumas como a de Catapora (Varicella), a mesma ser\u00e1 cobrada. E claro, este \u00e9 mais um dos custos n\u00e3o reembols\u00e1veis.<\/span><\/p>\n<p>&nbsp;<\/p>\n<p style=\"text-align: justify;\"><span style=\"font-size: 14pt;\">Opcionalmente, voc\u00ea tamb\u00e9m pode tomar vacinas contra a gripe e o HPV. Elas n\u00e3o s\u00e3o obrigat\u00f3rios por nenhuma empresa, mas sempre recomendamos tomar pois ajudam a manter o seu corpo protegido. Durante a temporada de gripe ou surtos, voc\u00ea tamb\u00e9m poder\u00e1 ser solicitado(a) a tomar a vacina a bordo.<\/span><\/p>\n<p>&nbsp;<\/p>\n<p style=\"text-align: justify;\"><span style=\"font-size: 14pt;\">Se voc\u00ea <span style=\"color: #000000;\"><strong>manusear alimentos a bordo<\/strong><\/span> (cozinha, chefs, gar\u00e7ons, auxiliares), ser\u00e1 tamb\u00e9m necess\u00e1rio que voc\u00ea tome a vacina contra a hepatite B. Para todas as outras posi\u00e7\u00f5es, \u00e9 totalmente opcional (mas tamb\u00e9m recomendamos tomar).<\/span><\/p>\n<p>[\/vc_column_text][\/vc_column][\/vc_row][vc_row gap=&#8221;20&#8243; equal_height=&#8221;yes&#8221; css=&#8221;.vc_custom_1558754769920{margin-bottom: 20px !important;}&#8221;][vc_column width=&#8221;1\/2&#8243; css=&#8221;.vc_custom_1558754594172{border-top-width: 1px !important;border-right-width: 1px !important;border-bottom-width: 1px !important;border-left-width: 1px !important;background-color: #ededc7 !important;border-left-color: #020202 !important;border-left-style: dashed !important;border-right-color: #020202 !important;border-right-style: dashed !important;border-top-color: #020202 !important;border-top-style: dashed !important;border-bottom-color: #020202 !important;border-bottom-style: dashed !important;}&#8221;][vc_column_text]<\/p>\n<h4 style=\"text-align: center;\">MMR<\/h4>\n<p style=\"text-align: center;\"><span style=\"font-size: 14pt;\">A vacina MMR \u00e9 uma vacina contra sarampo, caxumba e rub\u00e9ola. Para a maioria das companhias de cruzeiro, voc\u00ea precisar\u00e1 tomar duas doses.<\/span><\/p>\n<p>[\/vc_column_text][\/vc_column][vc_column width=&#8221;1\/2&#8243; css=&#8221;.vc_custom_1558754643358{border-top-width: 1px !important;border-right-width: 1px !important;border-bottom-width: 1px !important;border-left-width: 1px !important;background-color: #ededc7 !important;border-left-color: #020202 !important;border-left-style: dashed !important;border-right-color: #020202 !important;border-right-style: dashed !important;border-top-color: #020202 !important;border-top-style: dashed !important;border-bottom-color: #020202 !important;border-bottom-style: dashed !important;}&#8221;][vc_column_text]<\/p>\n<h4 style=\"text-align: center;\">DTaP<\/h4>\n<p style=\"text-align: center;\"><span style=\"font-size: 14pt;\">DTaP \u00e9 uma vacina que ajuda a desenvolver imunidade a tr\u00eas doen\u00e7as mortais causadas por bact\u00e9rias: Difteria, T\u00e9tano e Tosse convulsa (coqueluche).<br \/>\n<\/span>[\/vc_column_text][\/vc_column][\/vc_row][vc_row gap=&#8221;20&#8243; equal_height=&#8221;yes&#8221; css=&#8221;.vc_custom_1558754780311{margin-bottom: 20px !important;}&#8221;][vc_column width=&#8221;1\/2&#8243; css=&#8221;.vc_custom_1558754594172{border-top-width: 1px !important;border-right-width: 1px !important;border-bottom-width: 1px !important;border-left-width: 1px !important;background-color: #ededc7 !important;border-left-color: #020202 !important;border-left-style: dashed !important;border-right-color: #020202 !important;border-right-style: dashed !important;border-top-color: #020202 !important;border-top-style: dashed !important;border-bottom-color: #020202 !important;border-bottom-style: dashed !important;}&#8221;][vc_column_text]<\/p>\n<h4 style=\"text-align: center;\">Varicella<\/h4>\n<p>&nbsp;<\/p>\n<p style=\"text-align: center;\"><span style=\"font-size: 14pt;\">Tamb\u00e9m conhecida como vacina contra a catapora! Uma dose da vacina previne 95% da doen\u00e7a moderada e 100% da doen\u00e7a grave. S\u00e3o necess\u00e1rias duas doses da vacina para algumas linhas de cruzeiro, como Disney e Carnival. <\/span><span style=\"font-size: 14pt;\">Se voc\u00ea j\u00e1 teve essa doen\u00e7a antes (comum na inf\u00e2ncia), n\u00e3o precisa tomar as vacinas, pois isso pode ser confirmado durante o exame de sangue (basta informar a cl\u00ednica).<br \/>\n<\/span>[\/vc_column_text][\/vc_column][vc_column width=&#8221;1\/2&#8243; css=&#8221;.vc_custom_1558754643358{border-top-width: 1px !important;border-right-width: 1px !important;border-bottom-width: 1px !important;border-left-width: 1px !important;background-color: #ededc7 !important;border-left-color: #020202 !important;border-left-style: dashed !important;border-right-color: #020202 !important;border-right-style: dashed !important;border-top-color: #020202 !important;border-top-style: dashed !important;border-bottom-color: #020202 !important;border-bottom-style: dashed !important;}&#8221;][vc_column_text]<\/p>\n<h4 style=\"text-align: center;\">Febre Amarela<\/h4>\n<p style=\"text-align: center;\"><span style=\"font-size: 14pt;\">A febre amarela \u00e9 uma infec\u00e7\u00e3o viral que ocorre na \u00c1frica e na Am\u00e9rica do Sul. A maioria das pessoas come\u00e7a a desenvolver imunidade dentro de dez dias e 99% s\u00e3o protegidos dentro de um m\u00eas ap\u00f3s a vacina\u00e7\u00e3o. <span style=\"color: #000000;\"><strong>Voc\u00ea precisa do Certificado Internacional de Febre Amarela para embarcar<\/strong><\/span>. Para adquiri-lo, informe-se no seu centro de sa\u00fade local. Para receber o certificado, voc\u00ea tamb\u00e9m precisa tomar a dose completa da vacina, o que pode ser dif\u00edcil de encontrar em alguns pa\u00edses como Peru, Colombia, Argentina e Brasil. Caso necess\u00e1rio, apresente documentos da companhia que est\u00e1 aplicando, leve a LOE (<em>Letter of Employment<\/em>) ou algum outro termo de comprova\u00e7\u00e3o da necessidade da vacina com carga total.<\/span><\/p>\n<p>[\/vc_column_text][\/vc_column][\/vc_row]<\/p>\n","protected":false},"excerpt":{"rendered":"<p>[vc_row css=&#8221;.vc_custom_1558754487260{margin-top: 40px !important;}&#8221;][vc_column][vc_column_text] VACINAS [\/vc_column_text][vc_column_text] Como parte do processo de sele\u00e7\u00e3o, voc\u00ea precisar\u00e1 tomar algumas vacinas. A gente indica que voc\u00ea comece a correr atr\u00e1s das mesmas o quanto antes, pois na rede p\u00fablica voc\u00ea nem sempre encontra a disponibilidade das mesmas. Se voc\u00ea as tomou quando beb\u00ea, contanto que ainda tenha o cart\u00e3o [&hellip;]<\/p>\n","protected":false},"author":1,"featured_media":0,"parent":10295,"menu_order":0,"comment_status":"closed","ping_status":"closed","template":"","meta":{"footnotes":""},"yst_prominent_words":[2466,2452,2464,2465,2461,2459,2468,2469,2463,2451,1188,2454,1216,2455,2462,2458,2460,2450,2449,2453],"class_list":["post-10306","page","type-page","status-publish","hentry"],"_links":{"self":[{"href":"https:\/\/shiplife.org\/2020\/wp-json\/wp\/v2\/pages\/10306","targetHints":{"allow":["GET"]}}],"collection":[{"href":"https:\/\/shiplife.org\/2020\/wp-json\/wp\/v2\/pages"}],"about":[{"href":"https:\/\/shiplife.org\/2020\/wp-json\/wp\/v2\/types\/page"}],"author":[{"embeddable":true,"href":"https:\/\/shiplife.org\/2020\/wp-json\/wp\/v2\/users\/1"}],"replies":[{"embeddable":true,"href":"https:\/\/shiplife.org\/2020\/wp-json\/wp\/v2\/comments?post=10306"}],"version-history":[{"count":6,"href":"https:\/\/shiplife.org\/2020\/wp-json\/wp\/v2\/pages\/10306\/revisions"}],"predecessor-version":[{"id":11366,"href":"https:\/\/shiplife.org\/2020\/wp-json\/wp\/v2\/pages\/10306\/revisions\/11366"}],"up":[{"embeddable":true,"href":"https:\/\/shiplife.org\/2020\/wp-json\/wp\/v2\/pages\/10295"}],"wp:attachment":[{"href":"https:\/\/shiplife.org\/2020\/wp-json\/wp\/v2\/media?parent=10306"}],"wp:term":[{"taxonomy":"yst_prominent_words","embeddable":true,"href":"https:\/\/shiplife.org\/2020\/wp-json\/wp\/v2\/yst_prominent_words?post=10306"}],"curies":[{"name":"wp","href":"https:\/\/api.w.org\/{rel}","templated":true}]}}