{"id":10307,"date":"2019-06-16T19:17:06","date_gmt":"2019-06-16T22:17:06","guid":{"rendered":"http:\/\/shiplife.org\/?page_id=10307"},"modified":"2020-10-27T17:13:29","modified_gmt":"2020-10-27T20:13:29","slug":"visas-for-seafarers","status":"publish","type":"page","link":"https:\/\/shiplife.org\/2020\/selection-process\/visas-for-seafarers\/?lang=pt-br","title":{"rendered":"VISAs para tripulantes"},"content":{"rendered":"<p>[vc_row css=&#8221;.vc_custom_1558756334181{margin-top: 40px !important;}&#8221;][vc_column][vc_column_text]<\/p>\n<h2>Vistos para Tripulantes<\/h2>\n<p>[\/vc_column_text][vc_column_text]<\/p>\n<p style=\"text-align: justify;\"><span style=\"font-size: 14pt;\">Quando voc\u00ea est\u00e1 trabalhando em um navio que navega pelo mundo, na maioria dos pa\u00edses voc\u00ea n\u00e3o precisar\u00e1 de um visto devido a acordos mar\u00edtimos feitos por empresas de cruzeiros e o respectivo pa\u00eds ou mesmo o seu pa\u00eds de origem e o de destino. Mas devido a algumas leis governamentais espec\u00edficas, os membros da tripula\u00e7\u00e3o que ingressam em um navio de cruzeiro nos seguintes pa\u00edses precisam adquirir vistos especiais para comprovar que est\u00e3o ingressando em um navio para trabalhar, e isso \u00e9 especialmente aplicado refor\u00e7ado nos Estados Unidos, Austr\u00e1lia, Canad\u00e1 e na It\u00e1lia. Como o processo e a elegibilidade s\u00e3o muito complicados, criamos diversos tutoriais para explicar um pouco mais de cada um deles.<\/span><\/p>\n<p>&nbsp;<\/p>\n<p style=\"text-align: justify;\"><span style=\"font-size: 14pt;\"><strong>NOTA:<\/strong> Os membros da tripula\u00e7\u00e3o tamb\u00e9m precisam de vistos para entrar em alguns outros pa\u00edses ao redor do mundo, mas a burocracia geralmente \u00e9 tratada pelos funcion\u00e1rios de RH do navio, ent\u00e3o a tripula\u00e7\u00e3o n\u00e3o precisa se inscrever para nada por conta pr\u00f3pria. Um exemplo disso \u00e9 o Visto Schengen, necess\u00e1rio para pa\u00edses europeus como Portugal, Espanha, Alemanha e outros. Al\u00e9m disso, quando falamos sobre este tipo de visto, algumas nacionalidades n\u00e3o s\u00e3o obrigadas a t\u00ea-lo devido a acordos internacionais. Se voc\u00ea \u00e9 brasileiro por exemplo, voc\u00ea n\u00e3o precisa do visto Schengen.<br \/>\n<\/span><\/p>\n<p>&nbsp;<\/p>\n<p style=\"text-align: justify;\"><span style=\"font-size: 14pt;\">Todas as empresas de cruzeiros s\u00e3o obrigadas por lei a reembolsar os membros da tripula\u00e7\u00e3o pelas taxas de inscri\u00e7\u00e3o de vistos, mas somente se forem bem-sucedidos.<\/span><\/p>\n<p>[\/vc_column_text][\/vc_column][\/vc_row][vc_row css=&#8221;.vc_custom_1558756876041{margin-bottom: 20px !important;border-top-width: 1px !important;border-right-width: 1px !important;border-bottom-width: 1px !important;border-left-width: 1px !important;background-color: #c9dded !important;border-left-color: #020202 !important;border-left-style: dashed !important;border-right-color: #020202 !important;border-right-style: dashed !important;border-top-color: #020202 !important;border-top-style: dashed !important;border-bottom-color: #020202 !important;border-bottom-style: dashed !important;}&#8221;][vc_column][vc_column_text css=&#8221;.vc_custom_1558756615896{padding-right: 10px !important;padding-left: 10px !important;}&#8221;]<\/p>\n<h4 style=\"text-align: justify;\"><span style=\"font-size: 14pt;\">VISTO AMERICANO, C1\/D VISA<br \/>\n<\/span><\/h4>\n<p style=\"text-align: justify;\"><span style=\"font-size: 14pt;\">Se o seu navio estiver viajando de ou para os Estados Unidos, todos os membros da tripula\u00e7\u00e3o precisam adquirir o visto C1\/d para poder trabalhar a bordo. Como o mercado americano \u00e9 um dos maiores do mundo, quase todos os tripulantes em algum ponto da carreira se candidatam para conseguir este visto, e, como o processo \u00e9 longo e muito complicado, n\u00f3s tamb\u00e9m temos um tutorial de como preencher os formul\u00e1rios e adquirir o visto com sucesso.<\/span><\/p>\n<p>&nbsp;<\/p>\n<p style=\"text-align: justify;\"><span style=\"font-size: 14pt;\"><a href=\"http:\/\/shiplife.org\/selection-process\/visas-for-seafarers\/filling-the-ds-160-for-seafarers\/?lang=pt-br\">Tutorial de como preencher o DS-160 para o visto C1\/d<\/a>.<\/span><\/p>\n<p>[\/vc_column_text][\/vc_column][\/vc_row][vc_row css=&#8221;.vc_custom_1558756853562{margin-bottom: 20px !important;border-top-width: 1px !important;border-right-width: 1px !important;border-bottom-width: 1px !important;border-left-width: 1px !important;background-color: #ddd1bc !important;border-left-color: #020202 !important;border-left-style: dashed !important;border-right-color: #020202 !important;border-right-style: dashed !important;border-top-color: #020202 !important;border-top-style: dashed !important;border-bottom-color: #020202 !important;border-bottom-style: dashed !important;}&#8221;][vc_column][vc_column_text css=&#8221;.vc_custom_1603829351307{padding-right: 10px !important;padding-left: 10px !important;}&#8221;]<\/p>\n<h4><span style=\"font-size: 14pt;\">VISTO AUSTRALIANO<\/span><\/h4>\n<p style=\"text-align: justify;\"><span style=\"font-size: 14pt;\">Se voc\u00ea estiver ingressando em um navio na Austr\u00e1lia, ser\u00e1 necess\u00e1rio adquirir o Visto de Tripula\u00e7\u00e3o Mar\u00edtima, subclasse 988. O processo \u00e9 mais simples do que o visto dos Estados Unidos, mas levar\u00e1 algum tempo para preencher os formul\u00e1rios, pois voc\u00ea deve se inscrever para um visto \u00fanico, mas preenchendo dois formul\u00e1rios diferentes. Tamb\u00e9m temos um tutorial sobre como preencher e adquirir o visto com sucesso.<\/span><\/p>\n<p>&nbsp;<\/p>\n<p style=\"text-align: justify;\"><span style=\"font-size: 14pt;\">Clique aqui para ler o procedimento.<\/span><\/p>\n<p>[\/vc_column_text][\/vc_column][\/vc_row][vc_row css=&#8221;.vc_custom_1558756835712{margin-bottom: 20px !important;border-top-width: 1px !important;border-right-width: 1px !important;border-bottom-width: 1px !important;border-left-width: 1px !important;background-color: #ffd6d6 !important;border-left-color: #020202 !important;border-left-style: dashed !important;border-right-color: #020202 !important;border-right-style: dashed !important;border-top-color: #020202 !important;border-top-style: dashed !important;border-bottom-color: #020202 !important;border-bottom-style: dashed !important;}&#8221;][vc_column][vc_column_text css=&#8221;.vc_custom_1603829361251{padding-right: 10px !important;padding-left: 10px !important;}&#8221;]<\/p>\n<h4><span style=\"font-size: 14pt;\">VISTO CANADENSE<\/span><\/h4>\n<p>&nbsp;<\/p>\n<p style=\"text-align: justify;\"><span style=\"font-size: 14pt;\">Se o seu navio estiver saindo do Canad\u00e1, voc\u00ea precisar\u00e1 solicitar um visto de tr\u00e2nsito que permitir\u00e1 que voc\u00ea entre no Canad\u00e1 de avi\u00e3o e depois embarque no navio. O mesmo visto tamb\u00e9m \u00e9 necess\u00e1rio se voc\u00ea estiver fazendo o caminho inverso, desembarcando no Canad\u00e1 antes de voltar para casa. O processo \u00e9 simples e normalmente leva menos de cinco dias \u00fateis para se inscrever e receber o visto em seu passaporte.<\/span><\/p>\n<p>&nbsp;<\/p>\n<p style=\"text-align: justify;\"><span style=\"font-size: 14pt;\">Clique aqui para ler o procedimento.<\/span><\/p>\n<p>[\/vc_column_text][\/vc_column][\/vc_row][vc_row css=&#8221;.vc_custom_1558756817128{margin-bottom: 20px !important;border-top-width: 1px !important;border-right-width: 1px !important;border-bottom-width: 1px !important;border-left-width: 1px !important;background-color: #d1e8c9 !important;border-left-color: #020202 !important;border-left-style: dashed !important;border-right-color: #020202 !important;border-right-style: dashed !important;border-top-color: #020202 !important;border-top-style: dashed !important;border-bottom-color: #020202 !important;border-bottom-style: dashed !important;}&#8221;][vc_column][vc_column_text css=&#8221;.vc_custom_1603829377792{padding-right: 10px !important;padding-left: 10px !important;}&#8221;]<\/p>\n<h4><span style=\"font-size: 14pt;\">VISTO ITALIANO<\/span><\/h4>\n<p style=\"text-align: justify;\"><span style=\"font-size: 14pt;\">Este \u00e9 de longe um dos vistos mais complicados e espec\u00edficos que s\u00e3o exigidos para os membros da tripula\u00e7\u00e3o a fim de embarcar em um navio na It\u00e1lia. Tamb\u00e9m se aplica apenas \u00e0 empresa Costa Crociere e seus tripulantes. Como os navios da empresa s\u00e3o registrados na It\u00e1lia, os tripulantes que chegam no pa\u00eds por via a\u00e9rea para ingressar em um navio por lei (visto que o navio \u00e9 considerado parte da It\u00e1lia) precisam adquirir um visto de trabalho.<\/span><\/p>\n<p>&nbsp;<\/p>\n<p style=\"text-align: justify;\"><span style=\"font-size: 14pt;\">Clique aqui para ler o procedimento.<\/span><\/p>\n<p>[\/vc_column_text][\/vc_column][\/vc_row]<\/p>\n","protected":false},"excerpt":{"rendered":"<p>[vc_row css=&#8221;.vc_custom_1558756334181{margin-top: 40px !important;}&#8221;][vc_column][vc_column_text] Vistos para Tripulantes [\/vc_column_text][vc_column_text] Quando voc\u00ea est\u00e1 trabalhando em um navio que navega pelo mundo, na maioria dos pa\u00edses voc\u00ea n\u00e3o precisar\u00e1 de um visto devido a acordos mar\u00edtimos feitos por empresas de cruzeiros e o respectivo pa\u00eds ou mesmo o seu pa\u00eds de origem e o de destino. Mas devido [&hellip;]<\/p>\n","protected":false},"author":1,"featured_media":0,"parent":10295,"menu_order":0,"comment_status":"closed","ping_status":"closed","template":"","meta":{"footnotes":""},"yst_prominent_words":[1725],"class_list":["post-10307","page","type-page","status-publish","hentry"],"_links":{"self":[{"href":"https:\/\/shiplife.org\/2020\/wp-json\/wp\/v2\/pages\/10307","targetHints":{"allow":["GET"]}}],"collection":[{"href":"https:\/\/shiplife.org\/2020\/wp-json\/wp\/v2\/pages"}],"about":[{"href":"https:\/\/shiplife.org\/2020\/wp-json\/wp\/v2\/types\/page"}],"author":[{"embeddable":true,"href":"https:\/\/shiplife.org\/2020\/wp-json\/wp\/v2\/users\/1"}],"replies":[{"embeddable":true,"href":"https:\/\/shiplife.org\/2020\/wp-json\/wp\/v2\/comments?post=10307"}],"version-history":[{"count":5,"href":"https:\/\/shiplife.org\/2020\/wp-json\/wp\/v2\/pages\/10307\/revisions"}],"predecessor-version":[{"id":11700,"href":"https:\/\/shiplife.org\/2020\/wp-json\/wp\/v2\/pages\/10307\/revisions\/11700"}],"up":[{"embeddable":true,"href":"https:\/\/shiplife.org\/2020\/wp-json\/wp\/v2\/pages\/10295"}],"wp:attachment":[{"href":"https:\/\/shiplife.org\/2020\/wp-json\/wp\/v2\/media?parent=10307"}],"wp:term":[{"taxonomy":"yst_prominent_words","embeddable":true,"href":"https:\/\/shiplife.org\/2020\/wp-json\/wp\/v2\/yst_prominent_words?post=10307"}],"curies":[{"name":"wp","href":"https:\/\/api.w.org\/{rel}","templated":true}]}}