{"id":11151,"date":"2020-05-27T01:29:33","date_gmt":"2020-05-27T04:29:33","guid":{"rendered":"https:\/\/shiplife.org\/?page_id=11151"},"modified":"2020-05-27T21:36:56","modified_gmt":"2020-05-28T00:36:56","slug":"community","status":"publish","type":"page","link":"https:\/\/shiplife.org\/2020\/community\/?lang=es","title":{"rendered":"Comunidad"},"content":{"rendered":"<p>[vc_row css=&#8221;.vc_custom_1558808225671{margin-top: 40px !important;}&#8221;][vc_column][vc_column_text]<\/p>\n<h1 style=\"text-align: center;\"><span style=\"font-size: 24pt;\">\u00daNETE A NUESTRA COMUNIDAD<\/span><br \/>\n<span style=\"font-size: 24pt;\">Y S\u00c9 PARTE DE ALGO GRANDIOSO<\/span><\/h1>\n<h1><\/h1>\n<p>[\/vc_column_text][vc_column_text]<\/p>\n<p style=\"text-align: justify;\"><span style=\"font-size: 14pt;\">Nos estamos haciendo cada vez m\u00e1s grandes, y hoy en d\u00eda #SHIPLIFE no es solo un sitio web (o un hashtag) que contiene informaci\u00f3n para los miembros de la tripulaci\u00f3n, sino que tambi\u00e9n se convirti\u00f3 en una comunidad muy organizada que no para de crecer. Entonces, eres m\u00e1s que bienvenido a unirte a nosotros y ser parte de nuestras comunidades y grupos, consulta nuestros enlaces a continuaci\u00f3n:<\/span><\/p>\n<p>[\/vc_column_text][\/vc_column][\/vc_row][vc_row gap=&#8221;20&#8243; equal_height=&#8221;yes&#8221;][vc_column width=&#8221;2\/3&#8243;][vc_column_text]<\/p>\n<p style=\"text-align: justify;\"><span style=\"font-size: 14pt;\"><span style=\"color: #003366;\"><strong>Pero, \u00bfqu\u00e9 significa ser parte de la comunidad?<\/strong><\/span> Bueno, cuando buscas sobre la vida a bordo de cruceros, c\u00f3mo trabajar en alta mar, c\u00f3mo postularte, etc., es bastante f\u00e1cil encontrar mucho contenido en la Web con miles de canales, blogs y grupos de redes sociales diferentes que alguna vez en el pasado se crearon para compartir experiencias e incluso ayudar a otros con los mismos problemas. Pero ahora, a\u00f1os despu\u00e9s, esos mismos canales o grupos carecen de contenido actualizado o no brindan el mismo soporte que una vez se les ofreci\u00f3. Estamos aqu\u00ed para cambiar eso.<\/span><\/p>\n<p>&nbsp;<\/p>\n<p style=\"text-align: justify;\"><span style=\"font-size: 14pt;\"><span style=\"color: #003366;\"><strong>Te invitamos a unirte a nuestros grupos oficiales<\/strong><\/span> en Facebook, seguirnos en LinkedIn, compartir tus fotos en nuestra cuenta de Instagram e incluso chatear sin parar con otros miembros de la tripulaci\u00f3n en nuestros grupos de WhatsApp. Pero no solo como una persona que busca informaci\u00f3n, sino tambi\u00e9n como alguien que est\u00e1 experimentando los mismos sentimientos y dudas que todos nosotros tenemos durante nuestros contratos.<\/span><\/p>\n<p>&nbsp;<\/p>\n<p style=\"text-align: justify;\"><span style=\"font-size: 14pt;\"><span style=\"color: #003366;\"><strong>Lo m\u00e1s importante es que estamos aqu\u00ed para ayudarte.<\/strong><\/span> No importa cu\u00e1l sea tu pregunta o cu\u00e1nto necesitas ayuda aqu\u00ed te apoyamos. Y en alg\u00fan momento a partir de ahora, tal vez tambi\u00e9n puedas ayudar a otros de la misma manera en la que te extendimos nuestros brazos en el momento que necesitaste.<br \/>\n<\/span>[\/vc_column_text][\/vc_column][vc_column width=&#8221;1\/3&#8243; css=&#8221;.vc_custom_1558808093325{border-top-width: 1px !important;border-right-width: 1px !important;border-bottom-width: 1px !important;border-left-width: 1px !important;padding-right: 10px !important;padding-left: 10px !important;border-left-color: #020202 !important;border-left-style: dashed !important;border-right-color: #020202 !important;border-right-style: dashed !important;border-top-color: #020202 !important;border-top-style: dashed !important;border-bottom-color: #020202 !important;border-bottom-style: dashed !important;border-radius: 10px !important;}&#8221;][vc_raw_html]JTNDaWZyYW1lJTIwc3JjJTNEJTIyaHR0cHMlM0ElMkYlMkZ3d3cuZmFjZWJvb2suY29tJTJGcGx1Z2lucyUyRnBhZ2UucGhwJTNGaHJlZiUzRGh0dHBzJTI1M0ElMjUyRiUyNTJGd3d3LmZhY2Vib29rLmNvbSUyNTJGc2hpcGxpZmUub3JnJTI2dGFicyUyNndpZHRoJTNEMzQwJTI2aGVpZ2h0JTNEMjE0JTI2c21hbGxfaGVhZGVyJTNEZmFsc2UlMjZhZGFwdF9jb250YWluZXJfd2lkdGglM0R0cnVlJTI2aGlkZV9jb3ZlciUzRGZhbHNlJTI2c2hvd19mYWNlcGlsZSUzRHRydWUlMjZhcHBJZCUzRDM1ODU5MzkxODIyNTM5NCUyMiUyMHdpZHRoJTNEJTIyMzQwJTIyJTIwaGVpZ2h0JTNEJTIyMjE0JTIyJTIwc3R5bGUlM0QlMjJib3JkZXIlM0Fub25lJTNCb3ZlcmZsb3clM0FoaWRkZW4lMjIlMjBzY3JvbGxpbmclM0QlMjJubyUyMiUyMGZyYW1lYm9yZGVyJTNEJTIyMCUyMiUyMGFsbG93VHJhbnNwYXJlbmN5JTNEJTIydHJ1ZSUyMiUyMGFsbG93JTNEJTIyZW5jcnlwdGVkLW1lZGlhJTIyJTNFJTNDJTJGaWZyYW1lJTNF[\/vc_raw_html][vc_column_text]<\/p>\n<p style=\"text-align: justify;\">Esta es nuestra p\u00e1gina oficial de Facebook. En \u00e9l obtienes actualizaciones de lo que se est\u00e1 actualizando en este sitio web, adem\u00e1s de nuevas oportunidades de trabajo para que puedas postularte. Si eso no es suficiente, \u00a1tambi\u00e9n pasamos mucho tiempo creando memes para que los compartas!<\/p>\n<p>[\/vc_column_text][\/vc_column][\/vc_row][vc_row][vc_column][vc_zigzag css=&#8221;.vc_custom_1558809126108{margin-top: 30px !important;margin-bottom: 30px !important;}&#8221;][vc_column_text]<\/p>\n<h2 style=\"text-align: center;\">Nuestros grupos en Facebook<\/h2>\n<p style=\"text-align: justify;\"><span style=\"font-size: 14pt;\">Ahora es el momento de que conozcas a nuestros grupos de Facebook. Es donde puedes hacer preguntas sobre cualquier cosa y otros miembros tratar\u00e1n de ayudarte sin importar lo que sea. Tambi\u00e9n puedes compartir historias y consejos que podr\u00edan ayudar a otros. Como ves esta es la versi\u00f3n en espa\u00f1ol del sitio web ya que solo nos mostramos en nuestros grupos internacionales.<\/span><\/p>\n<p>[\/vc_column_text][vc_row_inner equal_height=&#8221;yes&#8221; gap=&#8221;20&#8243;][vc_column_inner width=&#8221;1\/2&#8243;][vc_column_text]<\/p>\n<h3 style=\"text-align: center;\"><a href=\"https:\/\/www.facebook.com\/groups\/shiplife.org\/\" target=\"_blank\" rel=\"noopener noreferrer\">#SHIPLIFE<\/a><\/h3>\n<p style=\"text-align: center;\">Todos son bienvenidos a unirse a nuestro grupo, sin importar con cual compa\u00f1\u00eda trabajas o para la que sue\u00f1as postularte. Aqu\u00ed compartimos historias, im\u00e1genes y otros contenidos que quiz\u00e1s no encuentres en otro sitio web. \u00a1\u00danete a nosotros!<\/p>\n<p>[\/vc_column_text][vc_single_image image=&#8221;9468&#8243; img_size=&#8221;full&#8221; alignment=&#8221;center&#8221; style=&#8221;vc_box_shadow_3d&#8221; onclick=&#8221;custom_link&#8221; img_link_target=&#8221;_blank&#8221; link=&#8221;https:\/\/www.facebook.com\/groups\/shiplife.org\/&#8221;][\/vc_column_inner][vc_column_inner width=&#8221;1\/2&#8243;][vc_column_text]<\/p>\n<h3 style=\"text-align: center;\"><a href=\"https:\/\/www.facebook.com\/groups\/crewvirginvoyages\/\" target=\"_blank\" rel=\"noopener noreferrer\">Virgin Voyages Crew<\/a><\/h3>\n<p style=\"text-align: center;\">En 2016, cuando se anunci\u00f3 Virgin Cruises, seguimos adelante y creamos los futuros miembros de la compa\u00f1\u00eda que pronto ser\u00edan tripulantes. La compa\u00f1\u00eda cambi\u00f3 su nombre m\u00e1s tarde y crecimos todos juntos como una gran familia de fan\u00e1ticos y amigos hasta el punto de que ahora es el mayor grupo de fan\u00e1ticos de la compa\u00f1\u00eda.<\/p>\n<p>[\/vc_column_text][vc_single_image image=&#8221;9475&#8243; img_size=&#8221;full&#8221; alignment=&#8221;center&#8221; style=&#8221;vc_box_shadow_3d&#8221; onclick=&#8221;custom_link&#8221; img_link_target=&#8221;_blank&#8221; link=&#8221;https:\/\/www.facebook.com\/groups\/crewvirginvoyages\/&#8221;][\/vc_column_inner][\/vc_row_inner][\/vc_column][\/vc_row][vc_row css=&#8221;.vc_custom_1558772420201{margin-top: 40px !important;}&#8221;][vc_column][vc_zigzag css=&#8221;.vc_custom_1558809126108{margin-top: 30px !important;margin-bottom: 30px !important;}&#8221;][vc_row_inner equal_height=&#8221;yes&#8221; content_placement=&#8221;middle&#8221;][vc_column_inner width=&#8221;1\/4&#8243;][vc_single_image image=&#8221;9479&#8243; img_size=&#8221;full&#8221; alignment=&#8221;center&#8221; style=&#8221;vc_box_rounded&#8221;][\/vc_column_inner][vc_column_inner width=&#8221;3\/4&#8243;][vc_column_text]<\/p>\n<h5 style=\"text-align: justify;\"><span style=\"color: #000000;\"><strong>WhatsApp \u00a1Amo WhatsApp! \u00bfC\u00f3mo me puedo unir?<br \/>\n<\/strong><\/span><\/h5>\n<p style=\"text-align: justify;\">Tambi\u00e9n amamos WhatsApp, pero desafortunadamente debido a los recientes eventos de spam masivo, ya no podemos compartir nuestros enlaces de grupo de WhatsApp aqu\u00ed. Los grupos todav\u00eda est\u00e1n, y si realmente quieres unirte a nosotros, \u00a1es f\u00e1cil! \u00a1\u00danase a nuestros grupos en Facebook y cada uno de ellos tiene un enlace de grupo diferente para que puedas participar!<\/p>\n<p>[\/vc_column_text][\/vc_column_inner][\/vc_row_inner][vc_row_inner][vc_column_inner width=&#8221;3\/4&#8243;][vc_column_text]<\/p>\n<h4 style=\"text-align: justify;\"><span style=\"color: #000000;\"><strong><a href=\"https:\/\/www.instagram.com\/shiplife_org\/\" target=\"_blank\" rel=\"noopener noreferrer\">#SHIPLIFE en Instagram<\/a><br \/>\n<\/strong><\/span><\/h4>\n<p style=\"text-align: justify;\">\u00a1Por supuesto que tambi\u00e9n estamos en Instagram! \u00a1Nuestra plataforma principal puedes encontrar historias de la tripulaci\u00f3n, fotos de cruceros que encontramos durante los puertos o en medio del mar y m\u00e1s! Tambi\u00e9n compartimos mucho contenido en la plataforma, siempre transmitiendo lo mejor para mantenerte actualizado sobre lo que est\u00e1 sucediendo. No olvides seguirnos all\u00ed y etiquetar tus fotos con nuestro hashtag oficial, #SHIPLIFE<\/p>\n<p>[\/vc_column_text][\/vc_column_inner][vc_column_inner width=&#8221;1\/4&#8243;][vc_single_image image=&#8221;9457&#8243; img_size=&#8221;full&#8221; alignment=&#8221;center&#8221; style=&#8221;vc_box_rounded&#8221; onclick=&#8221;custom_link&#8221; img_link_target=&#8221;_blank&#8221; link=&#8221;https:\/\/www.instagram.com\/shiplife_org\/&#8221;][\/vc_column_inner][\/vc_row_inner][vc_row_inner equal_height=&#8221;yes&#8221; content_placement=&#8221;middle&#8221;][vc_column_inner width=&#8221;1\/4&#8243;][vc_single_image image=&#8221;9440&#8243; img_size=&#8221;full&#8221; alignment=&#8221;center&#8221; style=&#8221;vc_box_rounded&#8221; onclick=&#8221;custom_link&#8221; img_link_target=&#8221;_blank&#8221; link=&#8221;https:\/\/www.linkedin.com\/company\/shiplife&#8221;][\/vc_column_inner][vc_column_inner width=&#8221;3\/4&#8243;][vc_column_text]<\/p>\n<h5 style=\"text-align: justify;\"><span style=\"color: #000000;\"><strong><a href=\"https:\/\/www.linkedin.com\/company\/shiplife\" target=\"_blank\" rel=\"noopener noreferrer\">Nuestra p\u00e1gina en LinkedIn<\/a><br \/>\n<\/strong><\/span><\/h5>\n<p style=\"text-align: justify;\">\u00bfTienes un perfil de LinkedIn? \u00bfNo? Bueno, deber\u00edas crear uno de inmediato y, por supuesto, s\u00edguenos all\u00ed. LinkedIn es una plataforma profesional de redes sociales donde puedes aprender m\u00e1s sobre tu campo de acci\u00f3n, seguir las actualizaciones de la empresa e incluso realizar algunos entrenamientos, todo de forma gratuita. Eventualmente, tambi\u00e9n recibir\u00e1s notificaciones sobre las ofertas de trabajos e incluso puede aplicar algunas l\u00edneas de cruceros a trav\u00e9s de LinkedIn. En nuestra p\u00e1gina tambi\u00e9n compartimos actualizaciones sobre nuestras estad\u00edsticas, encuestas de la tripulaci\u00f3n y m\u00e1s contenido que solo puedes encontrar all\u00ed. \u00a1Puedes apoyarnos sigui\u00e9ndonos!<\/p>\n<p>&nbsp;[\/vc_column_text][\/vc_column_inner][\/vc_row_inner][vc_row_inner equal_height=&#8221;yes&#8221; css=&#8221;.vc_custom_1581371809216{border-top-width: 1px !important;border-right-width: 1px !important;border-bottom-width: 1px !important;border-left-width: 1px !important;padding-top: 20px !important;padding-right: 20px !important;padding-left: 20px !important;background-color: #e0e0e0 !important;border-left-color: #020202 !important;border-left-style: dashed !important;border-right-color: #020202 !important;border-right-style: dashed !important;border-top-color: #020202 !important;border-top-style: dashed !important;border-bottom-color: #020202 !important;border-bottom-style: dashed !important;}&#8221;][vc_column_inner width=&#8221;3\/4&#8243;][vc_column_text]<\/p>\n<h5><a href=\"https:\/\/www.youtube.com\/channel\/UCfdC8oF4wGbfq7FLFAjdC-g\" target=\"_blank\" rel=\"noopener noreferrer\"><span style=\"color: #808080;\"><strong>LEGADO: Youtube Channel<\/strong><\/span><\/a><\/h5>\n<p style=\"text-align: justify;\">Creamos nuestro canal de YouTube con buenas intenciones, creando tutoriales sobre c\u00f3mo completar formularios, crear un curr\u00edculum profesional y subir eventos en vivo a la plataforma. Despu\u00e9s de un corto tiempo, decidimos dejar de crear contenido de video y centrarnos m\u00e1s en el sitio web y las aplicaciones m\u00f3viles. El canal todav\u00eda est\u00e1 all\u00ed y a\u00fan puedes suscribirte.<\/p>\n<p>[\/vc_column_text][\/vc_column_inner][vc_column_inner width=&#8221;1\/4&#8243;][vc_single_image image=&#8221;9436&#8243; img_size=&#8221;full&#8221; alignment=&#8221;center&#8221; style=&#8221;vc_box_rounded&#8221; onclick=&#8221;custom_link&#8221; img_link_target=&#8221;_blank&#8221; link=&#8221;https:\/\/www.youtube.com\/channel\/UCfdC8oF4wGbfq7FLFAjdC-g&#8221;][\/vc_column_inner][\/vc_row_inner][\/vc_column][\/vc_row]<\/p>\n","protected":false},"excerpt":{"rendered":"<p>[vc_row css=&#8221;.vc_custom_1558808225671{margin-top: 40px !important;}&#8221;][vc_column][vc_column_text] \u00daNETE A NUESTRA COMUNIDAD Y S\u00c9 PARTE DE ALGO GRANDIOSO [\/vc_column_text][vc_column_text] Nos estamos haciendo cada vez m\u00e1s grandes, y hoy en d\u00eda #SHIPLIFE no es solo un sitio web (o un hashtag) que contiene informaci\u00f3n para los miembros de la tripulaci\u00f3n, sino que tambi\u00e9n se convirti\u00f3 en una comunidad muy organizada [&hellip;]<\/p>\n","protected":false},"author":1,"featured_media":0,"parent":0,"menu_order":0,"comment_status":"closed","ping_status":"closed","template":"","meta":{"footnotes":""},"yst_prominent_words":[2171,1023,2169,2167,2170,2176,1244,698,1257,2173,2172,2166,2165,2180,1241,1139,2174,2168,2179,1985,2175],"class_list":["post-11151","page","type-page","status-publish","hentry"],"_links":{"self":[{"href":"https:\/\/shiplife.org\/2020\/wp-json\/wp\/v2\/pages\/11151","targetHints":{"allow":["GET"]}}],"collection":[{"href":"https:\/\/shiplife.org\/2020\/wp-json\/wp\/v2\/pages"}],"about":[{"href":"https:\/\/shiplife.org\/2020\/wp-json\/wp\/v2\/types\/page"}],"author":[{"embeddable":true,"href":"https:\/\/shiplife.org\/2020\/wp-json\/wp\/v2\/users\/1"}],"replies":[{"embeddable":true,"href":"https:\/\/shiplife.org\/2020\/wp-json\/wp\/v2\/comments?post=11151"}],"version-history":[{"count":3,"href":"https:\/\/shiplife.org\/2020\/wp-json\/wp\/v2\/pages\/11151\/revisions"}],"predecessor-version":[{"id":11155,"href":"https:\/\/shiplife.org\/2020\/wp-json\/wp\/v2\/pages\/11151\/revisions\/11155"}],"wp:attachment":[{"href":"https:\/\/shiplife.org\/2020\/wp-json\/wp\/v2\/media?parent=11151"}],"wp:term":[{"taxonomy":"yst_prominent_words","embeddable":true,"href":"https:\/\/shiplife.org\/2020\/wp-json\/wp\/v2\/yst_prominent_words?post=11151"}],"curies":[{"name":"wp","href":"https:\/\/api.w.org\/{rel}","templated":true}]}}