{"id":11163,"date":"2019-05-24T16:35:31","date_gmt":"2019-05-24T19:35:31","guid":{"rendered":"https:\/\/shiplife.org\/hiring-agencies\/"},"modified":"2020-06-03T22:26:13","modified_gmt":"2020-06-04T01:26:13","slug":"hiring-agencies","status":"publish","type":"page","link":"https:\/\/shiplife.org\/2020\/selection-process\/hiring-agencies\/?lang=es","title":{"rendered":"Agencias de recrutamiento"},"content":{"rendered":"<p>[vc_row css=&#8221;.vc_custom_1558890728198{margin-top: 40px !important;}&#8221;][vc_column][vc_column_text]<\/p>\n<h2 style=\"text-align: left;\">Agencias de reclutamiento alrededor del mundo<\/h2>\n<p>[\/vc_column_text][vc_column_text]<\/p>\n<p style=\"text-align: justify;\"><span style=\"font-size: 14pt;\">El mundo es grande, y la log\u00edstica involucrada en la asignaci\u00f3n de miembros de tripulaci\u00f3n de diferentes pa\u00edses para que puedan trabajar en diferentes embarcaciones en diversos pa\u00edses, en una fecha y horario muy espec\u00edficos, es ca\u00f3tica. Es por lo que la mayor\u00eda de los cruceros y yates tienen una agencia de contrataci\u00f3n asignada responsable de todo el reclutamiento, manejo de documentos y log\u00edstica para reclutar a un candidato local y ayudarlo a llegar al barco donde trabajar\u00e1. En nota, tambi\u00e9n mencionamos que la mayor\u00eda de las l\u00edneas de cruceros en el mundo aceptan candidatos que se postulan directamente con la compa\u00f1\u00eda, y si no lo hacen, el proceso se redirige a una agencia local.<\/span><\/p>\n<p>&nbsp;<\/p>\n<p style=\"text-align: justify;\"><span style=\"font-size: 14pt;\">Aqu\u00ed enumeramos (o al menos lo intentamos) todas las agencias de contrataci\u00f3n en el mundo y para qu\u00e9 empresas contratan. Si conoces alguna agencia que falta o necesita una actualizaci\u00f3n de la informaci\u00f3n, no dudes en ponerse en contacto con nosotros completando el formulario en la parte inferior de esta p\u00e1gina. Como constantemente recibimos comentarios de nuestros visitantes sobre nuestro sitio web, tambi\u00e9n informamos que a\u00fan no somos una agencia. Puedes compartir nuestro sitio web con amigos y familiares que deseen comprender el trabajo y \/ o c\u00f3mo postularse.<\/span><\/p>\n<p>[\/vc_column_text][vc_zigzag css=&#8221;.vc_custom_1558891935017{margin-bottom: 20px !important;}&#8221;][vc_row_inner equal_height=&#8221;yes&#8221; gap=&#8221;10&#8243;][vc_column_inner][vc_column_text css=&#8221;.vc_custom_1591233806940{border-top-width: 1px !important;border-right-width: 1px !important;border-bottom-width: 1px !important;border-left-width: 1px !important;padding-top: 10px !important;padding-right: 15px !important;padding-bottom: 10px !important;padding-left: 15px !important;background-color: #e8b2b2 !important;border-left-color: #020202 !important;border-left-style: dashed !important;border-right-color: #020202 !important;border-right-style: dashed !important;border-top-color: #020202 !important;border-top-style: dashed !important;border-bottom-color: #020202 !important;border-bottom-style: dashed !important;border-radius: 10px !important;}&#8221;]<\/p>\n<p style=\"text-align: justify;\"><span style=\"font-size: 14pt;\"><strong>ADVERTENCIA<\/strong>: Desafortunadamente, vivimos en un mundo donde algunas personas intentan aprovecharse de otras, as\u00ed que ten en cuenta las agencias falsas que intentan convencer a los candidatos de que les paguen dinero para ser contratados, o quiera obtener detalles privados (como tu n\u00famero de pasaporte) para vender copias falsas del mismo en otro lugar. Algunos detalles pueden revelarlo, por ejemplo, si la agencia con la que est\u00e1s tratando no tiene un sitio web oficial o correo electr\u00f3nico (por ejemplo, correos electr\u00f3nicos de Gmail, Yahoo, Outlook), o si prometen un embarque instant\u00e1neo, o incluso si busca un lavaplatos para recibir 5.000 euros al mes; puedes comenzar a preguntar si son reales o no.<\/span><\/p>\n<p>&nbsp;<\/p>\n<p style=\"text-align: justify;\"><span style=\"font-size: 14pt;\">Aqu\u00ed mantenemos <a href=\"https:\/\/shiplife.org\/hiring-agencies\/fake-agencies\/?lang=es\">una lista de agencias falsas<\/a>, para que siempre pueda verificar.<\/span><\/p>\n<p>[\/vc_column_text][vc_column_text css=&#8221;.vc_custom_1591233837076{border-top-width: 1px !important;border-right-width: 1px !important;border-bottom-width: 1px !important;border-left-width: 1px !important;padding-top: 10px !important;padding-right: 15px !important;padding-bottom: 10px !important;padding-left: 15px !important;background-color: #ffedc4 !important;border-left-color: #020202 !important;border-left-style: dashed !important;border-right-color: #020202 !important;border-right-style: dashed !important;border-top-color: #020202 !important;border-top-style: dashed !important;border-bottom-color: #020202 !important;border-bottom-style: dashed !important;border-radius: 10px !important;}&#8221;]<\/p>\n<p style=\"text-align: justify;\"><span style=\"font-size: 14pt;\"><strong>ATENCI\u00d3N<\/strong>: Las agencias oficiales no pueden cobrar a los candidatos de ninguna manera durante el proceso de selecci\u00f3n, seg\u00fan lo estipulado por el Convenio sobre el trabajo mar\u00edtimo. A\u00fan as\u00ed, somos conscientes de que muchas agencias en todo el mundo cobran a los nuevos empleados tarifas de entrevistas o solicitan pagos para ser contratados. Si se te cobran durante el proceso de selecci\u00f3n, tienes derecho a rechazar y tambi\u00e9n puedes reportar la agencia ante la MLC.<\/span><\/p>\n<p>&nbsp;<\/p>\n<p style=\"text-align: justify;\"><span style=\"font-size: 14pt;\">Cobrar por un curso complementario o separado o dar capacitaci\u00f3n adicional a los candidatos sobre diversos temas relacionados con el trabajo, no se considera una infracci\u00f3n, como las clases de ingl\u00e9s o el servicio de hospitalidad.<\/span><\/p>\n<p>[\/vc_column_text][vc_zigzag css=&#8221;.vc_custom_1558891935017{margin-bottom: 20px !important;}&#8221;][\/vc_column_inner][\/vc_row_inner][\/vc_column][\/vc_row][vc_row][vc_column][vc_column_text]<\/p>\n<h2 style=\"text-align: center;\">Elige por pa\u00eds:<\/h2>\n<p>[\/vc_column_text][vc_basic_grid post_type=&#8221;post&#8221; max_items=&#8221;-1&#8243; show_filter=&#8221;yes&#8221; element_width=&#8221;2&#8243; gap=&#8221;20&#8243; orderby=&#8221;rand&#8221; order=&#8221;ASC&#8221; filter_style=&#8221;filled&#8221; filter_default_title=&#8221;ALL&#8221; filter_size=&#8221;lg&#8221; item=&#8221;9652&#8243; initial_loading_animation=&#8221;none&#8221; grid_id=&#8221;vc_gid:1591233709269-57537906-86d4-9&#8243; filter_source=&#8221;category&#8221; exclude_filter=&#8221;1&#8243; el_id=&#8221;AllAgencies&#8221;][vc_zigzag css=&#8221;.vc_custom_1558891935017{margin-bottom: 20px !important;}&#8221;][\/vc_column][\/vc_row][vc_row][vc_column][vc_column_text]<\/p>\n<h3 style=\"text-align: center;\">Agencia faltando?<\/h3>\n<p>[\/vc_column_text][vc_row_inner equal_height=&#8221;yes&#8221; css=&#8221;.vc_custom_1559092288051{margin-top: -30px !important;}&#8221;][vc_column_inner][vc_column_text]<\/p>\n<p style=\"text-align: justify;\"><span style=\"font-size: 14pt;\">Si est\u00e1 buscando una agencia que no est\u00e1 en nuestra lista, o si trabaja \/ posee una agencia que contrata cruceros, cruceros fluviales y yates y no est\u00e1 en nuestra lista, \u00a1es f\u00e1cil! \u00a1Complete el siguiente formulario y lo agregaremos (o actualizaremos los detalles de la agencia) tan pronto como podamos!<\/span><\/p>\n<p>[\/vc_column_text]<noscript class=\"ninja-forms-noscript-message\">\n\tNotice: JavaScript is required for this content.<\/noscript>\n<div id=\"nf-form-13-cont\" class=\"nf-form-cont\" aria-live=\"polite\" aria-labelledby=\"nf-form-title-13\" aria-describedby=\"nf-form-errors-13\" role=\"form\">\n\n    <div class=\"nf-loading-spinner\"><\/div>\n\n<\/div>\n        <!-- That data is being printed as a workaround to page builders reordering the order of the scripts loaded-->\n        <script>var formDisplay=1;var nfForms=nfForms||[];var form=[];form.id='13';form.settings={\"objectType\":\"Form Setting\",\"editActive\":true,\"title\":\"Agency Updates - Spanish\",\"created_at\":\"2020-05-26 22:16:57\",\"default_label_pos\":\"above\",\"show_title\":\"0\",\"clear_complete\":\"1\",\"hide_complete\":\"1\",\"logged_in\":\"\",\"wrapper_class\":\"\",\"element_class\":\"\",\"key\":\"\",\"add_submit\":\"0\",\"currency\":\"\",\"unique_field_error\":\"A form with this value has already been submitted.\",\"not_logged_in_msg\":\"\",\"sub_limit_msg\":\"The form has reached its submission limit.\",\"calculations\":[],\"formContentData\":[{\"order\":0,\"cells\":[{\"order\":0,\"fields\":[\"nombre_1590542239692\"],\"width\":\"100\"}]},{\"order\":1,\"cells\":[{\"order\":0,\"fields\":[\"email_1559172257439\"],\"width\":\"100\"}]},{\"order\":2,\"cells\":[{\"order\":0,\"fields\":[\"accion_requerida_1590542248647\"],\"width\":\"100\"}]},{\"order\":3,\"cells\":[{\"order\":0,\"fields\":[\"nombre_de_la_agencia_1590542292398\"],\"width\":\"100\"}]},{\"order\":4,\"cells\":[{\"order\":0,\"fields\":[\"que_necesitamos_cambiar_1590542303445\"],\"width\":\"100\"}]},{\"order\":5,\"cells\":[{\"order\":0,\"fields\":[\"recaptcha_1559176320607\"],\"width\":50},{\"order\":1,\"fields\":[\"enviar_1590542315683\"],\"width\":50}]}],\"changeEmailErrorMsg\":\"Please enter a valid email address!\",\"changeDateErrorMsg\":\"Please enter a valid date!\",\"confirmFieldErrorMsg\":\"These fields must match!\",\"fieldNumberNumMinError\":\"Number Min Error\",\"fieldNumberNumMaxError\":\"Number Max Error\",\"fieldNumberIncrementBy\":\"Please increment by \",\"formErrorsCorrectErrors\":\"Please correct errors before submitting this form.\",\"validateRequiredField\":\"This is a required field.\",\"honeypotHoneypotError\":\"Honeypot Error\",\"fieldsMarkedRequired\":\"Fields marked with an <span class=\\\"ninja-forms-req-symbol\\\">*<\\\/span> are required\",\"drawerDisabled\":false,\"allow_public_link\":0,\"embed_form\":\"\",\"container_styles_show_advanced_css\":0,\"title_styles_show_advanced_css\":0,\"row_styles_show_advanced_css\":0,\"row-odd_styles_show_advanced_css\":0,\"success-msg_styles_show_advanced_css\":0,\"error_msg_styles_show_advanced_css\":0,\"ninjaForms\":\"Ninja Forms\",\"fieldTextareaRTEInsertLink\":\"Insert Link\",\"fieldTextareaRTEInsertMedia\":\"Insert Media\",\"fieldTextareaRTESelectAFile\":\"Select a file\",\"formHoneypot\":\"If you are a human seeing this field, please leave it empty.\",\"fileUploadOldCodeFileUploadInProgress\":\"File Upload in Progress.\",\"fileUploadOldCodeFileUpload\":\"FILE UPLOAD\",\"currencySymbol\":\"&#36;\",\"thousands_sep\":\",\",\"decimal_point\":\".\",\"siteLocale\":\"en_US\",\"dateFormat\":\"d\\\/m\\\/Y\",\"startOfWeek\":\"1\",\"of\":\"of\",\"previousMonth\":\"Previous Month\",\"nextMonth\":\"Next Month\",\"months\":[\"January\",\"February\",\"March\",\"April\",\"May\",\"June\",\"July\",\"August\",\"September\",\"October\",\"November\",\"December\"],\"monthsShort\":[\"Jan\",\"Feb\",\"Mar\",\"Apr\",\"May\",\"Jun\",\"Jul\",\"Aug\",\"Sep\",\"Oct\",\"Nov\",\"Dec\"],\"weekdays\":[\"Sunday\",\"Monday\",\"Tuesday\",\"Wednesday\",\"Thursday\",\"Friday\",\"Saturday\"],\"weekdaysShort\":[\"Sun\",\"Mon\",\"Tue\",\"Wed\",\"Thu\",\"Fri\",\"Sat\"],\"weekdaysMin\":[\"Su\",\"Mo\",\"Tu\",\"We\",\"Th\",\"Fr\",\"Sa\"],\"recaptchaConsentMissing\":\"reCaptcha validation couldn&#039;t load.\",\"recaptchaMissingCookie\":\"reCaptcha v3 validation couldn&#039;t load the cookie needed to submit the form.\",\"recaptchaConsentEvent\":\"Accept reCaptcha cookies before sending the form.\",\"currency_symbol\":\"\",\"beforeForm\":\"\",\"beforeFields\":\"\",\"afterFields\":\"\",\"afterForm\":\"\"};form.fields=[{\"objectType\":\"Field\",\"objectDomain\":\"fields\",\"editActive\":false,\"order\":1,\"label\":\"Nombre\",\"type\":\"firstname\",\"key\":\"nombre_1590542239692\",\"label_pos\":\"above\",\"required\":1,\"default\":\"\",\"placeholder\":\"\",\"container_class\":\"\",\"element_class\":\"\",\"admin_label\":\"\",\"help_text\":\"\",\"custom_name_attribute\":\"fname\",\"personally_identifiable\":1,\"value\":\"\",\"field_label\":\"Name\",\"field_key\":\"name_1559176228632\",\"wrap_styles_border\":\"\",\"wrap_styles_width\":\"\",\"wrap_styles_margin\":\"\",\"wrap_styles_padding\":\"\",\"wrap_styles_float\":\"\",\"wrap_styles_show_advanced_css\":0,\"label_styles_border\":\"\",\"label_styles_width\":\"\",\"label_styles_font-size\":\"\",\"label_styles_margin\":\"\",\"label_styles_padding\":\"\",\"label_styles_float\":\"\",\"label_styles_show_advanced_css\":0,\"element_styles_border\":\"\",\"element_styles_width\":\"\",\"element_styles_font-size\":\"\",\"element_styles_margin\":\"\",\"element_styles_padding\":\"\",\"element_styles_float\":\"\",\"element_styles_show_advanced_css\":0,\"cellcid\":\"c3483\",\"id\":83,\"beforeField\":\"\",\"afterField\":\"\",\"parentType\":\"firstname\",\"element_templates\":[\"firstname\",\"input\"],\"old_classname\":\"\",\"wrap_template\":\"wrap\"},{\"objectType\":\"Field\",\"objectDomain\":\"fields\",\"editActive\":false,\"order\":2,\"label\":\"Email\",\"type\":\"email\",\"key\":\"email_1559172257439\",\"label_pos\":\"above\",\"required\":1,\"default\":\"\",\"placeholder\":\"\",\"container_class\":\"\",\"element_class\":\"\",\"admin_label\":\"\",\"help_text\":\"\",\"custom_name_attribute\":\"email\",\"personally_identifiable\":1,\"value\":\"\",\"field_label\":\"Email\",\"field_key\":\"email_1559172257439\",\"wrap_styles_show_advanced_css\":0,\"label_styles_show_advanced_css\":0,\"element_styles_show_advanced_css\":0,\"cellcid\":\"c3487\",\"id\":84,\"beforeField\":\"\",\"afterField\":\"\",\"parentType\":\"email\",\"element_templates\":[\"email\",\"input\"],\"old_classname\":\"\",\"wrap_template\":\"wrap\"},{\"objectType\":\"Field\",\"objectDomain\":\"fields\",\"editActive\":false,\"order\":3,\"label\":\"\\u00bfAcci\\u00f3n requerida?\",\"type\":\"listcheckbox\",\"key\":\"accion_requerida_1590542248647\",\"label_pos\":\"above\",\"required\":1,\"options\":[{\"errors\":[],\"max_options\":0,\"label\":\"Agregar una agencia\",\"value\":\"agregar-una-agencia\",\"calc\":\"\",\"selected\":0,\"order\":0,\"settingModel\":{\"settings\":false,\"hide_merge_tags\":false,\"error\":false,\"name\":\"options\",\"type\":\"option-repeater\",\"label\":\"Options <a href=\\\"#\\\" class=\\\"nf-add-new\\\">Add New<\\\/a> <a href=\\\"#\\\" class=\\\"extra nf-open-import-tooltip\\\"><i class=\\\"fa fa-sign-in\\\" aria-hidden=\\\"true\\\"><\\\/i> Import<\\\/a>\",\"width\":\"full\",\"group\":\"\",\"value\":[{\"label\":\"One\",\"value\":\"one\",\"calc\":\"\",\"selected\":0,\"order\":0},{\"label\":\"Two\",\"value\":\"two\",\"calc\":\"\",\"selected\":0,\"order\":1},{\"label\":\"Three\",\"value\":\"three\",\"calc\":\"\",\"selected\":0,\"order\":2}],\"columns\":{\"label\":{\"header\":\"Label\",\"default\":\"\"},\"value\":{\"header\":\"Value\",\"default\":\"\"},\"calc\":{\"header\":\"Calc Value\",\"default\":\"\"},\"selected\":{\"header\":\"<span class=\\\"dashicons dashicons-yes\\\"><\\\/span>\",\"default\":0}}}},{\"errors\":[],\"max_options\":0,\"label\":\"Eliminar una agencia\",\"value\":\"eliminar-una-agencia\",\"calc\":\"\",\"selected\":0,\"order\":1,\"settingModel\":{\"settings\":false,\"hide_merge_tags\":false,\"error\":false,\"name\":\"options\",\"type\":\"option-repeater\",\"label\":\"Options <a href=\\\"#\\\" class=\\\"nf-add-new\\\">Add New<\\\/a> <a href=\\\"#\\\" class=\\\"extra nf-open-import-tooltip\\\"><i class=\\\"fa fa-sign-in\\\" aria-hidden=\\\"true\\\"><\\\/i> Import<\\\/a>\",\"width\":\"full\",\"group\":\"\",\"value\":[{\"label\":\"One\",\"value\":\"one\",\"calc\":\"\",\"selected\":0,\"order\":0},{\"label\":\"Two\",\"value\":\"two\",\"calc\":\"\",\"selected\":0,\"order\":1},{\"label\":\"Three\",\"value\":\"three\",\"calc\":\"\",\"selected\":0,\"order\":2}],\"columns\":{\"label\":{\"header\":\"Label\",\"default\":\"\"},\"value\":{\"header\":\"Value\",\"default\":\"\"},\"calc\":{\"header\":\"Calc Value\",\"default\":\"\"},\"selected\":{\"header\":\"<span class=\\\"dashicons dashicons-yes\\\"><\\\/span>\",\"default\":0}}}},{\"errors\":[],\"max_options\":0,\"label\":\"Actualizar informaci\\u00f3n\",\"value\":\"actualizar-informacion\",\"calc\":\"\",\"selected\":0,\"order\":2,\"settingModel\":{\"settings\":false,\"hide_merge_tags\":false,\"error\":false,\"name\":\"options\",\"type\":\"option-repeater\",\"label\":\"Options <a href=\\\"#\\\" class=\\\"nf-add-new\\\">Add New<\\\/a> <a href=\\\"#\\\" class=\\\"extra nf-open-import-tooltip\\\"><i class=\\\"fa fa-sign-in\\\" aria-hidden=\\\"true\\\"><\\\/i> Import<\\\/a>\",\"width\":\"full\",\"group\":\"\",\"value\":[{\"label\":\"One\",\"value\":\"one\",\"calc\":\"\",\"selected\":0,\"order\":0},{\"label\":\"Two\",\"value\":\"two\",\"calc\":\"\",\"selected\":0,\"order\":1},{\"label\":\"Three\",\"value\":\"three\",\"calc\":\"\",\"selected\":0,\"order\":2}],\"columns\":{\"label\":{\"header\":\"Label\",\"default\":\"\"},\"value\":{\"header\":\"Value\",\"default\":\"\"},\"calc\":{\"header\":\"Calc Value\",\"default\":\"\"},\"selected\":{\"header\":\"<span class=\\\"dashicons dashicons-yes\\\"><\\\/span>\",\"default\":0}}}}],\"container_class\":\"\",\"element_class\":\"\",\"admin_label\":\"\",\"help_text\":\"\",\"drawerDisabled\":\"\",\"field_label\":\"Required action?\",\"field_key\":\"required_action_1559172242123\",\"wrap_styles_border\":\"\",\"wrap_styles_width\":\"\",\"wrap_styles_margin\":\"\",\"wrap_styles_padding\":\"\",\"wrap_styles_float\":\"\",\"wrap_styles_show_advanced_css\":0,\"label_styles_border\":\"\",\"label_styles_width\":\"\",\"label_styles_font-size\":\"\",\"label_styles_margin\":\"\",\"label_styles_padding\":\"\",\"label_styles_float\":\"\",\"label_styles_show_advanced_css\":0,\"element_styles_border\":\"\",\"element_styles_width\":\"\",\"element_styles_font-size\":\"\",\"element_styles_margin\":\"\",\"element_styles_padding\":\"\",\"element_styles_float\":\"\",\"element_styles_show_advanced_css\":0,\"list_item_row_styles_border\":\"\",\"list_item_row_styles_height\":\"\",\"list_item_row_styles_width\":\"\",\"list_item_row_styles_font-size\":\"\",\"list_item_row_styles_margin\":\"\",\"list_item_row_styles_padding\":\"\",\"list_item_row_styles_float\":\"\",\"list_item_row_styles_show_advanced_css\":0,\"list_item_label_styles_border\":\"\",\"list_item_label_styles_height\":\"\",\"list_item_label_styles_width\":\"\",\"list_item_label_styles_font-size\":\"\",\"list_item_label_styles_margin\":\"\",\"list_item_label_styles_padding\":\"\",\"list_item_label_styles_float\":\"\",\"list_item_label_styles_show_advanced_css\":0,\"list_item_element_styles_border\":\"\",\"list_item_element_styles_height\":\"\",\"list_item_element_styles_width\":\"\",\"list_item_element_styles_font-size\":\"\",\"list_item_element_styles_margin\":\"\",\"list_item_element_styles_padding\":\"\",\"list_item_element_styles_float\":\"\",\"list_item_element_styles_show_advanced_css\":0,\"cellcid\":\"c3490\",\"id\":85,\"beforeField\":\"\",\"afterField\":\"\",\"value\":\"\",\"parentType\":\"list\",\"element_templates\":[\"listcheckbox\",\"input\"],\"old_classname\":\"list-checkbox\",\"wrap_template\":\"wrap\"},{\"objectType\":\"Field\",\"objectDomain\":\"fields\",\"editActive\":false,\"order\":4,\"label\":\"Nombre de la agencia\",\"type\":\"textbox\",\"key\":\"nombre_de_la_agencia_1590542292398\",\"label_pos\":\"above\",\"required\":1,\"default\":\"\",\"placeholder\":\"\",\"container_class\":\"\",\"element_class\":\"\",\"input_limit\":\"\",\"input_limit_type\":\"characters\",\"input_limit_msg\":\"Character(s) left\",\"manual_key\":\"\",\"admin_label\":\"\",\"help_text\":\"\",\"mask\":\"\",\"custom_mask\":\"\",\"custom_name_attribute\":\"\",\"personally_identifiable\":\"\",\"value\":\"\",\"field_label\":\"Name of the agency\",\"field_key\":\"name_of_the_agency_1559176245115\",\"wrap_styles_border\":\"\",\"wrap_styles_width\":\"\",\"wrap_styles_margin\":\"\",\"wrap_styles_padding\":\"\",\"wrap_styles_float\":\"\",\"wrap_styles_show_advanced_css\":0,\"label_styles_border\":\"\",\"label_styles_width\":\"\",\"label_styles_font-size\":\"\",\"label_styles_margin\":\"\",\"label_styles_padding\":\"\",\"label_styles_float\":\"\",\"label_styles_show_advanced_css\":0,\"element_styles_border\":\"\",\"element_styles_width\":\"\",\"element_styles_font-size\":\"\",\"element_styles_margin\":\"\",\"element_styles_padding\":\"\",\"element_styles_float\":\"\",\"element_styles_show_advanced_css\":0,\"cellcid\":\"c3493\",\"id\":86,\"beforeField\":\"\",\"afterField\":\"\",\"parentType\":\"textbox\",\"element_templates\":[\"textbox\",\"input\"],\"old_classname\":\"\",\"wrap_template\":\"wrap\"},{\"objectType\":\"Field\",\"objectDomain\":\"fields\",\"editActive\":false,\"order\":5,\"label\":\"\\u00bfQu\\u00e9 necesitamos cambiar?\",\"type\":\"textarea\",\"key\":\"que_necesitamos_cambiar_1590542303445\",\"label_pos\":\"above\",\"required\":1,\"default\":\"\",\"placeholder\":\"\",\"container_class\":\"\",\"element_class\":\"\",\"input_limit\":\"\",\"input_limit_type\":\"characters\",\"input_limit_msg\":\"Character(s) left\",\"manual_key\":\"\",\"admin_label\":\"\",\"help_text\":\"\",\"textarea_rte\":\"\",\"disable_rte_mobile\":\"\",\"textarea_media\":\"\",\"value\":\"\",\"drawerDisabled\":\"\",\"field_label\":\"What do we need to change?\",\"field_key\":\"what_do_we_need_to_change_1559176290364\",\"wrap_styles_border\":\"\",\"wrap_styles_width\":\"\",\"wrap_styles_margin\":\"\",\"wrap_styles_padding\":\"\",\"wrap_styles_float\":\"\",\"wrap_styles_show_advanced_css\":0,\"label_styles_border\":\"\",\"label_styles_width\":\"\",\"label_styles_font-size\":\"\",\"label_styles_margin\":\"\",\"label_styles_padding\":\"\",\"label_styles_float\":\"\",\"label_styles_show_advanced_css\":0,\"element_styles_border\":\"\",\"element_styles_width\":\"\",\"element_styles_font-size\":\"\",\"element_styles_margin\":\"\",\"element_styles_padding\":\"\",\"element_styles_float\":\"\",\"element_styles_show_advanced_css\":0,\"cellcid\":\"c3496\",\"id\":87,\"beforeField\":\"\",\"afterField\":\"\",\"parentType\":\"textarea\",\"element_templates\":[\"textarea\",\"input\"],\"old_classname\":\"\",\"wrap_template\":\"wrap\"},{\"objectType\":\"Field\",\"objectDomain\":\"fields\",\"editActive\":false,\"order\":6,\"label\":\"Recaptcha\",\"type\":\"recaptcha\",\"container_class\":\"\",\"element_class\":\"\",\"size\":\"visible\",\"key\":\"recaptcha_1559176320607\",\"field_label\":\"Recaptcha\",\"field_key\":\"recaptcha_1559176320607\",\"wrap_styles_show_advanced_css\":0,\"label_styles_show_advanced_css\":0,\"cellcid\":\"c3499\",\"id\":88,\"beforeField\":\"\",\"afterField\":\"\",\"value\":\"\",\"label_pos\":\"above\",\"parentType\":\"textbox\",\"element_templates\":[\"recaptcha\",\"input\"],\"old_classname\":\"\",\"wrap_template\":\"wrap\",\"site_key\":\"6Le9fUcUAAAAAIlu0trtB8lbOnXpIwzx9ZCVxv6r\",\"theme\":\"light\",\"lang\":\"en\"},{\"objectType\":\"Field\",\"objectDomain\":\"fields\",\"editActive\":false,\"order\":7,\"label\":\"ENVIAR\",\"type\":\"submit\",\"processing_label\":\"Procesando...\",\"container_class\":\"\",\"element_class\":\"\",\"key\":\"enviar_1590542315683\",\"drawerDisabled\":false,\"field_label\":\"Submit\",\"field_key\":\"submit_1559172320490\",\"wrap_styles_border\":\"\",\"wrap_styles_width\":\"\",\"wrap_styles_margin\":\"\",\"wrap_styles_padding\":\"\",\"wrap_styles_float\":\"\",\"wrap_styles_show_advanced_css\":0,\"element_styles_border\":\"\",\"element_styles_width\":\"\",\"element_styles_font-size\":\"\",\"element_styles_margin\":\"\",\"element_styles_padding\":\"\",\"element_styles_float\":\"\",\"element_styles_show_advanced_css\":0,\"submit_element_hover_styles_border\":\"\",\"submit_element_hover_styles_width\":\"\",\"submit_element_hover_styles_font-size\":\"\",\"submit_element_hover_styles_margin\":\"\",\"submit_element_hover_styles_padding\":\"\",\"submit_element_hover_styles_float\":\"\",\"submit_element_hover_styles_show_advanced_css\":0,\"cellcid\":\"c5585\",\"id\":89,\"beforeField\":\"\",\"afterField\":\"\",\"value\":\"\",\"label_pos\":\"above\",\"parentType\":\"textbox\",\"element_templates\":[\"submit\",\"button\",\"input\"],\"old_classname\":\"\",\"wrap_template\":\"wrap-no-label\"}];nfForms.push(form);<\/script>\n                <script id=\"nf-tmpl-cell\" type=\"text\/template\">\n            <nf-fields><\/nf-fields>\n        <\/script>\n\n        <script id=\"nf-tmpl-row\" type=\"text\/template\">\n            <nf-cells><\/nf-cells>\n        <\/script>\n\n        [\/vc_column_inner][\/vc_row_inner][\/vc_column][\/vc_row]<\/p>\n","protected":false},"excerpt":{"rendered":"<p>[vc_row css=&#8221;.vc_custom_1558890728198{margin-top: 40px !important;}&#8221;][vc_column][vc_column_text] Agencias de reclutamiento alrededor del mundo [\/vc_column_text][vc_column_text] El mundo es grande, y la log\u00edstica involucrada en la asignaci\u00f3n de miembros de tripulaci\u00f3n de diferentes pa\u00edses para que puedan trabajar en diferentes embarcaciones en diversos pa\u00edses, en una fecha y horario muy espec\u00edficos, es ca\u00f3tica. Es por lo que la mayor\u00eda de [&hellip;]<\/p>\n","protected":false},"author":1,"featured_media":0,"parent":12125,"menu_order":0,"comment_status":"closed","ping_status":"closed","template":"","meta":{"footnotes":""},"yst_prominent_words":[2105,2104,2210,2213],"class_list":["post-11163","page","type-page","status-publish","hentry"],"_links":{"self":[{"href":"https:\/\/shiplife.org\/2020\/wp-json\/wp\/v2\/pages\/11163","targetHints":{"allow":["GET"]}}],"collection":[{"href":"https:\/\/shiplife.org\/2020\/wp-json\/wp\/v2\/pages"}],"about":[{"href":"https:\/\/shiplife.org\/2020\/wp-json\/wp\/v2\/types\/page"}],"author":[{"embeddable":true,"href":"https:\/\/shiplife.org\/2020\/wp-json\/wp\/v2\/users\/1"}],"replies":[{"embeddable":true,"href":"https:\/\/shiplife.org\/2020\/wp-json\/wp\/v2\/comments?post=11163"}],"version-history":[{"count":4,"href":"https:\/\/shiplife.org\/2020\/wp-json\/wp\/v2\/pages\/11163\/revisions"}],"predecessor-version":[{"id":11195,"href":"https:\/\/shiplife.org\/2020\/wp-json\/wp\/v2\/pages\/11163\/revisions\/11195"}],"up":[{"embeddable":true,"href":"https:\/\/shiplife.org\/2020\/wp-json\/wp\/v2\/pages\/12125"}],"wp:attachment":[{"href":"https:\/\/shiplife.org\/2020\/wp-json\/wp\/v2\/media?parent=11163"}],"wp:term":[{"taxonomy":"yst_prominent_words","embeddable":true,"href":"https:\/\/shiplife.org\/2020\/wp-json\/wp\/v2\/yst_prominent_words?post=11163"}],"curies":[{"name":"wp","href":"https:\/\/api.w.org\/{rel}","templated":true}]}}