{"id":11343,"date":"2020-07-23T02:47:46","date_gmt":"2020-07-23T05:47:46","guid":{"rendered":"https:\/\/shiplife.org\/?page_id=11343"},"modified":"2020-07-23T03:43:25","modified_gmt":"2020-07-23T06:43:25","slug":"home","status":"publish","type":"page","link":"https:\/\/shiplife.org\/2020\/home\/?lang=es","title":{"rendered":"Inicio"},"content":{"rendered":"<p>[vc_row full_width=&#8221;stretch_row_content_no_spaces&#8221; equal_height=&#8221;yes&#8221;][vc_column]\n\t\t\t<!-- START HERO SPANISH REVOLUTION SLIDER 6.6.18 --><p class=\"rs-p-wp-fix\"><\/p>\n\t\t\t<rs-module-wrap id=\"rev_slider_9_1_wrapper\" data-source=\"gallery\" style=\"visibility:hidden;background:transparent;padding:0;margin:0px auto;margin-top:0;margin-bottom:0;\">\n\t\t\t\t<rs-module id=\"rev_slider_9_1\" style=\"\" data-version=\"6.6.18\">\n\t\t\t\t\t<rs-slides style=\"overflow: hidden; position: absolute;\">\n\t\t\t\t\t\t<rs-slide style=\"position: absolute;\" data-key=\"rs-11\" data-title=\"Slide\" data-anim=\"ms:600;r:0;\" data-in=\"o:0;\" data-out=\"a:false;\">\n\t\t\t\t\t\t\t<img fetchpriority=\"high\" decoding=\"async\" src=\"\/\/shiplife.org\/2020\/wp-content\/plugins\/revslider\/public\/assets\/assets\/dummy.png\" alt=\"\" title=\"Wallpaper-Awesome03\" width=\"1920\" height=\"1280\" class=\"rev-slidebg tp-rs-img rs-lazyload\" data-lazyload=\"\/\/shiplife.org\/2020\/wp-content\/uploads\/2020\/07\/Wallpaper-Awesome03.jpg\" data-bg=\"p:left center;\" data-parallax=\"off\" data-no-retina>\n<!--\n\t\t\t\t\t\t\t--><rs-group\n\t\t\t\t\t\t\t\tid=\"slider-9-slide-11-layer-7\" \n\t\t\t\t\t\t\t\tdata-type=\"group\"\n\t\t\t\t\t\t\t\tdata-xy=\"xo:119px,25px,-6px,-17px;yo:106px,99px,116px,-9px;\"\n\t\t\t\t\t\t\t\tdata-text=\"l:22;a:inherit;\"\n\t\t\t\t\t\t\t\tdata-dim=\"w:752px,594px,683px,683px;h:214px,157px,349px,349px;\"\n\t\t\t\t\t\t\t\tdata-frame_0=\"x:-175%;o:1;tp:600;\"\n\t\t\t\t\t\t\t\tdata-frame_0_mask=\"u:t;x:100%;y:0,0px,0px,0px;\"\n\t\t\t\t\t\t\t\tdata-frame_1=\"x:0,0px,0px,0px;y:0,0px,0px,0px;tp:600;e:power3.out;sp:1500;sR:10;\"\n\t\t\t\t\t\t\t\tdata-frame_1_mask=\"u:t;x:0,0px,0px,0px;y:0,0px,0px,0px;\"\n\t\t\t\t\t\t\t\tdata-frame_999=\"st:w;sp:2000;sR:7490;auto:true;\"\n\t\t\t\t\t\t\t\tdata-frame_999_mask=\"u:t;x:0px;y:0px;\"\n\t\t\t\t\t\t\t\tstyle=\"z-index:12;\"\n\t\t\t\t\t\t\t><!--\n\t\t\t\t\t\t\t\t--><rs-layer\n\t\t\t\t\t\t\t\t\tid=\"slider-9-slide-11-layer-2\" \n\t\t\t\t\t\t\t\t\tclass=\"text\"\n\t\t\t\t\t\t\t\t\tdata-type=\"text\"\n\t\t\t\t\t\t\t\t\tdata-color=\"#001a57\"\n\t\t\t\t\t\t\t\t\tdata-rsp_ch=\"on\"\n\t\t\t\t\t\t\t\t\tdata-xy=\"xo:0,0,36px,41px;yo:65px,51px,48px,86px;\"\n\t\t\t\t\t\t\t\t\tdata-pos=\"a\"\n\t\t\t\t\t\t\t\t\tdata-text=\"w:normal;s:115,97,60,53;l:70,55,60,28;ls:-1px,-1px,0px,0px;fw:700;a:inherit;\"\n\t\t\t\t\t\t\t\t\tdata-dim=\"w:809px,639px,600px,349px;\"\n\t\t\t\t\t\t\t\t\tdata-frame_0=\"o:1;tp:600;\"\n\t\t\t\t\t\t\t\t\tdata-frame_1=\"x:0,0px,0px,0px;y:0,0px,0px,0px;tp:600;e:Quad.easeInOut;sp:1500;\"\n\t\t\t\t\t\t\t\t\tdata-frame_999=\"tp:600;e:power2.in;st:w;sp:1000;sR:7490;\"\n\t\t\t\t\t\t\t\t\tstyle=\"z-index:9;font-family:'Poppins';font-weight:900 !important;\"\n\t\t\t\t\t\t\t\t>#SHIPLIFE \n\t\t\t\t\t\t\t\t<\/rs-layer><!--\n\n\t\t\t\t\t\t\t\t--><rs-layer\n\t\t\t\t\t\t\t\t\tid=\"slider-9-slide-11-layer-1\" \n\t\t\t\t\t\t\t\t\tclass=\"text2\"\n\t\t\t\t\t\t\t\t\tdata-type=\"text\"\n\t\t\t\t\t\t\t\t\tdata-color=\"#001a57\"\n\t\t\t\t\t\t\t\t\tdata-rsp_ch=\"on\"\n\t\t\t\t\t\t\t\t\tdata-xy=\"xo:0,0,34px,45px;yo:0,0,9px,55px;\"\n\t\t\t\t\t\t\t\t\tdata-pos=\"a\"\n\t\t\t\t\t\t\t\t\tdata-text=\"s:57,45,30,29;l:60,47,40,21;ls:0px,0px,1px,0px;fw:300,300,300,500;a:inherit;\"\n\t\t\t\t\t\t\t\t\tdata-frame_0=\"o:1;tp:600;\"\n\t\t\t\t\t\t\t\t\tdata-frame_1=\"x:0,0px,0px,0px;y:0,0px,0px,0px;tp:600;e:power4.inOut;sp:2000;\"\n\t\t\t\t\t\t\t\t\tdata-frame_999=\"tp:600;e:power2.in;st:w;sp:1000;sR:6990;\"\n\t\t\t\t\t\t\t\t\tstyle=\"z-index:8;font-family:'Poppins';text-transform:uppercase;font-weight:200 !important;\"\n\t\t\t\t\t\t\t\t>BIENVENIDO A \n\t\t\t\t\t\t\t\t<\/rs-layer><!--\n\t\t\t\t\t\t\t--><\/rs-group><!--\n-->\t\t\t\t\t\t<\/rs-slide>\n\t\t\t\t\t<\/rs-slides>\n\t\t\t\t<\/rs-module>\n\t\t\t\t<script>\n\t\t\t\t\tsetREVStartSize({c: 'rev_slider_9_1',rl:[1240,1024,778,480],el:[664,768,500,500],gw:[1600,1024,778,480],gh:[664,768,500,500],type:'standard',justify:'',layout:'fullwidth',mh:\"0\"});if (window.RS_MODULES!==undefined && window.RS_MODULES.modules!==undefined && window.RS_MODULES.modules[\"revslider91\"]!==undefined) {window.RS_MODULES.modules[\"revslider91\"].once = false;window.revapi9 = undefined;if (window.RS_MODULES.checkMinimal!==undefined) window.RS_MODULES.checkMinimal()}\n\t\t\t\t<\/script>\n\t\t\t<\/rs-module-wrap>\n\t\t\t<!-- END REVOLUTION SLIDER -->\n[\/vc_column][\/vc_row][vc_row full_width=&#8221;stretch_row&#8221; gap=&#8221;10&#8243; css=&#8221;.vc_custom_1595458714763{background-image: url(https:\/\/shiplife.org\/2020\/wp-content\/uploads\/2020\/07\/Wallpaper-Awesome04.jpg?id=11340) !important;}&#8221;][vc_column width=&#8221;2\/3&#8243;][vc_column_text css=&#8221;.vc_custom_1595484182878{margin-top: 10px !important;}&#8221;]<\/p>\n<p style=\"text-align: justify;\"><span style=\"font-size: 18pt; color: #ffffff;\">Bienvenido al portal m\u00e1s grande sobre trabajar y vivir a bordo de cruceros y yates del mundo. En este sitio web, aprender\u00e1 todo sobre #SHIPLIFE, desde las preguntas y requisitos m\u00e1s b\u00e1sicos hasta c\u00f3mo postularse, c\u00f3mo funciona el proceso de selecci\u00f3n, y tambi\u00e9n podr\u00e1 verificar las descripciones de trabajo y comparar los salarios entre las diferentes empresas, mientras se prepara para obtener su pr\u00f3xima entrevista y conseguir el trabajo de sus sue\u00f1os. \u00a1No olvide dar me gusta a nuestra p\u00e1gina en Facebook para recibir actualizaciones, noticias y lo m\u00e1s importante de todo, memes sobre vivir en el mar!<br \/>\n<\/span><\/p>\n<p>[\/vc_column_text][\/vc_column][vc_column width=&#8221;1\/3&#8243;][vc_raw_html]JTNDaWZyYW1lJTIwc3JjJTNEJTIyaHR0cHMlM0ElMkYlMkZ3d3cuZmFjZWJvb2suY29tJTJGcGx1Z2lucyUyRnBhZ2UucGhwJTNGaHJlZiUzRGh0dHBzJTI1M0ElMjUyRiUyNTJGd3d3LmZhY2Vib29rLmNvbSUyNTJGc2hpcGxpZmUub3JnJTI2dGFicyUyNndpZHRoJTNENDAwJTI2aGVpZ2h0JTNEMjE0JTI2c21hbGxfaGVhZGVyJTNEZmFsc2UlMjZhZGFwdF9jb250YWluZXJfd2lkdGglM0R0cnVlJTI2aGlkZV9jb3ZlciUzRGZhbHNlJTI2c2hvd19mYWNlcGlsZSUzRHRydWUlMjZhcHBJZCUzRDM1ODU5MzkxODIyNTM5NCUyMiUyMHdpZHRoJTNEJTIyNDAwJTIyJTIwaGVpZ2h0JTNEJTIyMjE0JTIyJTIwc3R5bGUlM0QlMjJib3JkZXIlM0Fub25lJTNCb3ZlcmZsb3clM0FoaWRkZW4lMjIlMjBzY3JvbGxpbmclM0QlMjJubyUyMiUyMGZyYW1lYm9yZGVyJTNEJTIyMCUyMiUyMGFsbG93VHJhbnNwYXJlbmN5JTNEJTIydHJ1ZSUyMiUyMGFsbG93JTNEJTIyZW5jcnlwdGVkLW1lZGlhJTIyJTNFJTNDJTJGaWZyYW1lJTNF[\/vc_raw_html][\/vc_column][\/vc_row][vc_row css=&#8221;.vc_custom_1558400106253{margin-top: 40px !important;background-position: center !important;background-repeat: no-repeat !important;background-size: contain !important;}&#8221;][vc_column][vc_custom_heading text=&#8221;POR D\u00d3NDE EMPEZAR&#8221; font_container=&#8221;tag:h1|text_align:center|color:%23001b5b&#8221; use_theme_fonts=&#8221;yes&#8221; el_class=&#8221;font-weight-black&#8221; css=&#8221;.vc_custom_1595483949450{margin-top: 0px !important;margin-bottom: 12px !important;}&#8221;][vc_column_text css=&#8221;.vc_custom_1595485318215{margin-right: 5% !important;margin-left: 5% !important;}&#8221;]<\/p>\n<p style=\"text-align: justify;\"><span style=\"font-size: 14pt;\">Aqu\u00ed puede comenzar r\u00e1pidamente su proceso de aprendizaje y consultar nuestros temas m\u00e1s buscados. Lo m\u00e1s importante de todo es <strong><span style=\"color: #000000;\">leer detenidamente como funciona el proceso de selecci\u00f3n<\/span><\/strong> y seguir sus consejos. El resto depende de usted, as\u00ed que aseg\u00farese de revisar todas nuestras p\u00e1ginas, ya que hicimos todo nuestro contenido para facilitarle la vida, \u00a1Encontrar\u00e1 gu\u00edas para todo! Desde c\u00f3mo empacar hasta c\u00f3mo enviar dinero a casa.<br \/>\n<\/span><\/p>\n<p>[\/vc_column_text][vc_column_text css=&#8221;.vc_custom_1595486345037{margin-top: 50px !important;margin-right: 10% !important;margin-left: 10% !important;border-top-width: 1px !important;border-right-width: 1px !important;border-bottom-width: 1px !important;border-left-width: 1px !important;padding-top: 10px !important;padding-right: 5% !important;padding-bottom: 10px !important;padding-left: 5% !important;background-color: #39a0bd !important;border-left-color: #000000 !important;border-right-color: #000000 !important;border-top-color: #000000 !important;border-bottom-color: #000000 !important;border-radius: 10px !important;}&#8221;]<\/p>\n<p style=\"text-align: justify;\"><span style=\"color: #ffffff; font-size: 14pt;\"><strong>CONSEJOS R\u00c1PIDOS<\/strong><\/span><\/p>\n<p style=\"text-align: justify;\"><span style=\"color: #ffffff;\"><strong>Est\u00e1s viendo actualmente nuestro sitio web en espa\u00f1ol, \u00a1Pero puedes elegir ver nuestro contenido en otros idiomas en el men\u00fa del encabezado superior!<\/strong><\/span><\/p>\n<p>[\/vc_column_text][vc_empty_space height=&#8221;50px&#8221;][vc_tta_tour color=&#8221;peacoc&#8221; spacing=&#8221;5&#8243; gap=&#8221;30&#8243; controls_size=&#8221;md&#8221; active_section=&#8221;1&#8243;][vc_tta_section title=&#8221;1. REQUERIMIENTOS B\u00c1SICOS&#8221; tab_id=&#8221;1595427888751-9daa78b2-c977&#8243;][vc_custom_heading text=&#8221;REQUERIMIENTOS B\u00c1SICOS&#8221; font_container=&#8221;tag:h3|text_align:left|color:%2339a0bd&#8221; use_theme_fonts=&#8221;yes&#8221; css=&#8221;.vc_custom_1595483361200{margin-bottom: 20px !important;margin-left: 5% !important;}&#8221;][vc_column_text]<\/p>\n<p style=\"text-align: justify;\"><span style=\"font-size: 18pt;\">Unfortunately, working on board isn&#8217;t for everyone. Before you start applying, check if you have what it takes in our page about the <a href=\"https:\/\/shiplife.org\/selection-process\/requirements\/\">Basic Requirements<\/a>.<br \/>\n<\/span>[\/vc_column_text][\/vc_tta_section][vc_tta_section title=&#8221;2. PREGUNTAS FRECUENTES&#8221; tab_id=&#8221;1595427888751-89871304-f19b&#8221;][vc_custom_heading text=&#8221;PREGUNTAS FRECUENTES&#8221; font_container=&#8221;tag:h3|text_align:left|color:%2339a0bd&#8221; use_theme_fonts=&#8221;yes&#8221; css=&#8221;.vc_custom_1595483401502{margin-bottom: 20px !important;margin-left: 5% !important;}&#8221;][vc_column_text]<\/p>\n<p style=\"text-align: justify;\"><span style=\"font-size: 18pt;\">Over the years we received lots and lots of messages via email, WhatsApp and on our Facebook\/Instagram pages as well. We compiled all common questions into a single FAQ page where you will be able to solve probably any question you might have. Even if your question isn&#8217;t there, just fill the form on the bottom of the page and we will get in touch with you. Check out our <a href=\"https:\/\/shiplife.org\/faq\/\">Frequently Asked Questions<\/a> page.<br \/>\n<\/span>[\/vc_column_text][\/vc_tta_section][vc_tta_section title=&#8221;3. AGENCIAS DE RECRUTAMIENTO&#8221; tab_id=&#8221;1595428072103-59c1aa3a-70f6&#8243;][vc_custom_heading text=&#8221;AGENCIAS DE RECRUTAMIENTO&#8221; font_container=&#8221;tag:h3|text_align:left|color:%2339a0bd&#8221; use_theme_fonts=&#8221;yes&#8221; css=&#8221;.vc_custom_1595483435233{margin-bottom: 20px !important;margin-left: 5% !important;}&#8221;][vc_column_text]<\/p>\n<p style=\"text-align: justify;\"><span style=\"font-size: 18pt;\">Yes, you can and we also recommend to apply straight with the companies, but most crew members in the world got hired after applying via a recruiting agency. Check out our page with all the agencies in the world, separated by country by clicking here: <a href=\"https:\/\/shiplife.org\/selection-process\/hiring-agencies\/\">Recruitment Agencies<\/a>.<br \/>\n<\/span>[\/vc_column_text][\/vc_tta_section][vc_tta_section title=&#8221;4. PROFESIONES A BORDO&#8221; tab_id=&#8221;1595428561217-8d16faed-9cda&#8221;][vc_custom_heading text=&#8221;PROFESIONES A BORDO&#8221; font_container=&#8221;tag:h3|text_align:left|color:%2339a0bd&#8221; use_theme_fonts=&#8221;yes&#8221; css=&#8221;.vc_custom_1595483461541{margin-bottom: 20px !important;margin-left: 5% !important;}&#8221;][vc_column_text]<\/p>\n<p style=\"text-align: justify;\"><span style=\"font-size: 18pt;\">We&#8217;re building a complete list with all the departments and professions on board. You will be able to choose the one that you identify with the most, learn the routine, experience needed, certifications required and of course, how much your salary will be! Check out our <a href=\"https:\/\/shiplife.org\/selection-process\/professions\/\">Professions<\/a> page.<br \/>\n<\/span>[\/vc_column_text][\/vc_tta_section][vc_tta_section title=&#8221;5. SU CURR\u00cdCULUM&#8221; tab_id=&#8221;1595428565598-7104b3ea-dbd0&#8243;][vc_custom_heading text=&#8221;SU CURR\u00cdCULUM&#8221; font_container=&#8221;tag:h3|text_align:left|color:%2339a0bd&#8221; use_theme_fonts=&#8221;yes&#8221; css=&#8221;.vc_custom_1595483517315{margin-bottom: 20px !important;margin-left: 5% !important;}&#8221;][vc_column_text]<\/p>\n<p style=\"text-align: justify;\"><span style=\"font-size: 18pt;\">Do you know the difference between a Curriculum Vitae and a Resume? Well, we will explain it to you and much more! Learn how small details make your resume shine out from the rest and even download free templates made by us! Check out on <a href=\"https:\/\/shiplife.org\/selection-process\/build-your-resume\/\">How to Build your Resume<\/a>.<br \/>\n<\/span>[\/vc_column_text][\/vc_tta_section][vc_tta_section title=&#8221;6. PROCESO DE SELECCI\u00d3N&#8221; tab_id=&#8221;1595428569550-2ed455ea-b7e8&#8243;][vc_custom_heading text=&#8221;EL PROCESO DE SELECCI\u00d3N&#8221; font_container=&#8221;tag:h3|text_align:left|color:%2339a0bd&#8221; use_theme_fonts=&#8221;yes&#8221; css=&#8221;.vc_custom_1595483559361{margin-bottom: 20px !important;margin-left: 5% !important;}&#8221;][vc_column_text]<\/p>\n<p style=\"text-align: justify;\"><span style=\"font-size: 18pt;\">On this page you will find all the previous mentioned topics and much more. Follow our step-by-step guide, study and learn everything you need to know about living and working on board cruises and yachts. After you read through the entire guide, you will be ready to explore other sections of our website. But first, check out <a href=\"https:\/\/shiplife.org\/selection-process\/\">how the Selection Process works<\/a>.<br \/>\n<\/span>[\/vc_column_text][\/vc_tta_section][\/vc_tta_tour][\/vc_column][\/vc_row][vc_row full_width=&#8221;stretch_row_content&#8221; css=&#8221;.vc_custom_1595459903925{padding-top: 40px !important;padding-bottom: 40px !important;background-color: #f4f4f4 !important;}&#8221;][vc_column css=&#8221;.vc_custom_1518761945348{padding-top: 0px !important;padding-bottom: 0px !important;}&#8221;][vc_custom_heading text=&#8221;\u00bfPOR QU\u00c9 TRABAJAR A BORDO?&#8221; font_container=&#8221;tag:h2|text_align:center&#8221; use_theme_fonts=&#8221;yes&#8221; css=&#8221;.vc_custom_1595483589906{margin-top: 0px !important;margin-bottom: 12px !important;}&#8221;][vc_row_inner equal_height=&#8221;yes&#8221; css=&#8221;.vc_custom_1595459942383{margin-right: 10% !important;margin-left: 10% !important;}&#8221;][vc_column_inner width=&#8221;2\/3&#8243;][vc_column_text css=&#8221;.vc_custom_1595458141273{margin-top: 0px !important;margin-right: 5% !important;margin-bottom: 0px !important;margin-left: 5% !important;}&#8221;]<\/p>\n<p style=\"text-align: justify;\"><span style=\"font-size: 14pt;\">Most of us do it because of the money. But there are also other benefits like: Not paying rent, not wasting money on bills, unlimited amount of food, water and juices, opportunity to travel the world (or at least it&#8217;s more popular destinations), learn or improve a foreign language and of course grow your skills and\/or learn a new profession on board. That&#8217;s why we use the hashtag <span style=\"color: #000000;\"><strong>#SHIPLIFE<\/strong><\/span> to share our common lifestyle!<\/span><\/p>\n<p>&nbsp;<\/p>\n<p style=\"text-align: justify;\"><span style=\"font-size: 14pt;\">We work together, we live together, we eat together, stress together and drink together (most of the nights), just to name a few other things crew members do besides working. <\/span><span style=\"font-size: 14pt;\">This website was created to help you, your family and friends to better understand how the process works and what kind of employment you should expect. The content displayed here is free, and it will always be.<br \/>\n<\/span><\/p>\n<p>[\/vc_column_text][\/vc_column_inner][vc_column_inner width=&#8221;1\/3&#8243; css=&#8221;.vc_custom_1595460071489{padding-top: 5% !important;}&#8221;][vc_raw_html]JTNDZGl2JTIwaWQlM0QlMjJmYi1yb290JTIyJTNFJTNDJTJGZGl2JTNFJTBBJTNDc2NyaXB0JTIwYXN5bmMlMjBkZWZlciUyMGNyb3Nzb3JpZ2luJTNEJTIyYW5vbnltb3VzJTIyJTIwc3JjJTNEJTIyaHR0cHMlM0ElMkYlMkZjb25uZWN0LmZhY2Vib29rLm5ldCUyRmVuX1VTJTJGc2RrLmpzJTIzeGZibWwlM0QxJTI2dmVyc2lvbiUzRHYzLjMlMjZhcHBJZCUzRDM1ODU5MzkxODIyNTM5NCUyNmF1dG9Mb2dBcHBFdmVudHMlM0QxJTIyJTNFJTNDJTJGc2NyaXB0JTNFJTBBJTBBJTNDZGl2JTIwY2xhc3MlM0QlMjJmYi1ncm91cCUyMiUyMGRhdGEtaHJlZiUzRCUyMmh0dHBzJTNBJTJGJTJGd3d3LmZhY2Vib29rLmNvbSUyRmdyb3VwcyUyRnNoaXBsaWZlLm9yZyUyRiUyMiUyMGRhdGEtd2lkdGglM0QlMjIzMDAlMjIlMjBkYXRhLXNob3ctc29jaWFsLWNvbnRleHQlM0QlMjJ0cnVlJTIyJTIwZGF0YS1zaG93LW1ldGFkYXRhJTNEJTIyZmFsc2UlMjIlM0UlM0MlMkZkaXYlM0U=[\/vc_raw_html][\/vc_column_inner][\/vc_row_inner][\/vc_column][\/vc_row][vc_row][vc_column][vc_custom_heading text=&#8221;UNA NOTA DE AGRADECIMIENTO&#8221; font_container=&#8221;tag:h1|text_align:center&#8221; use_theme_fonts=&#8221;yes&#8221; el_class=&#8221;font-weight-extrabold&#8221; css=&#8221;.vc_custom_1595483628499{margin-top: 0px !important;margin-bottom: 17px !important;}&#8221;][vc_row_inner gap=&#8221;30&#8243;][vc_column_inner width=&#8221;2\/3&#8243;][vc_custom_heading text=&#8221;NUESTRA RESPONSABILIDAD DENTRO DE LA COMUNIDAD&#8221; font_container=&#8221;tag:h4|text_align:left&#8221; use_theme_fonts=&#8221;yes&#8221; el_class=&#8221;font-weight-extrabold&#8221; css=&#8221;.vc_custom_1595483643083{margin-top: 0px !important;margin-bottom: 17px !important;}&#8221;][vc_column_text css=&#8221;.vc_custom_1595438071811{margin-top: 0px !important;margin-bottom: 25px !important;}&#8221;]<\/p>\n<p style=\"text-align: justify;\"><span style=\"font-size: 14pt;\">We&#8217;re here to provide free and accurate information about companies, ships and how the recruitment process works. We also provide new candidates and veterans exclusive contents with easy of access on how to send money home, save for the future or even change careers.<\/span><\/p>\n<p>&nbsp;<\/p>\n<p style=\"text-align: justify;\"><span style=\"font-size: 14pt;\">Every year we estimate that cruise companies all together perform over 150.000 interviews with new candidates, in an industry that is growing and growing while expecting better and improved candidates all the time. Most cruise lines hire all year long, so you do not have to wait till a certain time of the year to start your applications. Use this website in your favor, absorb all you can from it&#8217;s content and we wish you a very good luck in your journey.<\/span><\/p>\n<p>&nbsp;<\/p>\n<p style=\"text-align: justify;\"><span style=\"font-size: 14pt;\">But nonetheless, we would like to take this opportunity to thank you. Thanks for all the new and corrected content you send to us daily so we can keep providing our visitors with updated and accurate information. We really appreciate all the feedback, critics and suggestions because that is what drive us to keep working hard so we are able to keep and maintain this website online and for free.<\/span><\/p>\n<p>[\/vc_column_text][\/vc_column_inner][vc_column_inner width=&#8221;1\/3&#8243;][vc_single_image image=&#8221;8932&#8243; img_size=&#8221;full&#8221; alignment=&#8221;center&#8221; style=&#8221;vc_box_circle_2&#8243; css=&#8221;.vc_custom_1558400408096{margin-top: 0px !important;margin-bottom: -7px !important;}&#8221;][\/vc_column_inner][\/vc_row_inner][\/vc_column][\/vc_row]<\/p>\n","protected":false},"excerpt":{"rendered":"<p>[vc_row full_width=&#8221;stretch_row_content_no_spaces&#8221; equal_height=&#8221;yes&#8221;][vc_column][\/vc_column][\/vc_row][vc_row full_width=&#8221;stretch_row&#8221; gap=&#8221;10&#8243; css=&#8221;.vc_custom_1595458714763{background-image: url(https:\/\/shiplife.org\/2020\/wp-content\/uploads\/2020\/07\/Wallpaper-Awesome04.jpg?id=11340) !important;}&#8221;][vc_column width=&#8221;2\/3&#8243;][vc_column_text css=&#8221;.vc_custom_1595484182878{margin-top: 10px !important;}&#8221;] Bienvenido al portal m\u00e1s grande sobre trabajar y vivir a bordo de cruceros y yates del mundo. En este sitio web, aprender\u00e1 todo sobre #SHIPLIFE, desde las preguntas y requisitos m\u00e1s b\u00e1sicos hasta c\u00f3mo postularse, c\u00f3mo funciona el proceso de selecci\u00f3n, y tambi\u00e9n [&hellip;]<\/p>\n","protected":false},"author":1,"featured_media":0,"parent":0,"menu_order":0,"comment_status":"closed","ping_status":"closed","template":"","meta":{"footnotes":""},"yst_prominent_words":[1023,2443,2441,2436,2433,2440,2435,2432,2445,2444,2438,2434,2447,2439,2431,2446,2442,2437,334,2179,256],"class_list":["post-11343","page","type-page","status-publish","hentry"],"_links":{"self":[{"href":"https:\/\/shiplife.org\/2020\/wp-json\/wp\/v2\/pages\/11343","targetHints":{"allow":["GET"]}}],"collection":[{"href":"https:\/\/shiplife.org\/2020\/wp-json\/wp\/v2\/pages"}],"about":[{"href":"https:\/\/shiplife.org\/2020\/wp-json\/wp\/v2\/types\/page"}],"author":[{"embeddable":true,"href":"https:\/\/shiplife.org\/2020\/wp-json\/wp\/v2\/users\/1"}],"replies":[{"embeddable":true,"href":"https:\/\/shiplife.org\/2020\/wp-json\/wp\/v2\/comments?post=11343"}],"version-history":[{"count":9,"href":"https:\/\/shiplife.org\/2020\/wp-json\/wp\/v2\/pages\/11343\/revisions"}],"predecessor-version":[{"id":11354,"href":"https:\/\/shiplife.org\/2020\/wp-json\/wp\/v2\/pages\/11343\/revisions\/11354"}],"wp:attachment":[{"href":"https:\/\/shiplife.org\/2020\/wp-json\/wp\/v2\/media?parent=11343"}],"wp:term":[{"taxonomy":"yst_prominent_words","embeddable":true,"href":"https:\/\/shiplife.org\/2020\/wp-json\/wp\/v2\/yst_prominent_words?post=11343"}],"curies":[{"name":"wp","href":"https:\/\/api.w.org\/{rel}","templated":true}]}}