{"id":11667,"date":"2020-10-18T16:08:34","date_gmt":"2020-10-18T19:08:34","guid":{"rendered":"https:\/\/shiplife.org\/?page_id=11667"},"modified":"2020-10-18T16:08:34","modified_gmt":"2020-10-18T19:08:34","slug":"marlins-test","status":"publish","type":"page","link":"https:\/\/shiplife.org\/2020\/selection-process\/marlins-test\/?lang=es","title":{"rendered":"Marlins Test"},"content":{"rendered":"<p>[vc_row css=&#8221;.vc_custom_1558416778597{margin-top: 40px !important;}&#8221;][vc_column][vc_single_image image=&#8221;9024&#8243; img_size=&#8221;large&#8221; alignment=&#8221;center&#8221; onclick=&#8221;custom_link&#8221; img_link_target=&#8221;_blank&#8221; link=&#8221;https:\/\/www.marlinstests.com\/index.php&#8221;][vc_column_text]<\/p>\n<p style=\"text-align: justify;\"><span style=\"font-size: 14pt;\">La prueba de <a href=\"https:\/\/www.marlinstests.com\/index.php\">Marlin<\/a> es la prueba oficial de dominio del ingl\u00e9s para todas las l\u00edneas de cruceros del mundo, y deber\u00e1 realizar esta prueba si usted no es de un pa\u00eds de habla inglesa como Estados Unidos, Australia o Inglaterra. Antes de comenzar, aseg\u00farese de seleccionar la versi\u00f3n correcta de la prueba, <strong>Marlins English Language Test for Cruise Ship Staff<\/strong>. Otras versiones no son las correctas para cruceros, ni yates ni cruceros fluviales.<\/span><\/p>\n<p>&nbsp;<\/p>\n<p style=\"text-align: justify;\"><span style=\"font-size: 14pt;\">La prueba cuesta 20 d\u00f3lares y ninguna empresa la reembolsa. El candidato puede pagar con tarjeta de cr\u00e9dito o Paypal y luego de la confirmaci\u00f3n, se enviar\u00e1 una clave de acceso al correo electr\u00f3nico registrado. Adem\u00e1s, algunas agencias de tripulaci\u00f3n en India, Filipinas y Brasil ofrecen para que la prueba se realice en la agencia pagando en la moneda local.<\/span><\/p>\n<p>&nbsp;<\/p>\n<p style=\"text-align: justify;\"><span style=\"font-size: 14pt;\">Si no est\u00e1 seguro de qu\u00e9 esperar, <a href=\"https:\/\/www.marlinstests.com\/online_flash_test.php?tid=5\">puede hacer clic en este enlace<\/a> para ser redirigido a una vista previa de la prueba, que contiene 15 preguntas. La prueba normal tendr\u00e1 50 preguntas y debe completarse en menos de treinta minutos. (En una nota al margen, adem\u00e1s de tener una cuenta regresiva, no hay un l\u00edmite de tiempo real. Solo para hacerle saber que si pasa de esos 30 minutos, su puntaje comienza a bajar).<\/span><\/p>\n<p>&nbsp;<\/p>\n<p style=\"text-align: justify;\"><span style=\"font-size: 14pt;\">Para los puestos de la tripulaci\u00f3n de nivel que no est\u00e9 tan cerca del pasajero, es necesario lograr al menos 65% en el puntaje, mientras que para los puestos del personal que est\u00e1 directamente con hu\u00e9spedes, el puntaje debe ser superior al 85%. Y para los puestos de Servicios para hu\u00e9spedes, como Entretenimiento y T\u00e9cnico, debe alcanzar al menos el 95% (si no el 100%).<\/span><\/p>\n<p>[\/vc_column_text][\/vc_column][\/vc_row][vc_row][vc_column][vc_column_text css=&#8221;.vc_custom_1603048097289{border-top-width: 1px !important;border-right-width: 1px !important;border-bottom-width: 1px !important;border-left-width: 1px !important;padding-top: 20px !important;padding-right: 20px !important;padding-bottom: 20px !important;padding-left: 20px !important;background-color: #9dd4e8 !important;border-radius: 20px !important;}&#8221;]<\/p>\n<h3><span style=\"color: #ffffff;\">ALGUNOS CONSEJOS:<\/span><\/h3>\n<p>&nbsp;<\/p>\n<p style=\"text-align: justify;\"><span style=\"color: #000000;\">\u2192 <span style=\"font-size: 14pt;\">Utilice auriculares durante la prueba. Algunas preguntas requerir\u00e1n que escuche archivos de audio que simulan una conversaci\u00f3n entre un pasajero y un miembro de la tripulaci\u00f3n.<\/span><\/span><\/p>\n<p>&nbsp;<\/p>\n<p style=\"text-align: justify;\"><span style=\"font-size: 14pt; color: #000000;\"> \u2192 Escuche con atenci\u00f3n hasta el final de las oraciones de audio, ya que algunas preguntas, las respuestas correctas solo se pueden encontrar en los \u00faltimos segundos del audio.<\/span><\/p>\n<p>&nbsp;<\/p>\n<p style=\"text-align: justify;\"><span style=\"font-size: 14pt; color: #000000;\">\u2192 Utilice navegadores potentes como Mozilla Firefox y Google Chrome, ya que otros programas pueden congelarse durante la prueba y perder\u00e1 todo su progreso.<\/span><\/p>\n<p>&nbsp;<\/p>\n<p style=\"text-align: justify;\"><span style=\"font-size: 14pt; color: #000000;\">\u2192\u00a0 No USE SU TEL\u00c9FONO CELULAR \/ TABLETA, utilice una computadora real para la prueba. La versi\u00f3n m\u00f3vil de la prueba tiene errores, seg\u00fan lo informado por nuestros visitantes.<\/span><\/p>\n<p>[\/vc_column_text][\/vc_column][\/vc_row][vc_row][vc_column][vc_column_text css=&#8221;.vc_custom_1603047810499{margin-top: 40px !important;}&#8221;]<\/p>\n<h2>EJEMPLOS:<\/h2>\n<p>[\/vc_column_text][vc_row_inner][vc_column_inner][vc_gallery type=&#8221;nivo&#8221; interval=&#8221;3&#8243; images=&#8221;9027,9030,9033,9036&#8243; img_size=&#8221;large&#8221; onclick=&#8221;&#8221;][\/vc_column_inner][\/vc_row_inner][\/vc_column][\/vc_row]<\/p>\n","protected":false},"excerpt":{"rendered":"<p>[vc_row css=&#8221;.vc_custom_1558416778597{margin-top: 40px !important;}&#8221;][vc_column][vc_single_image image=&#8221;9024&#8243; img_size=&#8221;large&#8221; alignment=&#8221;center&#8221; onclick=&#8221;custom_link&#8221; img_link_target=&#8221;_blank&#8221; link=&#8221;https:\/\/www.marlinstests.com\/index.php&#8221;][vc_column_text] La prueba de Marlin es la prueba oficial de dominio del ingl\u00e9s para todas las l\u00edneas de cruceros del mundo, y deber\u00e1 realizar esta prueba si usted no es de un pa\u00eds de habla inglesa como Estados Unidos, Australia o Inglaterra. Antes de comenzar, aseg\u00farese [&hellip;]<\/p>\n","protected":false},"author":1,"featured_media":0,"parent":12125,"menu_order":0,"comment_status":"closed","ping_status":"closed","template":"","meta":{"footnotes":""},"yst_prominent_words":[2818,2825,2125,2203,2169,2813,2167,2823,2819,2176,2810,2173,2824,2816,2814,1148,2815,2812,2811,2817,1139],"class_list":["post-11667","page","type-page","status-publish","hentry"],"_links":{"self":[{"href":"https:\/\/shiplife.org\/2020\/wp-json\/wp\/v2\/pages\/11667","targetHints":{"allow":["GET"]}}],"collection":[{"href":"https:\/\/shiplife.org\/2020\/wp-json\/wp\/v2\/pages"}],"about":[{"href":"https:\/\/shiplife.org\/2020\/wp-json\/wp\/v2\/types\/page"}],"author":[{"embeddable":true,"href":"https:\/\/shiplife.org\/2020\/wp-json\/wp\/v2\/users\/1"}],"replies":[{"embeddable":true,"href":"https:\/\/shiplife.org\/2020\/wp-json\/wp\/v2\/comments?post=11667"}],"version-history":[{"count":2,"href":"https:\/\/shiplife.org\/2020\/wp-json\/wp\/v2\/pages\/11667\/revisions"}],"predecessor-version":[{"id":11669,"href":"https:\/\/shiplife.org\/2020\/wp-json\/wp\/v2\/pages\/11667\/revisions\/11669"}],"up":[{"embeddable":true,"href":"https:\/\/shiplife.org\/2020\/wp-json\/wp\/v2\/pages\/12125"}],"wp:attachment":[{"href":"https:\/\/shiplife.org\/2020\/wp-json\/wp\/v2\/media?parent=11667"}],"wp:term":[{"taxonomy":"yst_prominent_words","embeddable":true,"href":"https:\/\/shiplife.org\/2020\/wp-json\/wp\/v2\/yst_prominent_words?post=11667"}],"curies":[{"name":"wp","href":"https:\/\/api.w.org\/{rel}","templated":true}]}}